{"id":2126,"date":"2017-01-04T14:12:15","date_gmt":"2017-01-04T13:12:15","guid":{"rendered":"https:\/\/www.breastimplantsbymentor.ch\/?page_id=2126"},"modified":"2026-05-06T13:24:31","modified_gmt":"2026-05-06T11:24:31","slug":"acceuil","status":"publish","type":"page","link":"https:\/\/www.breastimplantsbymentor.ch\/fr\/","title":{"rendered":"Acceuil"},"content":{"rendered":"<div class=\"et_pb_section_0 et_pb_section et_section_regular et_block_section\">\n<div class=\"et_pb_row_0 et_pb_row et_block_row\">\n<div class=\"et_pb_column_0 et_pb_column et_pb_column_4_4 et-last-child et_block_column et_pb_css_mix_blend_mode_passthrough\">\n<div class=\"et_pb_image_0 et_pb_image et_pb_image_sticky et_pb_module et_block_module\"><span class=\"et_pb_image_wrap\"><img loading=\"lazy\" decoding=\"async\" src=\"https:\/\/www.breastimplantsbymentor.ch\/wp-content\/uploads\/2024\/01\/42-31-148_schweiz-png.png\" width=\"600\" height=\"600\" srcset=\"https:\/\/www.breastimplantsbymentor.ch\/wp-content\/uploads\/2024\/01\/42-31-148_schweiz-png.png 600w, https:\/\/www.breastimplantsbymentor.ch\/wp-content\/uploads\/2024\/01\/42-31-148_schweiz-png-480x480.png 480w\" sizes=\"(min-width: 0px) and (max-width: 480px) 480px, (min-width: 481px) 600px, 100vw\" class=\"wp-image-2363\" title=\"42-31-148_schweiz-png\" alt=\"MENTOR\u00ae Brustimplantate\" \/><\/span><\/div>\n\n<div class=\"et_pb_text_0 et_pb_text et_pb_bg_layout_light et_pb_module et_block_module preset--module--divi-text--default\"><div class=\"et_pb_text_inner\"><h1>Mentor. Behind All Breasts\u2122<\/h1>\n<p>Ose briller. Ose \u00eatre audacieux(se). <br \/>Ose \u00eatre toi-m\u00eame. Nous sommes enti\u00e8rement \u00e0 tes c\u00f4t\u00e9s.<\/p>\n<\/div><\/div>\n<\/div>\n<\/div>\n<\/div>\n\n<div class=\"et_pb_section_1 et_pb_section et_section_regular et_block_section\">\n<div class=\"et_pb_row_1 et_pb_row et_block_row\">\n<div class=\"et_pb_column_1 et_pb_column et_pb_column_4_4 et-last-child et_block_column et_pb_css_mix_blend_mode_passthrough\">\n<div class=\"et_pb_video_0 et_pb_video et_pb_module et_block_module\"><div class=\"et_pb_video_box\"><iframe loading=\"lazy\" title=\"Behind All Breasts\" width=\"1080\" height=\"608\" src=\"https:\/\/www.youtube-nocookie.com\/embed\/904r6hF2bWw?feature=oembed&modestbranding=1&rel=0&showinfo=0\"  allow=\"accelerometer; autoplay; clipboard-write; encrypted-media; gyroscope; picture-in-picture; web-share\" referrerpolicy=\"strict-origin-when-cross-origin\" allowfullscreen><\/iframe><\/div><\/div>\n\n<div class=\"et_pb_module et_pb_button_module_wrapper et_pb_button_0_wrapper\"><a class=\"et_pb_button_0 et_pb_button et_pb_bg_layout_light et_pb_module et_block_module\" href=\"https:\/\/youtu.be\/904r6hF2bWw?si=s7uB6Kc7qJwsR5le\" target=\"_blank\" data-icon=\"\uf061\">Voir la vid\u00e9o sur Youtube<\/a><\/div>\n<\/div>\n<\/div>\n\n<div class=\"et_pb_row_2 et_pb_row et_block_row\">\n<div class=\"et_pb_column_2 et_pb_column et_pb_column_4_4 et-last-child et_block_column et_pb_css_mix_blend_mode_passthrough\">\n<div class=\"et_pb_text_1 et_pb_text et_pb_bg_layout_light et_pb_module et_block_module preset--module--divi-text--default\"><div class=\"et_pb_text_inner\"><p>Infos sur la protection des donn\u00e9es : nous utilisons la fonction No-Cookies de YouTube, c'est-\u00e0-dire que nous avons activ\u00e9 la protection \u00e9tendue des donn\u00e9es, les vid\u00e9os ne sont pas appel\u00e9es via youtube.com, mais via youtube-nocookie.com. Nous souhaitons attirer votre attention sur le fait que lors de la lecture des vid\u00e9os, des donn\u00e9es sont transmises au fournisseur concern\u00e9.<\/p>\n<\/div><\/div>\n<\/div>\n<\/div>\n<\/div>\n\n<div class=\"et_pb_section_2 et_pb_section et_section_regular et_block_section\">\n<div class=\"et_pb_row_3 et_pb_row et_pb_equal_columns et_pb_gutters2 et_block_row\">\n<div class=\"et_pb_column_3 et_pb_column et_pb_column_1_2 et_block_column et_pb_css_mix_blend_mode_passthrough\">\n<div class=\"et_pb_image_1 et_pb_image et_pb_module et_block_module\"><span class=\"et_pb_image_wrap\"><img loading=\"lazy\" decoding=\"async\" src=\"https:\/\/www.breastimplantsbymentor.ch\/wp-content\/uploads\/2025\/08\/breastimplantsbymentor-fr-1.webp\" width=\"1313\" height=\"1050\" srcset=\"https:\/\/www.breastimplantsbymentor.ch\/wp-content\/uploads\/2025\/08\/breastimplantsbymentor-fr-1.webp 1313w, https:\/\/www.breastimplantsbymentor.ch\/wp-content\/uploads\/2025\/08\/breastimplantsbymentor-fr-1-1280x1024.webp 1280w, https:\/\/www.breastimplantsbymentor.ch\/wp-content\/uploads\/2025\/08\/breastimplantsbymentor-fr-1-980x784.webp 980w, https:\/\/www.breastimplantsbymentor.ch\/wp-content\/uploads\/2025\/08\/breastimplantsbymentor-fr-1-480x384.webp 480w\" sizes=\"(min-width: 0px) and (max-width: 480px) 480px, (min-width: 481px) and (max-width: 980px) 980px, (min-width: 981px) and (max-width: 1280px) 1280px, (min-width: 1281px) 1313px, 100vw\" class=\"wp-image-9779\" title=\"MENTOR\u00ae Brustimplantate\" alt=\"MENTOR\u00ae Brustimplantate\" \/><\/span><\/div>\n<\/div>\n\n<div class=\"et_pb_column_4 et_pb_column et_pb_column_1_2 et-last-child et_block_column et_pb_css_mix_blend_mode_passthrough\">\n<div class=\"et_pb_text_2 et_pb_text et_pb_bg_layout_light et_pb_module et_block_module preset--module--divi-text--default\"><div class=\"et_pb_text_inner\"><div class=\"content-card-title-wrapper\">\n<div class=\"field field--name-jnjmdc-content-card-title field--type-text-long field--label-hidden field--item\">\n<h2>Renseignez-vous sur l\u2019augmentation mammaire<\/h2>\n<p>Vous m\u00e9ritez d\u2019avoir confiance en chaque d\u00e9cision concernant votre corps. Nous avons r\u00e9ponse \u00e0 vos questions sur les implants mammaires, l\u2019intervention, la dur\u00e9e, les co\u00fbts et la gu\u00e9rison.<\/p>\n<\/div>\n<\/div>\n<\/div><\/div>\n\n<div class=\"et_pb_module et_pb_button_module_wrapper et_pb_button_1_wrapper\"><a class=\"et_pb_button_1 et_pb_button et_pb_bg_layout_light et_pb_module et_block_module\" href=\"\/fr\/augmentation-mammaire\/\" data-icon=\"\uf061\">Obtenez r\u00e9ponse \u00e0 vos questions<\/a><\/div>\n<\/div>\n<\/div>\n<\/div>\n\n<div class=\"et_pb_section_3 et_pb_section et_section_regular et_block_section\">\n<div class=\"et_pb_row_4 et_pb_row et_pb_equal_columns et_pb_gutters2 et_block_row\">\n<div class=\"et_pb_column_5 et_pb_column et_pb_column_1_2 et_block_column et_pb_css_mix_blend_mode_passthrough\">\n<div class=\"et_pb_text_3 et_pb_text et_pb_bg_layout_light et_pb_module et_block_module preset--module--divi-text--default\"><div class=\"et_pb_text_inner\"><div class=\"content-card-title-wrapper\">\n<div class=\"field field--name-jnjmdc-content-card-title field--type-text-long field--label-hidden field--item\">\n<h2>Renseignez-vous sur la reconstruction mammaire<\/h2>\n<p>Le parcours n\u2019est pas facile. MENTOR<sup>\u00ae<\/sup><span>\u00a0<\/span>veut vous aider \u00e0 comprendre vos choix et options en mati\u00e8re d\u2019intervention pour que vous puissiez prendre une d\u00e9cision \u00e9clair\u00e9e, de concert avec votre chirurgien.<\/p>\n<\/div>\n<\/div>\n<\/div><\/div>\n\n<div class=\"et_pb_module et_pb_button_module_wrapper et_pb_button_2_wrapper\"><a class=\"et_pb_button_2 et_pb_button et_pb_bg_layout_light et_pb_module et_block_module\" href=\"\/fr\/reconstruction-mammaire\/\" data-icon=\"\uf061\">Obtenez r\u00e9ponse \u00e0 vos questions<\/a><\/div>\n<\/div>\n\n<div class=\"et_pb_column_6 et_pb_column et_pb_column_1_2 et-last-child et_block_column et_pb_css_mix_blend_mode_passthrough\">\n<div class=\"et_pb_image_2 et_pb_image et_pb_module et_block_module\"><span class=\"et_pb_image_wrap\"><img loading=\"lazy\" decoding=\"async\" src=\"https:\/\/www.breastimplantsbymentor.ch\/wp-content\/uploads\/2025\/08\/breastimplantsbymentor-fr-2.jpg\" width=\"1313\" height=\"1050\" srcset=\"https:\/\/www.breastimplantsbymentor.ch\/wp-content\/uploads\/2025\/08\/breastimplantsbymentor-fr-2.jpg 1313w, https:\/\/www.breastimplantsbymentor.ch\/wp-content\/uploads\/2025\/08\/breastimplantsbymentor-fr-2-1280x1024.jpg 1280w, https:\/\/www.breastimplantsbymentor.ch\/wp-content\/uploads\/2025\/08\/breastimplantsbymentor-fr-2-980x784.jpg 980w, https:\/\/www.breastimplantsbymentor.ch\/wp-content\/uploads\/2025\/08\/breastimplantsbymentor-fr-2-480x384.jpg 480w\" sizes=\"(min-width: 0px) and (max-width: 480px) 480px, (min-width: 481px) and (max-width: 980px) 980px, (min-width: 981px) and (max-width: 1280px) 1280px, (min-width: 1281px) 1313px, 100vw\" class=\"wp-image-9781\" title=\"MENTOR\u00ae Brustimplantate\" alt=\"MENTOR\u00ae Brustimplantate\" \/><\/span><\/div>\n<\/div>\n<\/div>\n<\/div>\n\n<div class=\"et_pb_section_4 et_pb_section et_section_regular et_block_section\">\n<div class=\"et_pb_row_5 et_pb_row et_block_row\">\n<div class=\"et_pb_column_7 et_pb_column et_pb_column_1_2 et_block_column et_pb_column_empty et_pb_css_mix_blend_mode_passthrough\"><\/div>\n\n<div class=\"et_pb_column_8 et_pb_column et_pb_column_1_2 et-last-child et_block_column et_pb_css_mix_blend_mode_passthrough\">\n<div class=\"et_pb_text_4 et_pb_text et_pb_bg_layout_light et_pb_module et_block_module preset--module--divi-text--default\"><div class=\"et_pb_text_inner\"><h2>Pourquoi choisir les implants mammaires MENTOR<sup>\u00ae<\/sup>?<\/h2>\n<p>MENTOR<sup>\u00ae<\/sup><span>\u00a0<\/span>croit que les femmes m\u00e9ritent la tranquillit\u00e9 d\u2019esprit et le s\u00e9rieux qui vont de pair avec la garantie la meilleure et la plus compl\u00e8te de l\u2019industrie. Le programme de garantie Mentor t\u00e9moigne de notre engagement envers la s\u00e9curit\u00e9, la qualit\u00e9, la fiabilit\u00e9 et un design de haute qualit\u00e9.<\/p>\n<\/div><\/div>\n\n<div class=\"et_pb_module et_pb_button_module_wrapper et_pb_button_3_wrapper\"><a class=\"et_pb_button_3 et_pb_button et_pb_bg_layout_light et_pb_module et_block_module\" href=\"https:\/\/www.calistamedical.ch\/fr\/produkt\/mentor\/\" target=\"_blank\">En savoir plus au sujet de MENTOR!<\/a><\/div>\n<\/div>\n<\/div>\n<\/div>\n\n<div class=\"et_pb_section_5 et_pb_section et_section_regular et_block_section\">\n<div class=\"et_pb_row_6 et_pb_row et_block_row\">\n<div class=\"et_pb_column_9 et_pb_column et_pb_column_1_2 et_block_column et_pb_column_empty et_pb_css_mix_blend_mode_passthrough\"><\/div>\n\n<div class=\"et_pb_column_10 et_pb_column et_pb_column_1_2 et-last-child et_block_column et_pb_css_mix_blend_mode_passthrough\">\n<div class=\"et_pb_text_5 et_pb_text et_pb_bg_layout_light et_pb_module et_block_module preset--module--divi-text--default\"><div class=\"et_pb_text_inner\"><h2>Pourquoi choisir les implants mammaires MENTOR<sup>\u00ae<\/sup>?<\/h2>\n<p>MENTOR<sup>\u00ae<\/sup><span>\u00a0<\/span>croit que les femmes m\u00e9ritent la tranquillit\u00e9 d\u2019esprit et le s\u00e9rieux qui vont de pair avec la garantie la meilleure et la plus compl\u00e8te de l\u2019industrie. Le programme de garantie Mentor t\u00e9moigne de notre engagement envers la s\u00e9curit\u00e9, la qualit\u00e9, la fiabilit\u00e9 et un design de haute qualit\u00e9.<\/p>\n<\/div><\/div>\n\n<div class=\"et_pb_module et_pb_button_module_wrapper et_pb_button_4_wrapper\"><a class=\"et_pb_button_4 et_pb_button et_pb_bg_layout_light et_pb_module et_block_module\" href=\"https:\/\/www.calistamedical.ch\/fr\/produkt\/mentor\/\" target=\"_blank\">En savoir plus au sujet de MENTOR!<\/a><\/div>\n<\/div>\n<\/div>\n<\/div>\n\n<div class=\"et_pb_section_6 et_pb_section et_section_regular et_block_section\">\n<div class=\"et_pb_row_7 et_pb_row et_block_row\">\n<div class=\"et_pb_column_11 et_pb_column et_pb_column_4_4 et-last-child et_block_column et_pb_css_mix_blend_mode_passthrough\">\n<div class=\"et_pb_text_6 et_pb_text et_pb_bg_layout_light et_pb_module et_block_module et_pb_text_align_center preset--module--divi-text--default\"><div class=\"et_pb_text_inner\"><h2>Trouvez le produit MENTOR<sup>\u00ae<\/sup><span>\u00a0<\/span>qui vous convient<\/h2>\n<\/div><\/div>\n<\/div>\n<\/div>\n\n<div class=\"et_pb_row_8 et_pb_row et_pb_equal_columns et_block_row\">\n<div class=\"et_pb_column_12 et_pb_column et_pb_column_1_3 et_block_column et_pb_css_mix_blend_mode_passthrough\">\n<div class=\"et_pb_image_3 et_pb_image et_pb_module et_block_module\"><span class=\"et_pb_image_wrap\"><img loading=\"lazy\" decoding=\"async\" src=\"https:\/\/www.breastimplantsbymentor.ch\/wp-content\/uploads\/2023\/08\/breastimplantsbymentor-3.png\" width=\"280\" height=\"200\" srcset=\"https:\/\/www.breastimplantsbymentor.ch\/wp-content\/uploads\/2023\/08\/breastimplantsbymentor-3.png 280w\" sizes=\"(max-width: 280px) 100vw, 280px\" class=\"wp-image-215\" title=\"MENTOR\u00ae Brustimplantate\" alt=\"MENTOR\u00ae Brustimplantate\" \/><\/span><\/div>\n\n<div class=\"et_pb_text_7 et_pb_text et_pb_bg_layout_light et_pb_module et_block_module et_pb_text_align_center preset--module--divi-text--default\"><div class=\"et_pb_text_inner\"><h3>Implants mammaires MENTOR<sup>\u00ae<\/sup><span>\u00a0<\/span>en gel MemoryGel<sup>MC<\/sup><\/h3>\n<p>La texture douce et naturelle que recherchent les femmes, gr\u00e2ce \u00e0 notre gel coh\u00e9sif exclusif. Offerts dans une vaste gamme de tailles et de profils.<\/p>\n<\/div><\/div>\n\n<div class=\"et_pb_module et_pb_button_module_wrapper et_pb_button_5_wrapper\"><a class=\"et_pb_button_5 et_pb_button et_pb_bg_layout_light et_pb_module et_block_module\" href=\"\/fr\/nos-produits\/implants-mammaires-mentor-en-gel-memorygelmc\/\" data-icon=\"\uf061\">En savoir plus <\/a><\/div>\n<\/div>\n\n<div class=\"et_pb_column_13 et_pb_column et_pb_column_1_3 et_block_column et_pb_css_mix_blend_mode_passthrough\">\n<div class=\"et_pb_image_4 et_pb_image et_pb_module et_block_module\"><span class=\"et_pb_image_wrap\"><img loading=\"lazy\" decoding=\"async\" src=\"https:\/\/www.breastimplantsbymentor.ch\/wp-content\/uploads\/2023\/08\/breastimplantsbymentor-5.png\" width=\"280\" height=\"200\" srcset=\"https:\/\/www.breastimplantsbymentor.ch\/wp-content\/uploads\/2023\/08\/breastimplantsbymentor-5.png 280w\" sizes=\"(max-width: 280px) 100vw, 280px\" class=\"wp-image-218\" title=\"MENTOR\u00ae Brustimplantate\" alt=\"MENTOR\u00ae Brustimplantate\" \/><\/span><\/div>\n\n<div class=\"et_pb_text_8 et_pb_text et_pb_bg_layout_light et_pb_module et_block_module et_pb_text_align_center preset--module--divi-text--default\"><div class=\"et_pb_text_inner\"><h3>Proth\u00e8ses d\u2019expansion MENTOR<sup>\u00ae<\/sup><\/h3>\n<p>Utilis\u00e9es pour la reconstruction mammaire, les proth\u00e8ses d\u2019expansion dilatent la partie inf\u00e9rieure du sein, de sorte que la loge ainsi cr\u00e9\u00e9e puisse recevoir un implant.<\/p>\n<\/div><\/div>\n\n<div class=\"et_pb_module et_pb_button_module_wrapper et_pb_button_6_wrapper\"><a class=\"et_pb_button_6 et_pb_button et_pb_bg_layout_light et_pb_module et_block_module\" href=\"\/fr\/nos-produits\/protheses-dexpansion-mentor\/\" data-icon=\"\uf061\">En savoir plus <\/a><\/div>\n<\/div>\n\n<div class=\"et_pb_column_14 et_pb_column et_pb_column_1_3 et-last-child et_block_column et_pb_css_mix_blend_mode_passthrough\">\n<div class=\"et_pb_image_5 et_pb_image et_pb_module et_block_module\"><span class=\"et_pb_image_wrap\"><img loading=\"lazy\" decoding=\"async\" src=\"https:\/\/www.breastimplantsbymentor.ch\/wp-content\/uploads\/2023\/08\/breastimplantsbymentor-6.png\" width=\"280\" height=\"200\" srcset=\"https:\/\/www.breastimplantsbymentor.ch\/wp-content\/uploads\/2023\/08\/breastimplantsbymentor-6.png 280w\" sizes=\"(max-width: 280px) 100vw, 280px\" class=\"wp-image-219\" title=\"MENTOR\u00ae Brustimplantate\" alt=\"MENTOR\u00ae Brustimplantate\" \/><\/span><\/div>\n\n<div class=\"et_pb_text_9 et_pb_text et_pb_bg_layout_light et_pb_module et_block_module et_pb_text_align_center preset--module--divi-text--default\"><div class=\"et_pb_text_inner\"><h3>Implants mammaires MENTOR<sup>\u00ae<\/sup><span>\u00a0<\/span>Contour Profile Gel<sup>MC<\/sup><span>\u00a0<\/span>(CPG<sup>MC<\/sup>)<\/h3>\n<p>Projection, performance et tranquillit\u00e9 d\u2019esprit. Leur design profil\u00e9 en forme de larme vous aide \u00e0 obtenir l\u2019apparence d\u00e9sir\u00e9e, avec des r\u00e9sultats durables.<\/p>\n<\/div><\/div>\n\n<div class=\"et_pb_module et_pb_button_module_wrapper et_pb_button_7_wrapper\"><a class=\"et_pb_button_7 et_pb_button et_pb_bg_layout_light et_pb_module et_block_module\" href=\"\/fr\/nos-produits\/protheses-mammaires-mentor-en-gel-contour-profile-gel-cpg\/\" data-icon=\"\uf061\">En savoir plus <\/a><\/div>\n<\/div>\n<\/div>\n<\/div>\n\n<div class=\"et_pb_section_7 et_pb_section et_section_regular et_block_section\">\n<div class=\"et_pb_row_9 et_pb_row et_block_row\">\n<div class=\"et_pb_column_15 et_pb_column et_pb_column_4_4 et-last-child et_block_column et_pb_css_mix_blend_mode_passthrough\">\n<div class=\"et_pb_text_10 et_pb_text et_pb_bg_layout_light et_pb_module et_block_module preset--module--divi-text--default\"><div class=\"et_pb_text_inner\"><p><strong>RENSEIGNEMENTS IMPORTANTS SUR L\u2019INNOCUIT\u00c9:<\/strong><\/p>\n<p>Les implants mammaires MENTOR<sup>\u00ae<span>\u00a0<\/span><\/sup>MemoryGel<sup>MC<\/sup><span>\u00a0<\/span>et MENTOR<sup>\u00ae<span>\u00a0<\/span><\/sup>remplis de solution saline sont indiqu\u00e9s pour l\u2019augmentation mammaire chez les femmes de 22 ans et plus dans le cas des implants MemoryGel<sup>MC<\/sup>, et de 18 ans et plus dans le cas des implants remplis de solution saline, ou pour la reconstruction mammaire. Les implants mammaires et proth\u00e8ses d\u2019expansion MENTOR<sup>\u00ae<\/sup><span>\u00a0<\/span>MemoryGel<sup>MC<\/sup><span>\u00a0<\/span>SILTEX<sup>MC<\/sup><span>\u00a0<\/span>BECKER<sup>MC<\/sup><span>\u00a0<\/span>sont indiqu\u00e9s pour la reconstruction mammaire. Les interventions d\u2019implantation mammaire sont contre-indiqu\u00e9es chez les femmes pr\u00e9sentant une infection active, quel qu\u2019en soit le si\u00e8ge, chez les femmes atteintes d\u2019un cancer du sein av\u00e9r\u00e9 ou d\u2019un \u00e9tat pr\u00e9canc\u00e9reux du sein et qui n\u2019ont pas re\u00e7u de traitement ad\u00e9quat, et chez les femmes enceintes ou qui allaitent.<\/p>\n<p>Les implants mammaires ne sont pas consid\u00e9r\u00e9s comme des produits \u00e0 vie, et d\u2019autres interventions chirurgicales au niveau des seins et\/ou d\u2019autres implants pourraient \u00eatre n\u00e9cessaires au cours de la vie.<\/p>\n<p>Les complications les plus fr\u00e9quentes associ\u00e9es aux interventions d\u2019augmentation et de reconstruction mammaires avec les implants MemoryGel<sup>MC<\/sup><span>\u00a0<\/span>incluent une nouvelle intervention, la contracture capsulaire, la douleur mammaire, le retrait de l\u2019implant avec ou sans remplacement, et la ptose. La rupture est une autre complication possible, mais son risque est plus faible. Les cons\u00e9quences pour la sant\u00e9 de la rupture d\u2019un implant mammaire rempli de gel de silicone n\u2019ont pas \u00e9t\u00e9 pleinement \u00e9tablies. On recommande un d\u00e9pistage par IRM trois ans apr\u00e8s la pose initiale des implants, puis tous les deux ans par la suite, pour d\u00e9celer une rupture silencieuse.<\/p>\n<p>Les complications les plus fr\u00e9quentes associ\u00e9es aux implants mammaires et proth\u00e8ses d\u2019expansion MENTOR<sup>\u00ae<\/sup><span>\u00a0<\/span>MemoryGel<sup>MC<\/sup><span>\u00a0<\/span>SILTEX<sup>MC<\/sup><span>\u00a0<\/span>BECKER<sup>MC<\/sup><span>\u00a0<\/span>concordent avec les types de complications associ\u00e9es aux autres implants mammaires remplis de gel qui ont \u00e9t\u00e9 observ\u00e9es dans les \u00e9tudes.<\/p>\n<p>Les complications les plus fr\u00e9quentes associ\u00e9es aux implants mammaires MENTOR<sup>\u00ae<\/sup><span>\u00a0<\/span>remplis de solution saline incluent une nouvelle intervention, le retrait des implants, la contracture capsulaire, la douleur mammaire, la formation de plis et le d\u00e9gonflement.<\/p>\n<p>Les patientes devant recevoir des implants MemoryGel<sup>MC<\/sup><span>\u00a0<\/span>doivent recevoir un exemplaire du document<span>\u00a0<\/span><i class=\"\">Information importante pour les femmes envisageant une augmentation mammaire au moyen des implants mammaires MENTOR<sup>\u00ae<\/sup><span>\u00a0<\/span>MemoryGel<sup>MC<\/sup><\/i>\u2009ou<span>\u00a0<\/span><i class=\"\">Information importante pour les femmes envisageant une reconstruction mammaire au moyen des implants mammaires MENTOR<sup>\u00ae<\/sup><span>\u00a0<\/span>MemoryGel<sup>MC<\/sup><\/i>. Les patientes devant recevoir des implants mammaires\/proth\u00e8ses d\u2019expansion MemoryGel<sup>MC<\/sup><span>\u00a0<\/span>BECKER<sup>MC<\/sup><span>\u00a0<\/span>doivent recevoir un exemplaire du document<i class=\"\">\u2009Information importante pour les femmes envisageant une reconstruction mammaire au moyen des implants mammaires\/proth\u00e8ses d\u2019expansion MENTOR<sup>\u00ae<\/sup><\/i>MemoryGel<sup>MC<\/sup><i class=\"\">BECKER<\/i><sup>MC<\/sup>. Les patientes devant recevoir des implants MENTOR<sup>\u00ae<\/sup><span>\u00a0<\/span>remplis de solution saline doivent recevoir un exemplaire de la brochure<span>\u00a0<\/span><i class=\"\">Implants mammaires remplis de solution saline\u2009: Prendre une d\u00e9cision \u00e9clair\u00e9e<\/i>.<\/p>\n<p>Elles doivent avoir lu et compris l\u2019information concernant les risques et les bienfaits associ\u00e9s aux implants mammaires et doivent pouvoir consulter un chirurgien plasticien avant de prendre une d\u00e9cision relative \u00e0 l\u2019intervention chirurgicale.<\/p>\n<p>Les proth\u00e8ses d\u2019expansion CONTOUR PROFILE<sup>MC<\/sup><span>\u00a0<\/span>(CPX4<sup>MC<\/sup>) sont utilis\u00e9es durant les interventions de reconstruction mammaire apr\u00e8s une mastectomie, de correction d\u2019un sein sous-d\u00e9velopp\u00e9, de r\u00e9vision de cicatrice et de d\u00e9faut tissulaire. Les proth\u00e8ses d\u2019expansion sont destin\u00e9es \u00e0 l\u2019implantation sous-cutan\u00e9e ou r\u00e9tromusculaire temporaire et ne doivent pas demeurer en place pendant plus de six mois. Ne pas utiliser les proth\u00e8ses d\u2019expansion CONTOUR PROFILE<sup>MC<\/sup><span>\u00a0<\/span>(CPX4<sup>MC<\/sup>) chez les patientes qui pourraient n\u00e9cessiter une IRM. Le dispositif pourrait bouger lors d\u2019une IRM, causant de la douleur ou un d\u00e9placement, ce qui pourrait n\u00e9cessiter une intervention de r\u00e9vision. Il a \u00e9t\u00e9 d\u00e9montr\u00e9 que la fr\u00e9quence de l\u2019extrusion de la proth\u00e8se augmente lorsque celle-ci est implant\u00e9e dans des zones o\u00f9 des l\u00e9sions sont pr\u00e9sentes.<\/p>\n<p>Pour obtenir les indications, contre-indications, mises en garde et pr\u00e9cautions d\u00e9taill\u00e9es associ\u00e9es \u00e0 l\u2019emploi de tous les dispositifs d\u2019implantation MENTOR<sup>\u00ae<\/sup>, y compris les implants MENTOR<sup>\u00ae<\/sup><span>\u00a0<\/span>remplis de solution saline, les implants MemoryGel<sup>MC<\/sup>, Les implants mammaires\/proth\u00e8ses d\u2019expansion MemoryGel<sup>MC<\/sup><span>\u00a0<\/span>BECKER<sup>MC<\/sup><span>\u00a0<\/span>et les proth\u00e8ses d\u2019expansion CONTOUR PROFILE<sup>MC<\/sup><span>\u00a0<\/span>(CPX4<sup>MC<\/sup>), consulter la notice fournie avec chaque produit ou visiter le<span>\u00a0<\/span><a href=\"https:\/\/www.jnjmedicaldevices.com\/en-CA\/mentor\" class=\"ext\" data-extlink=\"\" target=\"_blank\" rel=\"noopener noreferrer\" role=\"button\">https:\/\/www.jnjmedicaldevices.com\/en-CA\/mentor<\/a><\/p>\n<\/div><\/div>\n<\/div>\n<\/div>\n<\/div>","protected":false},"excerpt":{"rendered":"","protected":false},"author":1,"featured_media":0,"parent":0,"menu_order":0,"comment_status":"closed","ping_status":"open","template":"","meta":{"inline_featured_image":false,"footnotes":""},"class_list":["post-2126","page","type-page","status-publish","hentry"],"_links":{"self":[{"href":"https:\/\/www.breastimplantsbymentor.ch\/fr\/wp-json\/wp\/v2\/pages\/2126","targetHints":{"allow":["GET"]}}],"collection":[{"href":"https:\/\/www.breastimplantsbymentor.ch\/fr\/wp-json\/wp\/v2\/pages"}],"about":[{"href":"https:\/\/www.breastimplantsbymentor.ch\/fr\/wp-json\/wp\/v2\/types\/page"}],"author":[{"embeddable":true,"href":"https:\/\/www.breastimplantsbymentor.ch\/fr\/wp-json\/wp\/v2\/users\/1"}],"replies":[{"embeddable":true,"href":"https:\/\/www.breastimplantsbymentor.ch\/fr\/wp-json\/wp\/v2\/comments?post=2126"}],"version-history":[{"count":26,"href":"https:\/\/www.breastimplantsbymentor.ch\/fr\/wp-json\/wp\/v2\/pages\/2126\/revisions"}],"predecessor-version":[{"id":9920,"href":"https:\/\/www.breastimplantsbymentor.ch\/fr\/wp-json\/wp\/v2\/pages\/2126\/revisions\/9920"}],"wp:attachment":[{"href":"https:\/\/www.breastimplantsbymentor.ch\/fr\/wp-json\/wp\/v2\/media?parent=2126"}],"curies":[{"name":"wp","href":"https:\/\/api.w.org\/{rel}","templated":true}]}}