{"id":2157,"date":"2023-08-09T07:44:35","date_gmt":"2023-08-09T05:44:35","guid":{"rendered":"https:\/\/www.breastimplantsbymentor.ch\/?page_id=2157"},"modified":"2026-03-10T13:31:58","modified_gmt":"2026-03-10T12:31:58","slug":"reconstruction-mammaire","status":"publish","type":"page","link":"https:\/\/www.breastimplantsbymentor.ch\/fr\/reconstruction-mammaire\/","title":{"rendered":"Reconstruction mammaire"},"content":{"rendered":"\n<div class=\"et_pb_section_0 et_pb_section et_section_regular et_block_section\"><div class=\"et_pb_row_0 et_pb_row et_block_row\"><div class=\"et_pb_column_0 et_pb_column et_pb_column_4_4 et-last-child et_block_column et_pb_css_mix_blend_mode_passthrough\"><div class=\"et_pb_text_0 et_pb_text et_pb_bg_layout_light et_pb_module et_block_module preset--module--divi-text--default\"><div class=\"et_pb_text_inner\" data-et-mv-hidden-tablet=\"true\" data-et-mv-hidden-phone=\"true\"><h1>Reprenez le contr\u00f4le<\/h1>\n<\/div><\/div><\/div><\/div><div class=\"et_pb_row_1 et_pb_row et_block_row\"><div class=\"et_pb_column_1 et_pb_column et_pb_column_4_4 et-last-child et_block_column et_pb_css_mix_blend_mode_passthrough\"><div class=\"et_pb_image_0 et_pb_image et_pb_module et_block_module\"><span class=\"et_pb_image_wrap\"><img loading=\"lazy\" decoding=\"async\" src=\"https:\/\/www.breastimplantsbymentor.ch\/wp-content\/uploads\/2025\/08\/leeres-headerbild.png\" width=\"1839\" height=\"689\" srcset=\"https:\/\/www.breastimplantsbymentor.ch\/wp-content\/uploads\/2025\/08\/leeres-headerbild.png 1839w, https:\/\/www.breastimplantsbymentor.ch\/wp-content\/uploads\/2025\/08\/leeres-headerbild-1280x480.png 1280w, https:\/\/www.breastimplantsbymentor.ch\/wp-content\/uploads\/2025\/08\/leeres-headerbild-980x367.png 980w, https:\/\/www.breastimplantsbymentor.ch\/wp-content\/uploads\/2025\/08\/leeres-headerbild-480x180.png 480w\" sizes=\"(min-width: 0px) and (max-width: 480px) 480px, (min-width: 481px) and (max-width: 980px) 980px, (min-width: 981px) and (max-width: 1280px) 1280px, (min-width: 1281px) 1839px, 100vw\" class=\"wp-image-9588\" title=\"leeres-headerbild\" alt=\"MENTOR\u00ae Brustimplantate\" \/><\/span><\/div><div class=\"et_pb_image_1 et_pb_image et_pb_module et_block_module\"><span class=\"et_pb_image_wrap\"><img loading=\"lazy\" decoding=\"async\" src=\"https:\/\/www.breastimplantsbymentor.ch\/wp-content\/uploads\/2025\/08\/mentor-banner-2.webp\" width=\"975\" height=\"500\" srcset=\"https:\/\/www.breastimplantsbymentor.ch\/wp-content\/uploads\/2025\/08\/mentor-banner-2.webp 975w, https:\/\/www.breastimplantsbymentor.ch\/wp-content\/uploads\/2025\/08\/mentor-banner-2-480x246.webp 480w\" sizes=\"(min-width: 0px) and (max-width: 480px) 480px, (min-width: 481px) 975px, 100vw\" class=\"wp-image-9597\" title=\"MENTOR\u00ae Brustimplantate\" alt=\"MENTOR\u00ae Brustimplantate\" \/><\/span><\/div><\/div><\/div><\/div><div class=\"et_pb_section_1 et_pb_section et_section_regular et_block_section\"><div class=\"et_pb_row_2 et_pb_row et_pb_gutters1 et_block_row\"><div class=\"et_pb_column_2 et_pb_column et_pb_column_1_3 et_block_column et_pb_css_mix_blend_mode_passthrough\"><div class=\"et_pb_module et_pb_button_module_wrapper et_pb_button_0_wrapper\"><a class=\"et_pb_button_0 et_pb_button et_pb_bg_layout_light et_pb_module et_block_module\" href=\"\">Survol <\/a><\/div><\/div><div class=\"et_pb_column_3 et_pb_column et_pb_column_1_3 et_block_column et_pb_css_mix_blend_mode_passthrough\"><div class=\"et_pb_module et_pb_button_module_wrapper et_pb_button_1_wrapper\"><a class=\"et_pb_button_1 et_pb_button et_pb_bg_layout_light et_pb_module et_block_module\" href=\"\/fr\/reconstruction-mammaire\/reconstruction-mammaire-immediate\/\">Reconstruction mammaire imm\u00e9diate<\/a><\/div><\/div><div class=\"et_pb_column_4 et_pb_column et_pb_column_1_3 et-last-child et_block_column et_pb_css_mix_blend_mode_passthrough\"><div class=\"et_pb_module et_pb_button_module_wrapper et_pb_button_2_wrapper\"><a class=\"et_pb_button_2 et_pb_button et_pb_bg_layout_light et_pb_module et_block_module\" href=\"\/fr\/reconstruction-mammaire\/reconstruction-mammaire-differee\/\">Reconstruction mammaire diff\u00e9r\u00e9e<\/a><\/div><\/div><\/div><\/div><div class=\"et_pb_section_2 et_pb_section et_section_regular et_block_section\"><div class=\"et_pb_row_3 et_pb_row et_pb_equal_columns et_pb_gutters2 et_block_row\"><div class=\"et_pb_column_5 et_pb_column et_pb_column_1_2 et_block_column et_pb_css_mix_blend_mode_passthrough\"><div class=\"et_pb_text_1 et_pb_text et_pb_bg_layout_light et_pb_module et_block_module preset--module--divi-text--default\"><div class=\"et_pb_text_inner\"><h2>Est-ce que je devrais subir une reconstruction?<\/h2>\n<p>La reconstruction mammaire restaure la forme et la texture du sein \u00e0 la suite d\u2019une mastectomie. Des milliers de femmes optent pour la reconstruction \u00e0 la suite d\u2019un cancer du sein, mais la d\u00e9cision est propre \u00e0 chaque femme.<\/p>\n<p>Certaines femmes choisissent la reconstruction pour des raisons pratiques comme la fa\u00e7on dont les v\u00eatements leur vont ou une aversion aux proth\u00e8ses mammaires externes. Pour d'autres, le choix de la reconstruction mammaire est centr\u00e9 sur l\u2019assurance, la sexualit\u00e9 et l'image corporelle. Chez MENTOR<sup>\u00ae<\/sup>, nous comprenons que votre parcours est unique et personnel et nous voulons que vous vous soyez s\u00fbre de vous. Pour ce faire, nous vous offrons des outils pour vous aider dans votre processus de prise de d\u00e9cision.<\/p>\n<\/div><\/div><\/div><div class=\"et_pb_column_6 et_pb_column et_pb_column_1_2 et-last-child et_block_column et_pb_css_mix_blend_mode_passthrough\"><div class=\"et_pb_image_2 et_pb_image et_pb_module et_block_module\"><span class=\"et_pb_image_wrap\"><img loading=\"lazy\" decoding=\"async\" src=\"https:\/\/www.breastimplantsbymentor.ch\/wp-content\/uploads\/2025\/08\/breastimplantsbymentor-fr-8.jpg\" width=\"1313\" height=\"1050\" srcset=\"https:\/\/www.breastimplantsbymentor.ch\/wp-content\/uploads\/2025\/08\/breastimplantsbymentor-fr-8.jpg 1313w, https:\/\/www.breastimplantsbymentor.ch\/wp-content\/uploads\/2025\/08\/breastimplantsbymentor-fr-8-1280x1024.jpg 1280w, https:\/\/www.breastimplantsbymentor.ch\/wp-content\/uploads\/2025\/08\/breastimplantsbymentor-fr-8-980x784.jpg 980w, https:\/\/www.breastimplantsbymentor.ch\/wp-content\/uploads\/2025\/08\/breastimplantsbymentor-fr-8-480x384.jpg 480w\" sizes=\"(min-width: 0px) and (max-width: 480px) 480px, (min-width: 481px) and (max-width: 980px) 980px, (min-width: 981px) and (max-width: 1280px) 1280px, (min-width: 1281px) 1313px, 100vw\" class=\"wp-image-9804\" title=\"MENTOR\u00ae Brustimplantate\" alt=\"MENTOR\u00ae Brustimplantate\" \/><\/span><\/div><\/div><\/div><\/div><div class=\"et_pb_section_3 et_pb_section et_section_regular et_block_section\"><div class=\"et_pb_row_4 et_pb_row et_block_row\"><div class=\"et_pb_column_7 et_pb_column et_pb_column_4_4 et-last-child et_block_column et_pb_css_mix_blend_mode_passthrough\"><div class=\"et_pb_text_2 et_pb_text et_pb_bg_layout_light et_pb_module et_block_module et_pb_text_align_center preset--module--divi-text--default\"><div class=\"et_pb_text_inner\"><h2>Quelles sont mes options?<\/h2>\n<p>La reconstruction mammaire est souvent effectu\u00e9e par \u00e9tapes (plus d'une intervention), et elle peut commencer au moment de la mastectomie ou \u00eatre report\u00e9e \u00e0 une date ult\u00e9rieure. Plusieurs facteurs jouent un r\u00f4le dans le type d\u2019intervention choisie et la d\u00e9termination du moment o\u00f9 elle se fera, dont le type de mastectomie, vos traitements anticanc\u00e9reux et votre type de silhouette.<\/p>\n<\/div><\/div><\/div><\/div><div class=\"et_pb_row_5 et_pb_row et_pb_equal_columns et_block_row\"><div class=\"et_pb_column_8 et_pb_column et_pb_column_1_2 et_block_column et_pb_css_mix_blend_mode_passthrough\"><div class=\"et_pb_text_3 et_pb_text et_pb_bg_layout_light et_clickable et_pb_module et_block_module preset--module--divi-text--default\"><div class=\"et_pb_text_inner\"><h4>Reconstruction mammaire imm\u00e9diate<\/h4>\n<p style=\"margin-bottom: 20px;\">La reconstruction mammaire imm\u00e9diate (RMI) d\u00e9bute lors de la mastectomie. Apr\u00e8s que le chirurgien g\u00e9n\u00e9raliste aura retir\u00e9 votre tissu mammaire, le chirurgien plasticien amorcera la reconstruction. En g\u00e9n\u00e9ral, la RMI est offerte aux femmes atteintes d\u2019un cancer du sein au stade pr\u00e9coce, qui ne n\u00e9cessite pas de traitement additionnel (p. ex., chimioth\u00e9rapie et radioth\u00e9rapie).<\/p>\n<h5>AVANTAGES<\/h5>\n<ul>\n<li>\u00c9limine une intervention et raccourcit la dur\u00e9e d\u2019hospitalisation<\/li>\n<li>Peut vous aider \u00e0 vous sentir plus s\u00fbre de vous apr\u00e8s la mastectomie, en sachant que vous \u00eates d\u00e9j\u00e0 en voie d\u2019obtenir les r\u00e9sultats d\u00e9sir\u00e9s.<\/li>\n<\/ul>\n<h5 class=\"h4\">D\u00c9SAVANTAGES<\/h5>\n<ul>\n<li>La dur\u00e9e de l\u2019intervention et de la convalescence peut \u00eatre prolong\u00e9e<\/li>\n<li>Le risque de complications apr\u00e8s l\u2019intervention peut \u00eatre accru si d\u2019autres traitements sont combin\u00e9s avec la reconstruction (discutez avec votre chirurgien de ce qui serait le mieux pour vous)<\/li>\n<\/ul>\n<ul><\/ul>\n<\/div><\/div><\/div><div class=\"et_pb_column_9 et_pb_column et_pb_column_1_2 et-last-child et_block_column et_pb_css_mix_blend_mode_passthrough\"><div class=\"et_pb_text_4 et_pb_text et_pb_bg_layout_light et_clickable et_pb_module et_block_module preset--module--divi-text--default\"><div class=\"et_pb_text_inner\"><h4>Reconstruction mammaire diff\u00e9r\u00e9e<\/h4>\n<p>Votre intervention de reconstruction est pr\u00e9vue apr\u00e8s votre mastectomie. Le temps qui s\u00e9pare les interventions chirurgicales d\u00e9pend de votre situation particuli\u00e8re.<\/p>\n<p>&nbsp;<\/p>\n<h5>AVANTAGES<\/h5>\n<ul>\n<li>Permet \u00e0 votre \u00e9quipe m\u00e9dicale de proc\u00e9der rapidement \u00e0 d'autres traitements contre le cancer<\/li>\n<li>Minimise la pression, car cela vous donne plus de temps pour r\u00e9fl\u00e9chir \u00e0 vos options<\/li>\n<\/ul>\n<h5>D\u00c9SAVANTAGES<\/h5>\n<ul>\n<li>N\u00e9cessite une intervention et\/ou une hospitalisation additionnelle<\/li>\n<li>Les cicatrices de la mastectomie pourraient compliquer la reconstruction<\/li>\n<\/ul>\n<\/div><\/div><\/div><\/div><div class=\"et_pb_row_6 et_pb_row et_block_row\"><div class=\"et_pb_column_10 et_pb_column et_pb_column_4_4 et-last-child et_block_column et_pb_css_mix_blend_mode_passthrough\"><div class=\"et_pb_text_5 et_pb_text et_pb_bg_layout_light et_pb_module et_block_module et_pb_text_align_center preset--module--divi-text--default\"><div class=\"et_pb_text_inner\"><p><strong><a href=\"https:\/\/www.breastimplantsbymentor.ch\/fr\/garantie\/\" title=\"MENTOR\u00ae s\u2019engage \u00e0 assurer l\u2019innocuit\u00e9 de ses produits. D\u00e9couvrez comment.\">MENTOR\u00ae s\u2019engage \u00e0 assurer l\u2019innocuit\u00e9 de ses produits. D\u00e9couvrez comment.<\/a><\/strong><\/p>\n<\/div><\/div><\/div><\/div><\/div><div class=\"et_pb_section_4 et_pb_section et_section_regular et_block_section\"><div class=\"et_pb_row_7 et_pb_row et_block_row\"><div class=\"et_pb_column_11 et_pb_column et_pb_column_4_4 et-last-child et_block_column et_pb_css_mix_blend_mode_passthrough\"><div class=\"et_pb_text_6 et_pb_text et_pb_bg_layout_light et_pb_module et_block_module preset--module--divi-text--default\"><div class=\"et_pb_text_inner\"><p><strong>RENSEIGNEMENTS IMPORTANTS SUR L\u2019INNOCUIT\u00c9:<\/strong><\/p>\n<p>Les implants mammaires MENTOR<sup>\u00ae<span>\u00a0<\/span><\/sup>MemoryGel<sup>MC<\/sup><span>\u00a0<\/span>et MENTOR<sup>\u00ae<span>\u00a0<\/span><\/sup>remplis de solution saline sont indiqu\u00e9s pour l\u2019augmentation mammaire chez les femmes de 22 ans et plus dans le cas des implants MemoryGel<sup>MC<\/sup>, et de 18 ans et plus dans le cas des implants remplis de solution saline, ou pour la reconstruction mammaire. Les implants mammaires et proth\u00e8ses d\u2019expansion MENTOR<sup>\u00ae<\/sup><span>\u00a0<\/span>MemoryGel<sup>MC<\/sup><span>\u00a0<\/span>SILTEX<sup>MC<\/sup><span>\u00a0<\/span>BECKER<sup>MC<\/sup><span>\u00a0<\/span>sont indiqu\u00e9s pour la reconstruction mammaire. Les interventions d\u2019implantation mammaire sont contre-indiqu\u00e9es chez les femmes pr\u00e9sentant une infection active, quel qu\u2019en soit le si\u00e8ge, chez les femmes atteintes d\u2019un cancer du sein av\u00e9r\u00e9 ou d\u2019un \u00e9tat pr\u00e9canc\u00e9reux du sein et qui n\u2019ont pas re\u00e7u de traitement ad\u00e9quat, et chez les femmes enceintes ou qui allaitent.<\/p>\n<p>Les implants mammaires ne sont pas consid\u00e9r\u00e9s comme des produits \u00e0 vie, et d\u2019autres interventions chirurgicales au niveau des seins et\/ou d\u2019autres implants pourraient \u00eatre n\u00e9cessaires au cours de la vie.<\/p>\n<p>Les complications les plus fr\u00e9quentes associ\u00e9es aux interventions d\u2019augmentation et de reconstruction mammaires avec les implants MemoryGel<sup>MC<\/sup><span>\u00a0<\/span>incluent une nouvelle intervention, la contracture capsulaire, la douleur mammaire, le retrait de l\u2019implant avec ou sans remplacement, et la ptose. La rupture est une autre complication possible, mais son risque est plus faible. Les cons\u00e9quences pour la sant\u00e9 de la rupture d\u2019un implant mammaire rempli de gel de silicone n\u2019ont pas \u00e9t\u00e9 pleinement \u00e9tablies. On recommande un d\u00e9pistage par IRM trois ans apr\u00e8s la pose initiale des implants, puis tous les deux ans par la suite, pour d\u00e9celer une rupture silencieuse.<\/p>\n<p>Les complications les plus fr\u00e9quentes associ\u00e9es aux implants mammaires et proth\u00e8ses d\u2019expansion MENTOR<sup>\u00ae<\/sup><span>\u00a0<\/span>MemoryGel<sup>MC<\/sup><span>\u00a0<\/span>SILTEX<sup>MC<\/sup><span>\u00a0<\/span>BECKER<sup>MC<\/sup><span>\u00a0<\/span>concordent avec les types de complications associ\u00e9es aux autres implants mammaires remplis de gel qui ont \u00e9t\u00e9 observ\u00e9es dans les \u00e9tudes.<\/p>\n<p>Les complications les plus fr\u00e9quentes associ\u00e9es aux implants mammaires MENTOR<sup>\u00ae<\/sup><span>\u00a0<\/span>remplis de solution saline incluent une nouvelle intervention, le retrait des implants, la contracture capsulaire, la douleur mammaire, la formation de plis et le d\u00e9gonflement.<\/p>\n<p>Les patientes devant recevoir des implants MemoryGel<sup>MC<\/sup><span>\u00a0<\/span>doivent recevoir un exemplaire du document<span>\u00a0<\/span><i>Information importante pour les femmes envisageant une augmentation mammaire au moyen des implants mammaires MENTOR<sup>\u00ae<\/sup><span>\u00a0<\/span>MemoryGel<sup>MC<\/sup><\/i>\u2009ou<span>\u00a0<\/span><i>Information importante pour les femmes envisageant une reconstruction mammaire au moyen des implants mammaires MENTOR<sup>\u00ae<\/sup><span>\u00a0<\/span>MemoryGel<sup>MC<\/sup><\/i>. Les patientes devant recevoir des implants mammaires\/proth\u00e8ses d\u2019expansion MemoryGel<sup>MC<\/sup><span>\u00a0<\/span>BECKER<sup>MC<\/sup><span>\u00a0<\/span>doivent recevoir un exemplaire du document<i>\u2009Information importante pour les femmes envisageant une reconstruction mammaire au moyen des implants mammaires\/proth\u00e8ses d\u2019expansion MENTOR<sup>\u00ae<\/sup><\/i>MemoryGel<sup>MC<\/sup><i>BECKER<\/i><sup>MC<\/sup>. Les patientes devant recevoir des implants MENTOR<sup>\u00ae<\/sup><span>\u00a0<\/span>remplis de solution saline doivent recevoir un exemplaire de la brochure<span>\u00a0<\/span><i>Implants mammaires remplis de solution saline\u2009: Prendre une d\u00e9cision \u00e9clair\u00e9e<\/i>.<\/p>\n<p>Elles doivent avoir lu et compris l\u2019information concernant les risques et les bienfaits associ\u00e9s aux implants mammaires et doivent pouvoir consulter un chirurgien plasticien avant de prendre une d\u00e9cision relative \u00e0 l\u2019intervention chirurgicale.<\/p>\n<p>Les proth\u00e8ses d\u2019expansion CONTOUR PROFILE<sup>MC<\/sup><span>\u00a0<\/span>(CPX4<sup>MC<\/sup>) sont utilis\u00e9es durant les interventions de reconstruction mammaire apr\u00e8s une mastectomie, de correction d\u2019un sein sous-d\u00e9velopp\u00e9, de r\u00e9vision de cicatrice et de d\u00e9faut tissulaire. Les proth\u00e8ses d\u2019expansion sont destin\u00e9es \u00e0 l\u2019implantation sous-cutan\u00e9e ou r\u00e9tromusculaire temporaire et ne doivent pas demeurer en place pendant plus de six mois. Ne pas utiliser les proth\u00e8ses d\u2019expansion CONTOUR PROFILE<sup>MC<\/sup><span>\u00a0<\/span>(CPX4<sup>MC<\/sup>) chez les patientes qui pourraient n\u00e9cessiter une IRM. Le dispositif pourrait bouger lors d\u2019une IRM, causant de la douleur ou un d\u00e9placement, ce qui pourrait n\u00e9cessiter une intervention de r\u00e9vision. Il a \u00e9t\u00e9 d\u00e9montr\u00e9 que la fr\u00e9quence de l\u2019extrusion de la proth\u00e8se augmente lorsque celle-ci est implant\u00e9e dans des zones o\u00f9 des l\u00e9sions sont pr\u00e9sentes.<\/p>\n<p>Pour obtenir les indications, contre-indications, mises en garde et pr\u00e9cautions d\u00e9taill\u00e9es associ\u00e9es \u00e0 l\u2019emploi de tous les dispositifs d\u2019implantation MENTOR<sup>\u00ae<\/sup>, y compris les implants MENTOR<sup>\u00ae<\/sup><span>\u00a0<\/span>remplis de solution saline, les implants MemoryGel<sup>MC<\/sup>, Les implants mammaires\/proth\u00e8ses d\u2019expansion MemoryGel<sup>MC<\/sup><span>\u00a0<\/span>BECKER<sup>MC<\/sup><span>\u00a0<\/span>et les proth\u00e8ses d\u2019expansion CONTOUR PROFILE<sup>MC<\/sup><span>\u00a0<\/span>(CPX4<sup>MC<\/sup>), consulter la notice fournie avec chaque produit ou visiter le<span>\u00a0<\/span><a href=\"https:\/\/www.jnjmedicaldevices.com\/en-CA\/mentor\" class=\"ext\" data-extlink=\"\" target=\"_blank\" rel=\"noopener noreferrer\" role=\"button\">https:\/\/www.jnjmedicaldevices.com\/en-CA\/mentor<\/a><\/p>\n<\/div><\/div><\/div><\/div><\/div>\n","protected":false},"excerpt":{"rendered":"","protected":false},"author":1,"featured_media":0,"parent":0,"menu_order":0,"comment_status":"closed","ping_status":"closed","template":"","meta":{"inline_featured_image":false,"footnotes":""},"class_list":["post-2157","page","type-page","status-publish","hentry"],"_links":{"self":[{"href":"https:\/\/www.breastimplantsbymentor.ch\/fr\/wp-json\/wp\/v2\/pages\/2157","targetHints":{"allow":["GET"]}}],"collection":[{"href":"https:\/\/www.breastimplantsbymentor.ch\/fr\/wp-json\/wp\/v2\/pages"}],"about":[{"href":"https:\/\/www.breastimplantsbymentor.ch\/fr\/wp-json\/wp\/v2\/types\/page"}],"author":[{"embeddable":true,"href":"https:\/\/www.breastimplantsbymentor.ch\/fr\/wp-json\/wp\/v2\/users\/1"}],"replies":[{"embeddable":true,"href":"https:\/\/www.breastimplantsbymentor.ch\/fr\/wp-json\/wp\/v2\/comments?post=2157"}],"version-history":[{"count":15,"href":"https:\/\/www.breastimplantsbymentor.ch\/fr\/wp-json\/wp\/v2\/pages\/2157\/revisions"}],"predecessor-version":[{"id":9872,"href":"https:\/\/www.breastimplantsbymentor.ch\/fr\/wp-json\/wp\/v2\/pages\/2157\/revisions\/9872"}],"wp:attachment":[{"href":"https:\/\/www.breastimplantsbymentor.ch\/fr\/wp-json\/wp\/v2\/media?parent=2157"}],"curies":[{"name":"wp","href":"https:\/\/api.w.org\/{rel}","templated":true}]}}