{"id":2199,"date":"2023-08-09T10:15:24","date_gmt":"2023-08-09T08:15:24","guid":{"rendered":"https:\/\/www.breastimplantsbymentor.ch\/?page_id=2199"},"modified":"2026-03-10T13:32:03","modified_gmt":"2026-03-10T12:32:03","slug":"nos-produits","status":"publish","type":"page","link":"https:\/\/www.breastimplantsbymentor.ch\/fr\/nos-produits\/","title":{"rendered":"Nos produits"},"content":{"rendered":"\n<div class=\"et_pb_section_0 et_pb_section et_section_regular et_block_section\"><div class=\"et_pb_row_0 et_pb_row et_block_row\"><div class=\"et_pb_column_0 et_pb_column et_pb_column_4_4 et-last-child et_block_column et_pb_css_mix_blend_mode_passthrough\"><div class=\"et_pb_text_0 et_pb_text et_pb_bg_layout_light et_pb_module et_block_module preset--module--divi-text--default\"><div class=\"et_pb_text_inner\" data-et-mv-hidden-tablet=\"true\" data-et-mv-hidden-phone=\"true\"><h1>Quel implant mammaire devrais-je choisir?<\/h1>\n<p>L\u2019apparence, la texture et votre propre parcours ont une grande influence sur votre choix d\u2019implant. Comparons les options qui s\u2019offrent \u00e0 vous.<\/p>\n<\/div><\/div><\/div><\/div><div class=\"et_pb_row_1 et_pb_row et_block_row\"><div class=\"et_pb_column_1 et_pb_column et_pb_column_4_4 et-last-child et_block_column et_pb_css_mix_blend_mode_passthrough\"><div class=\"et_pb_image_0 et_pb_image et_pb_module et_block_module\"><span class=\"et_pb_image_wrap\"><img loading=\"lazy\" decoding=\"async\" src=\"https:\/\/www.breastimplantsbymentor.ch\/wp-content\/uploads\/2025\/08\/leeres-headerbild.png\" width=\"1839\" height=\"689\" srcset=\"https:\/\/www.breastimplantsbymentor.ch\/wp-content\/uploads\/2025\/08\/leeres-headerbild.png 1839w, https:\/\/www.breastimplantsbymentor.ch\/wp-content\/uploads\/2025\/08\/leeres-headerbild-1280x480.png 1280w, https:\/\/www.breastimplantsbymentor.ch\/wp-content\/uploads\/2025\/08\/leeres-headerbild-980x367.png 980w, https:\/\/www.breastimplantsbymentor.ch\/wp-content\/uploads\/2025\/08\/leeres-headerbild-480x180.png 480w\" sizes=\"(min-width: 0px) and (max-width: 480px) 480px, (min-width: 481px) and (max-width: 980px) 980px, (min-width: 981px) and (max-width: 1280px) 1280px, (min-width: 1281px) 1839px, 100vw\" class=\"wp-image-9588\" title=\"leeres-headerbild\" alt=\"MENTOR\u00ae Brustimplantate\" \/><\/span><\/div><div class=\"et_pb_image_1 et_pb_image et_pb_module et_block_module\"><span class=\"et_pb_image_wrap\"><img loading=\"lazy\" decoding=\"async\" src=\"https:\/\/www.breastimplantsbymentor.ch\/wp-content\/uploads\/2025\/08\/mentor-banner-2.webp\" width=\"975\" height=\"500\" srcset=\"https:\/\/www.breastimplantsbymentor.ch\/wp-content\/uploads\/2025\/08\/mentor-banner-2.webp 975w, https:\/\/www.breastimplantsbymentor.ch\/wp-content\/uploads\/2025\/08\/mentor-banner-2-480x246.webp 480w\" sizes=\"(min-width: 0px) and (max-width: 480px) 480px, (min-width: 481px) 975px, 100vw\" class=\"wp-image-9597\" title=\"MENTOR\u00ae Brustimplantate\" alt=\"MENTOR\u00ae Brustimplantate\" \/><\/span><\/div><\/div><\/div><\/div><div class=\"et_pb_section_1 et_pb_section et_section_regular et_block_section\"><div class=\"et_pb_row_2 et_pb_row et_pb_gutters1 et_block_row\"><div class=\"et_pb_column_2 et_pb_column et_pb_column_1_2 et_block_column et_pb_css_mix_blend_mode_passthrough\"><div class=\"et_pb_module et_pb_button_module_wrapper et_pb_button_0_wrapper\"><a class=\"et_pb_button_0 et_pb_button et_pb_bg_layout_light et_pb_module et_block_module\" href=\"\">Implants mammaires MENTOR<\/a><\/div><\/div><div class=\"et_pb_column_3 et_pb_column et_pb_column_1_2 et-last-child et_block_column et_pb_css_mix_blend_mode_passthrough\"><div class=\"et_pb_module et_pb_button_module_wrapper et_pb_button_1_wrapper\"><a class=\"et_pb_button_1 et_pb_button et_pb_bg_layout_light et_pb_module et_block_module\" href=\"\/fr\/nos-produits\/protheses-dexpansion-mentor\/\"> Proth\u00e8ses d\u2019expansion MENTOR<\/a><\/div><\/div><\/div><\/div><div class=\"et_pb_section_2 et_pb_section et_section_regular et_block_section\"><div class=\"et_pb_row_3 et_pb_row et_block_row\"><div class=\"et_pb_column_4 et_pb_column et_pb_column_1_2 et_block_column et_pb_css_mix_blend_mode_passthrough\"><div class=\"et_pb_image_2 et_pb_image et_pb_module et_block_module\"><span class=\"et_pb_image_wrap\"><img loading=\"lazy\" decoding=\"async\" src=\"https:\/\/www.breastimplantsbymentor.ch\/wp-content\/uploads\/2023\/08\/breastimplantsbymentor-3.png\" width=\"280\" height=\"200\" srcset=\"https:\/\/www.breastimplantsbymentor.ch\/wp-content\/uploads\/2023\/08\/breastimplantsbymentor-3.png 280w\" sizes=\"(max-width: 280px) 100vw, 280px\" class=\"wp-image-215\" title=\"MENTOR\u00ae Brustimplantate\" alt=\"MENTOR\u00ae Brustimplantate\" \/><\/span><\/div><div class=\"et_pb_text_1 et_pb_text et_pb_bg_layout_light et_pb_module et_block_module et_pb_text_align_center preset--module--divi-text--default\"><div class=\"et_pb_text_inner\"><h3>Implants mammaires MENTOR<sup>\u00ae<\/sup><span>\u00a0<\/span>en gel MemoryGel<sup>MC<\/sup><\/h3>\n<h5 class=\"h5 text-align-center\">SENSATION SOUPLE ET NATURELLE<\/h5>\n<p>Les implants mammaires MENTOR<sup>\u00ae<\/sup><span>\u00a0<\/span>en gel MemoryGel<sup>MC<\/sup>, choisis par des millions de femmes, offrent diff\u00e9rentes options de projection, de pl\u00e9nitude et de fermet\u00e9, et leur gel coh\u00e9sif exclusif cr\u00e9e une sensation souple et naturelle<sup>*1<\/sup>.<\/p>\n<\/div><\/div><div class=\"et_pb_module et_pb_button_module_wrapper et_pb_button_2_wrapper\"><a class=\"et_pb_button_2 et_pb_button et_pb_bg_layout_light et_pb_module et_block_module\" href=\"\/fr\/nos-produits\/implants-mammaires-en-gel-memorygelmc-xtra\/\" data-icon=\"\uf061\">En savoir plus <\/a><\/div><\/div><div class=\"et_pb_column_5 et_pb_column et_pb_column_1_2 et-last-child et_block_column et_pb_css_mix_blend_mode_passthrough\"><div class=\"et_pb_image_3 et_pb_image et_pb_module et_block_module\"><span class=\"et_pb_image_wrap\"><img loading=\"lazy\" decoding=\"async\" src=\"https:\/\/www.breastimplantsbymentor.ch\/wp-content\/uploads\/2023\/08\/breastimplantsbymentor-6.png\" width=\"280\" height=\"200\" srcset=\"https:\/\/www.breastimplantsbymentor.ch\/wp-content\/uploads\/2023\/08\/breastimplantsbymentor-6.png 280w\" sizes=\"(max-width: 280px) 100vw, 280px\" class=\"wp-image-219\" title=\"MENTOR\u00ae Brustimplantate\" alt=\"MENTOR\u00ae Brustimplantate\" \/><\/span><\/div><div class=\"et_pb_text_2 et_pb_text et_pb_bg_layout_light et_pb_module et_block_module et_pb_text_align_center preset--module--divi-text--default\"><div class=\"et_pb_text_inner\"><h3>Implants mammaires MENTOR<sup>\u00ae<\/sup> en gel Contour Profile Gel<sup>MC<\/sup>(CPG<sup>MC<\/sup>)<\/h3>\n<h5 >R\u00c9SULTATS DURABLES<\/h5>\n<p >Les implants profil\u00e9s MENTOR<sup>\u00ae<\/sup><span>\u00a0<\/span>en gel CPG<sup>MC<\/sup>, dot\u00e9s de la plus grande projection sur le march\u00e9, vous aident \u00e0 obtenir des seins d\u2019apparence jeune, de la forme d\u00e9sir\u00e9e<sup>\u20202-4<\/sup>.<\/p>\n<\/div><\/div><div class=\"et_pb_module et_pb_button_module_wrapper et_pb_button_3_wrapper\"><a class=\"et_pb_button_3 et_pb_button et_pb_bg_layout_light et_pb_module et_block_module\" href=\"\/fr\/nos-produits\/protheses-mammaires-mentor-en-gel-contour-profile-gel-cpg\/\" data-icon=\"\uf061\">En savoir plus <\/a><\/div><\/div><\/div><\/div><div class=\"et_pb_section_3 et_pb_section et_section_regular et_block_section\"><div class=\"et_pb_row_4 et_pb_row et_block_row\"><div class=\"et_pb_column_6 et_pb_column et_pb_column_4_4 et-last-child et_block_column et_pb_css_mix_blend_mode_passthrough\"><div class=\"et_pb_text_3 et_pb_text et_pb_bg_layout_light et_pb_module et_block_module et_pb_text_align_center preset--module--divi-text--default\"><div class=\"et_pb_text_inner\"><h2>Comparez les avantages du gel de silicone et de la solution saline<\/h2>\n<\/div><\/div><div class=\"et_pb_text_4 et_pb_text et_pb_bg_layout_light et_pb_module et_block_module tabelle preset--module--divi-text--default\"><div class=\"et_pb_text_inner\"><table border=\"1\" style=\"border-collapse: collapse; width: 100%; height: 623px; text-align: center;\">\n<tbody>\n<tr style=\"height: 48px; background-color: white;\">\n<td style=\"width: 33.3333%; height: 48px;\"><strong>Implants mammaires MENTOR<sup>\u00ae<\/sup>\u00a0en gel MemoryGel<sup>MC<\/sup><\/strong><\/td>\n<td style=\"width: 33.3333%; height: 48px;\"><strong>Implants mammaires MENTOR<sup>\u00ae<\/sup>\u00a0en gel CPG<sup>MC<\/sup><\/strong><\/td>\n<td style=\"width: 33.3333%; height: 48px;\"><strong>Implants mammaires MENTOR<sup>\u00ae<\/sup>\u00a0remplis de solution saline<\/strong><\/td>\n<\/tr>\n<tr style=\"height: 24px;\">\n<td style=\"width: 99.9999%; text-align: center; height: 24px;\" colspan=\"3\">\n<h6><span>APPROUV\u00c9S PAR SANT\u00c9 CANADA<\/span><\/h6>\n<\/td>\n<\/tr>\n<tr style=\"height: 19px; background-color: white;\">\n<td style=\"width: 33.3333%; height: 19px;\"><img loading=\"lazy\" decoding=\"async\" src=\"https:\/\/www.breastimplantsbymentor.ch\/wp-content\/uploads\/2023\/08\/icon-check_0.png\" width=\"20\" height=\"20\" alt=\"\" class=\"wp-image-2205 alignnone size-full\" \/><\/td>\n<td style=\"width: 33.3333%; height: 19px;\"><img loading=\"lazy\" decoding=\"async\" src=\"https:\/\/www.breastimplantsbymentor.ch\/wp-content\/uploads\/2023\/08\/icon-check_0.png\" width=\"20\" height=\"20\" alt=\"\" class=\"wp-image-2205 alignnone size-full\" \/><\/td>\n<td style=\"width: 33.3333%; height: 19px;\"><img loading=\"lazy\" decoding=\"async\" src=\"https:\/\/www.breastimplantsbymentor.ch\/wp-content\/uploads\/2023\/08\/icon-check_0.png\" width=\"20\" height=\"20\" alt=\"\" class=\"wp-image-2205 alignnone size-full\" \/><\/td>\n<\/tr>\n<tr style=\"height: 10px;\">\n<td style=\"width: 99.9999%; height: 10px; text-align: center;\" colspan=\"3\">\n<h6>REMPLISSAGE DE L\u2019IMPLANT<\/h6>\n<\/td>\n<\/tr>\n<tr style=\"height: 110px; background-color: white;\">\n<td style=\"width: 33.3333%; height: 110px;\">\n<p class=\"text-align-center\">Gel coh\u00e9sif exclusif qui se tient uniform\u00e9ment pour offrir une apparence et une texture naturelles<\/p>\n<\/td>\n<td style=\"width: 33.3333%; height: 110px;\">\n<p class=\"text-align-center\"><span>Gel tr\u00e8s coh\u00e9sif exclusif, qui conserve sa forme et offre une sensation naturelle.<\/span><\/p>\n<\/td>\n<td style=\"width: 33.3333%; height: 110px;\">\n<p class=\"text-align-center\"><span>Remplis d\u2019une solution d\u2019eau sal\u00e9e semblable au liquide qu\u2019on retrouve dans l\u2019organisme<\/span><\/p>\n<\/td>\n<\/tr>\n<tr style=\"height: 10px;\">\n<td style=\"width: 99.9999%; height: 10px; text-align: center;\" colspan=\"3\">\n<h6>VOLUME DE L\u2019IMPLANT<\/h6>\n<\/td>\n<\/tr>\n<tr style=\"height: 272px; background-color: white;\">\n<td style=\"width: 33.3333%; height: 272px;\">\n<p class=\"text-align-center\"><span>Volume de remplissage dynamique pour chaque profil \u2013 Options offertes : remplissage optimal et tr\u00e8s rempli<\/span><\/p>\n<\/td>\n<td style=\"width: 33.3333%; height: 272px;\">\n<p class=\"text-align-center\"><span>Volume con\u00e7u pour obtenir des r\u00e9sultats pr\u00e9visibles<\/span><\/p>\n<\/td>\n<td style=\"width: 33.3333%; height: 272px;\">\n<p class=\"text-align-center\"><span>Volume ajustable pendant l\u2019intervention<\/span><\/p>\n<\/td>\n<\/tr>\n<tr style=\"height: 0px;\">\n<td style=\"width: 99.9999%; height: 10px; text-align: center;\" colspan=\"3\">\n<h6>OPTIONS \u2013 PROJECTION<\/h6>\n<\/td>\n<\/tr>\n<tr style=\"height: 110px; background-color: white;\">\n<td style=\"width: 33.3333%; height: 110px;\">\n<p class=\"text-align-center\"><span>Profils mod\u00e9r\u00e9 classique, mod\u00e9r\u00e9 Plus, mod\u00e9r\u00e9 Plus Xtra, plein, plein Xtra et ultra plein<\/span><\/p>\n<\/td>\n<td style=\"width: 33.3333%; height: 110px;\">\n<p class=\"text-align-center\"><span>La projection plus pleine pr\u00e8s de la base de l\u2019implant lui donne la forme d\u2019une larme (semblable \u00e0 celle d\u2019un sein naturel). Offerts dans les formats suivants : pleine hauteur\/projection mod\u00e9r\u00e9e, pleine hauteur\/projection mod\u00e9r\u00e9e Plus, pleine hauteur\/projection pleine, hauteur mod\u00e9r\u00e9e\/projection mod\u00e9r\u00e9e, hauteur mod\u00e9r\u00e9e\/projection mod\u00e9r\u00e9e Plus, hauteur mod\u00e9r\u00e9e\/projection pleine, faible hauteur\/projection mod\u00e9r\u00e9e, faible hauteur\/projection mod\u00e9r\u00e9e Plus, faible hauteur\/projection pleine<\/span><\/p>\n<\/td>\n<td style=\"width: 33.3333%; height: 110px;\">\n<p class=\"text-align-center\"><span>Profils mod\u00e9r\u00e9, mod\u00e9r\u00e9 Plus et plein<\/span><\/p>\n<\/td>\n<\/tr>\n<tr style=\"height: 0px;\">\n<td style=\"height: 10px; text-align: center; width: 99.9999%;\" colspan=\"3\">\n<h6>SURFACE<\/h6>\n<\/td>\n<\/tr>\n<tr style=\"background-color: white;\">\n<td style=\"width: 33.3333%;\">\n<p class=\"text-align-center\"><span>Enveloppe lisse ou enveloppe textur\u00e9e SILTEX<\/span><sup>MC<\/sup><\/p>\n<\/td>\n<td style=\"width: 33.3333%;\">\n<p class=\"text-align-center\"><span>Texture grav\u00e9e MENTOR<\/span><sup>\u00ae<\/sup><span>\u00a0SILTEX<\/span><sup>MC<\/sup><span>, qui maintient le positionnement appropri\u00e9 des implants<\/span><\/p>\n<\/td>\n<td style=\"width: 33.3333%;\">\n<p class=\"text-align-center\"><span>Enveloppe lisse<\/span><\/p>\n<\/td>\n<\/tr>\n<tr style=\"height: 0px;\">\n<td style=\"height: 10px; text-align: center; width: 99.9999%;\" colspan=\"3\">\n<h6>GARANTIE<\/h6>\n<\/td>\n<\/tr>\n<tr style=\"background-color: white;\">\n<td style=\"width: 33.3333%;\">\n<p class=\"text-align-center\"><span>Couverts par le plan de garantie MENTOR<\/span><sup>\u00ae<\/sup><\/p>\n<\/td>\n<td style=\"width: 33.3333%;\">\n<p class=\"text-align-center\"><span>Couverts par le plan de garantie MENTOR<\/span><sup>\u00ae<\/sup><\/p>\n<\/td>\n<td style=\"width: 33.3333%;\">\n<p class=\"text-align-center\"><span>Couverts par le plan de garantie MENTOR<\/span><sup>\u00ae<\/sup><\/p>\n<\/td>\n<\/tr>\n<tr style=\"background-color: white;\">\n<td style=\"width: 33.3333%;\">En savoir plus<\/td>\n<td style=\"width: 33.3333%;\">\n<p class=\"text-align-center\">En savoir plus<\/p>\n<\/td>\n<td style=\"width: 33.3333%;\">\n<p class=\"text-align-center\">En savoir plus<\/p>\n<\/td>\n<\/tr>\n<\/tbody>\n<\/table>\n<\/div><\/div><\/div><\/div><div class=\"et_pb_row_5 et_pb_row et_block_row\"><div class=\"et_pb_column_7 et_pb_column et_pb_column_4_4 et-last-child et_block_column et_pb_css_mix_blend_mode_passthrough\"><div class=\"et_pb_text_5 et_pb_text et_pb_bg_layout_light et_pb_module et_block_module et_pb_text_align_center preset--module--divi-text--default\"><div class=\"et_pb_text_inner\"><p><strong><a href=\"https:\/\/www.breastimplantsbymentor.ch\/fr\/garantie\/\" title=\"MENTOR\u00ae s\u2019engage \u00e0 assurer l\u2019innocuit\u00e9 de ses produits. D\u00e9couvrez comment\">MENTOR\u00ae s\u2019engage \u00e0 assurer l\u2019innocuit\u00e9 de ses produits. D\u00e9couvrez comment<\/a><\/strong><\/p>\n<\/div><\/div><\/div><\/div><\/div><div class=\"et_pb_section_4 et_pb_section et_section_regular et_block_section\"><div class=\"et_pb_row_6 et_pb_row et_block_row\"><div class=\"et_pb_column_8 et_pb_column et_pb_column_4_4 et-last-child et_block_column et_pb_css_mix_blend_mode_passthrough\"><div class=\"et_pb_text_6 et_pb_text et_pb_bg_layout_light et_pb_module et_block_module preset--module--divi-text--default\"><div class=\"et_pb_text_inner\"><p>* Sondage men\u00e9 en face-\u00e0-face aupr\u00e8s de 452 r\u00e9pondantes<\/p>\n<p>\u2020 Comparativement aux implants mammaires en gel de silicone<\/p>\n<p>\u2021 Comparativement aux implants mammaires Allergan Natrelle<sup>\u00ae<\/sup><span>\u00a0<\/span>410 et aux implants mammaires profil\u00e9s Sientra<\/p>\n<p>1. Source : MENTOR<sup>\u00ae<\/sup><span>\u00a0<\/span>Consumer Preference Market Research Report \u2013 Juillet 2017<\/p>\n<p>2. Guide de r\u00e9f\u00e9rence sur les produits MENTOR<sup>\u00ae<\/sup>, Markham (Ontario), 2018<\/p>\n<p>3. Catalogue de produits Sientra, Santa Barbara, CA: Sientra; 2015<\/p>\n<p>4. Implants mammaires form\u00e9s en gel de silicone hautement coh\u00e9sifs NATRELLE<sup>\u00ae<\/sup><span>\u00a0<\/span>410 [Catalogue de produits] Irvine, CA: Allergan; octobre 2015<\/p>\n<\/div><\/div><div class=\"et_pb_text_7 et_pb_text et_pb_bg_layout_light et_pb_module et_block_module preset--module--divi-text--default\"><div class=\"et_pb_text_inner\"><p><strong>RENSEIGNEMENTS IMPORTANTS SUR L\u2019INNOCUIT\u00c9:<\/strong><\/p>\n<p>Les implants mammaires MENTOR<sup>\u00ae<span>\u00a0<\/span><\/sup>MemoryGel<sup>MC<\/sup><span>\u00a0<\/span>et MENTOR<sup>\u00ae<span>\u00a0<\/span><\/sup>remplis de solution saline sont indiqu\u00e9s pour l\u2019augmentation mammaire chez les femmes de 22 ans et plus dans le cas des implants MemoryGel<sup>MC<\/sup>, et de 18 ans et plus dans le cas des implants remplis de solution saline, ou pour la reconstruction mammaire. Les implants mammaires et proth\u00e8ses d\u2019expansion MENTOR<sup>\u00ae<\/sup><span>\u00a0<\/span>MemoryGel<sup>MC<\/sup><span>\u00a0<\/span>SILTEX<sup>MC<\/sup><span>\u00a0<\/span>BECKER<sup>MC<\/sup><span>\u00a0<\/span>sont indiqu\u00e9s pour la reconstruction mammaire. Les interventions d\u2019implantation mammaire sont contre-indiqu\u00e9es chez les femmes pr\u00e9sentant une infection active, quel qu\u2019en soit le si\u00e8ge, chez les femmes atteintes d\u2019un cancer du sein av\u00e9r\u00e9 ou d\u2019un \u00e9tat pr\u00e9canc\u00e9reux du sein et qui n\u2019ont pas re\u00e7u de traitement ad\u00e9quat, et chez les femmes enceintes ou qui allaitent.<\/p>\n<p>Les implants mammaires ne sont pas consid\u00e9r\u00e9s comme des produits \u00e0 vie, et d\u2019autres interventions chirurgicales au niveau des seins et\/ou d\u2019autres implants pourraient \u00eatre n\u00e9cessaires au cours de la vie.<\/p>\n<p>Les complications les plus fr\u00e9quentes associ\u00e9es aux interventions d\u2019augmentation et de reconstruction mammaires avec les implants MemoryGel<sup>MC<\/sup><span>\u00a0<\/span>incluent une nouvelle intervention, la contracture capsulaire, la douleur mammaire, le retrait de l\u2019implant avec ou sans remplacement, et la ptose. La rupture est une autre complication possible, mais son risque est plus faible. Les cons\u00e9quences pour la sant\u00e9 de la rupture d\u2019un implant mammaire rempli de gel de silicone n\u2019ont pas \u00e9t\u00e9 pleinement \u00e9tablies. On recommande un d\u00e9pistage par IRM trois ans apr\u00e8s la pose initiale des implants, puis tous les deux ans par la suite, pour d\u00e9celer une rupture silencieuse.<\/p>\n<p>Les complications les plus fr\u00e9quentes associ\u00e9es aux implants mammaires et proth\u00e8ses d\u2019expansion MENTOR<sup>\u00ae<\/sup><span>\u00a0<\/span>MemoryGel<sup>MC<\/sup><span>\u00a0<\/span>SILTEX<sup>MC<\/sup><span>\u00a0<\/span>BECKER<sup>MC<\/sup><span>\u00a0<\/span>concordent avec les types de complications associ\u00e9es aux autres implants mammaires remplis de gel qui ont \u00e9t\u00e9 observ\u00e9es dans les \u00e9tudes.<\/p>\n<p>Les complications les plus fr\u00e9quentes associ\u00e9es aux implants mammaires MENTOR<sup>\u00ae<\/sup><span>\u00a0<\/span>remplis de solution saline incluent une nouvelle intervention, le retrait des implants, la contracture capsulaire, la douleur mammaire, la formation de plis et le d\u00e9gonflement.<\/p>\n<p>Les patientes devant recevoir des implants MemoryGel<sup>MC<\/sup><span>\u00a0<\/span>doivent recevoir un exemplaire du document<span>\u00a0<\/span><i>Information importante pour les femmes envisageant une augmentation mammaire au moyen des implants mammaires MENTOR<sup>\u00ae<\/sup><span>\u00a0<\/span>MemoryGel<sup>MC<\/sup><\/i>\u2009ou<span>\u00a0<\/span><i>Information importante pour les femmes envisageant une reconstruction mammaire au moyen des implants mammaires MENTOR<sup>\u00ae<\/sup><span>\u00a0<\/span>MemoryGel<sup>MC<\/sup><\/i>. Les patientes devant recevoir des implants mammaires\/proth\u00e8ses d\u2019expansion MemoryGel<sup>MC<\/sup><span>\u00a0<\/span>BECKER<sup>MC<\/sup><span>\u00a0<\/span>doivent recevoir un exemplaire du document<i>\u2009Information importante pour les femmes envisageant une reconstruction mammaire au moyen des implants mammaires\/proth\u00e8ses d\u2019expansion MENTOR<sup>\u00ae<\/sup><\/i>MemoryGel<sup>MC<\/sup><i>BECKER<\/i><sup>MC<\/sup>. Les patientes devant recevoir des implants MENTOR<sup>\u00ae<\/sup><span>\u00a0<\/span>remplis de solution saline doivent recevoir un exemplaire de la brochure<span>\u00a0<\/span><i>Implants mammaires remplis de solution saline\u2009: Prendre une d\u00e9cision \u00e9clair\u00e9e<\/i>.<\/p>\n<p>Elles doivent avoir lu et compris l\u2019information concernant les risques et les bienfaits associ\u00e9s aux implants mammaires et doivent pouvoir consulter un chirurgien plasticien avant de prendre une d\u00e9cision relative \u00e0 l\u2019intervention chirurgicale.<\/p>\n<p>Les proth\u00e8ses d\u2019expansion CONTOUR PROFILE<sup>MC<\/sup><span>\u00a0<\/span>(CPX4<sup>MC<\/sup>) sont utilis\u00e9es durant les interventions de reconstruction mammaire apr\u00e8s une mastectomie, de correction d\u2019un sein sous-d\u00e9velopp\u00e9, de r\u00e9vision de cicatrice et de d\u00e9faut tissulaire. Les proth\u00e8ses d\u2019expansion sont destin\u00e9es \u00e0 l\u2019implantation sous-cutan\u00e9e ou r\u00e9tromusculaire temporaire et ne doivent pas demeurer en place pendant plus de six mois. Ne pas utiliser les proth\u00e8ses d\u2019expansion CONTOUR PROFILE<sup>MC<\/sup><span>\u00a0<\/span>(CPX4<sup>MC<\/sup>) chez les patientes qui pourraient n\u00e9cessiter une IRM. Le dispositif pourrait bouger lors d\u2019une IRM, causant de la douleur ou un d\u00e9placement, ce qui pourrait n\u00e9cessiter une intervention de r\u00e9vision. Il a \u00e9t\u00e9 d\u00e9montr\u00e9 que la fr\u00e9quence de l\u2019extrusion de la proth\u00e8se augmente lorsque celle-ci est implant\u00e9e dans des zones o\u00f9 des l\u00e9sions sont pr\u00e9sentes.<\/p>\n<p>Pour obtenir les indications, contre-indications, mises en garde et pr\u00e9cautions d\u00e9taill\u00e9es associ\u00e9es \u00e0 l\u2019emploi de tous les dispositifs d\u2019implantation MENTOR<sup>\u00ae<\/sup>, y compris les implants MENTOR<sup>\u00ae<\/sup><span>\u00a0<\/span>remplis de solution saline, les implants MemoryGel<sup>MC<\/sup>, Les implants mammaires\/proth\u00e8ses d\u2019expansion MemoryGel<sup>MC<\/sup><span>\u00a0<\/span>BECKER<sup>MC<\/sup><span>\u00a0<\/span>et les proth\u00e8ses d\u2019expansion CONTOUR PROFILE<sup>MC<\/sup><span>\u00a0<\/span>(CPX4<sup>MC<\/sup>), consulter la notice fournie avec chaque produit ou visiter le<span>\u00a0<\/span><a href=\"https:\/\/www.jnjmedicaldevices.com\/en-CA\/mentor\" class=\"ext\" data-extlink=\"\" target=\"_blank\" rel=\"noopener noreferrer\" role=\"button\">https:\/\/www.jnjmedicaldevices.com\/en-CA\/mentor<\/a><\/p>\n<\/div><\/div><\/div><\/div><\/div>\n","protected":false},"excerpt":{"rendered":"","protected":false},"author":1,"featured_media":0,"parent":0,"menu_order":0,"comment_status":"closed","ping_status":"closed","template":"","meta":{"inline_featured_image":false,"footnotes":""},"class_list":["post-2199","page","type-page","status-publish","hentry"],"_links":{"self":[{"href":"https:\/\/www.breastimplantsbymentor.ch\/fr\/wp-json\/wp\/v2\/pages\/2199","targetHints":{"allow":["GET"]}}],"collection":[{"href":"https:\/\/www.breastimplantsbymentor.ch\/fr\/wp-json\/wp\/v2\/pages"}],"about":[{"href":"https:\/\/www.breastimplantsbymentor.ch\/fr\/wp-json\/wp\/v2\/types\/page"}],"author":[{"embeddable":true,"href":"https:\/\/www.breastimplantsbymentor.ch\/fr\/wp-json\/wp\/v2\/users\/1"}],"replies":[{"embeddable":true,"href":"https:\/\/www.breastimplantsbymentor.ch\/fr\/wp-json\/wp\/v2\/comments?post=2199"}],"version-history":[{"count":17,"href":"https:\/\/www.breastimplantsbymentor.ch\/fr\/wp-json\/wp\/v2\/pages\/2199\/revisions"}],"predecessor-version":[{"id":9879,"href":"https:\/\/www.breastimplantsbymentor.ch\/fr\/wp-json\/wp\/v2\/pages\/2199\/revisions\/9879"}],"wp:attachment":[{"href":"https:\/\/www.breastimplantsbymentor.ch\/fr\/wp-json\/wp\/v2\/media?parent=2199"}],"curies":[{"name":"wp","href":"https:\/\/api.w.org\/{rel}","templated":true}]}}