{"id":2210,"date":"2023-08-09T11:04:19","date_gmt":"2023-08-09T09:04:19","guid":{"rendered":"https:\/\/www.breastimplantsbymentor.ch\/?page_id=2210"},"modified":"2026-03-10T13:32:05","modified_gmt":"2026-03-10T12:32:05","slug":"protheses-dexpansion-mentor","status":"publish","type":"page","link":"https:\/\/www.breastimplantsbymentor.ch\/fr\/nos-produits\/protheses-dexpansion-mentor\/","title":{"rendered":"Proth\u00e8ses d\u2019expansion MENTOR"},"content":{"rendered":"\n<div class=\"et_pb_section_0 et_pb_section et_section_regular et_block_section\"><div class=\"et_pb_row_0 et_pb_row et_block_row\"><div class=\"et_pb_column_0 et_pb_column et_pb_column_4_4 et-last-child et_block_column et_pb_css_mix_blend_mode_passthrough\"><div class=\"et_pb_text_0 et_pb_text et_pb_bg_layout_light et_pb_module et_block_module preset--module--divi-text--default\"><div class=\"et_pb_text_inner\" data-et-mv-hidden-tablet=\"true\" data-et-mv-hidden-phone=\"true\"><h1>Quel implant mammaire devrais-je choisir?<\/h1>\n<p>L\u2019apparence, la texture et votre propre parcours ont une grande influence sur votre choix d\u2019implant. Comparons les options qui s\u2019offrent \u00e0 vous.<\/p>\n<\/div><\/div><\/div><\/div><\/div><div class=\"et_pb_section_1 et_pb_section et_section_regular et_block_section\"><div class=\"et_pb_row_1 et_pb_row et_pb_gutters1 et_block_row\"><div class=\"et_pb_column_1 et_pb_column et_pb_column_1_2 et_block_column et_pb_css_mix_blend_mode_passthrough\"><div class=\"et_pb_module et_pb_button_module_wrapper et_pb_button_0_wrapper\"><a class=\"et_pb_button_0 et_pb_button et_pb_bg_layout_light et_pb_module et_block_module\" href=\"\/fr\/nos-produits\/\">Implants mammaires MENTOR<\/a><\/div><\/div><div class=\"et_pb_column_2 et_pb_column et_pb_column_1_2 et-last-child et_block_column et_pb_css_mix_blend_mode_passthrough\"><div class=\"et_pb_module et_pb_button_module_wrapper et_pb_button_1_wrapper\"><a class=\"et_pb_button_1 et_pb_button et_pb_bg_layout_light et_pb_module et_block_module\" href=\"\/brustrekonstruktion\/sofortige-brustrekonstruktion\/\">Proth\u00e8ses d\u2019expansion MENTOR<\/a><\/div><\/div><\/div><\/div><div class=\"et_pb_section_2 et_pb_section et_section_regular et_block_section\"><div class=\"et_pb_row_2 et_pb_row et_block_row\"><div class=\"et_pb_column_3 et_pb_column et_pb_column_4_4 et-last-child et_block_column et_pb_css_mix_blend_mode_passthrough\"><div class=\"et_pb_text_1 et_pb_text et_pb_bg_layout_light et_pb_module et_block_module et_pb_text_align_center preset--module--divi-text--default\"><div class=\"et_pb_text_inner\"><h2 >En quoi consiste une proth\u00e8se d\u2019expansion mammaire?<\/h2>\n<p >Les proth\u00e8ses d\u2019expansion cr\u00e9ent un espace en \u00e9tirant les tissus et en pr\u00e9parant la peau \u00e0 loger l'implant.<\/p>\n<\/div><\/div><\/div><\/div><div class=\"et_pb_row_3 et_pb_row et_block_row\"><div class=\"et_pb_column_4 et_pb_column et_pb_column_1_2 et_block_column et_pb_css_mix_blend_mode_passthrough\"><div class=\"et_pb_image_0 et_pb_image et_pb_module et_block_module\"><span class=\"et_pb_image_wrap\"><img loading=\"lazy\" decoding=\"async\" src=\"https:\/\/www.breastimplantsbymentor.ch\/wp-content\/uploads\/2023\/08\/expander-illustration-fr.svg\" width=\"555\" height=\"180\" srcset=\"https:\/\/www.breastimplantsbymentor.ch\/wp-content\/uploads\/2023\/08\/expander-illustration-fr.svg 555w\" sizes=\"(min-width: 0px) and (max-width: 0px) 0px, (min-width: 1px) 555px, 100vw\" class=\"wp-image-2181\" title=\"Premi\u00e8re \u00e9tape\" alt=\"Premi\u00e8re \u00e9tape\" \/><\/span><\/div><div class=\"et_pb_text_2 et_pb_text et_pb_bg_layout_light et_pb_module et_block_module et_pb_text_align_center preset--module--divi-text--default\"><div class=\"et_pb_text_inner\"><p>Lors de votre reconstruction mammaire, votre chirurgien ins\u00e9rera une proth\u00e8se d\u2019expansion dot\u00e9e d\u2019un orifice et remplira graduellement la proth\u00e8se de solution saline sur une p\u00e9riode de plusieurs mois (pendant pas plus de six mois). Votre sein prendra de l\u2019expansion pour remplir l\u2019espace cr\u00e9\u00e9.<\/p>\n<\/div><\/div><\/div><div class=\"et_pb_column_5 et_pb_column et_pb_column_1_2 et-last-child et_block_column et_pb_css_mix_blend_mode_passthrough\"><div class=\"et_pb_image_1 et_pb_image et_pb_module et_block_module\"><span class=\"et_pb_image_wrap\"><img loading=\"lazy\" decoding=\"async\" src=\"https:\/\/www.breastimplantsbymentor.ch\/wp-content\/uploads\/2023\/08\/illustration-breast-reconstruction-implant.png\" width=\"1734\" height=\"563\" srcset=\"https:\/\/www.breastimplantsbymentor.ch\/wp-content\/uploads\/2023\/08\/illustration-breast-reconstruction-implant.png 1734w, https:\/\/www.breastimplantsbymentor.ch\/wp-content\/uploads\/2023\/08\/illustration-breast-reconstruction-implant-1280x416.png 1280w, https:\/\/www.breastimplantsbymentor.ch\/wp-content\/uploads\/2023\/08\/illustration-breast-reconstruction-implant-980x318.png 980w, https:\/\/www.breastimplantsbymentor.ch\/wp-content\/uploads\/2023\/08\/illustration-breast-reconstruction-implant-480x156.png 480w\" sizes=\"(min-width: 0px) and (max-width: 480px) 480px, (min-width: 481px) and (max-width: 980px) 980px, (min-width: 981px) and (max-width: 1280px) 1280px, (min-width: 1281px) 1734px, 100vw\" class=\"wp-image-2179\" title=\"Reconstruction mammaire en une \u00e9tape\" alt=\"Reconstruction mammaire en une \u00e9tape\" \/><\/span><\/div><div class=\"et_pb_text_3 et_pb_text et_pb_bg_layout_light et_pb_module et_block_module et_pb_text_align_center preset--module--divi-text--default\"><div class=\"et_pb_text_inner\"><p>Lorsque le sein aura atteint la taille d\u00e9sir\u00e9e, vote chirurgien remplacera la proth\u00e8se d\u2019expansion par un implant.<\/p>\n<\/div><\/div><\/div><\/div><\/div><div class=\"et_pb_section_3 et_pb_section et_section_regular et_block_section\"><div class=\"et_pb_row_4 et_pb_row et_block_row\"><div class=\"et_pb_column_6 et_pb_column et_pb_column_4_4 et-last-child et_block_column et_pb_css_mix_blend_mode_passthrough\"><div class=\"et_pb_text_4 et_pb_text et_pb_bg_layout_light et_pb_module et_block_module et_pb_text_align_center preset--module--divi-text--default\"><div class=\"et_pb_text_inner\"><h2>Nos proth\u00e8ses d\u2019expansion mammaires<\/h2>\n<\/div><\/div><\/div><\/div><div class=\"et_pb_row_5 et_pb_row et_block_row\"><div class=\"et_pb_column_7 et_pb_column et_pb_column_4_4 et-last-child et_block_column et_pb_css_mix_blend_mode_passthrough\"><div class=\"et_pb_image_2 et_pb_image et_pb_module et_block_module\"><span class=\"et_pb_image_wrap\"><img loading=\"lazy\" decoding=\"async\" src=\"https:\/\/www.breastimplantsbymentor.ch\/wp-content\/uploads\/2023\/08\/breastimplantsbymentor-5.png\" width=\"280\" height=\"200\" srcset=\"https:\/\/www.breastimplantsbymentor.ch\/wp-content\/uploads\/2023\/08\/breastimplantsbymentor-5.png 280w\" sizes=\"(max-width: 280px) 100vw, 280px\" class=\"wp-image-218\" title=\"MENTOR\u00ae Brustimplantate\" alt=\"MENTOR\u00ae Brustimplantate\" \/><\/span><\/div><div class=\"et_pb_text_5 et_pb_text et_pb_bg_layout_light et_pb_module et_block_module et_pb_text_align_center preset--module--divi-text--default\"><div class=\"et_pb_text_inner\"><h3 >Proth\u00e8ses d\u2019expansion MENTOR<sup>\u00ae<\/sup>\u00a0CPX<sup>MC<\/sup>\u00a04<\/h3>\n<p>Proth\u00e8ses d\u2019expansion confortables, pour un positionnement mieux contr\u00f4l\u00e9, en douceur. Maximisent la projection du p\u00f4le inf\u00e9rieur, aident \u00e0 pr\u00e9venir les fuites et permettent d\u2019obtenir une forme naturelle<sup>1-3<\/sup>.<\/p>\n<\/div><\/div><div class=\"et_pb_module et_pb_button_module_wrapper et_pb_button_2_wrapper\"><a class=\"et_pb_button_2 et_pb_button et_pb_bg_layout_light et_pb_module et_block_module\" href=\"\/fr\/nos-produits\/protheses-dexpansion-mentor\/\" data-icon=\"\uf061\">En savoir plus<\/a><\/div><\/div><\/div><div class=\"et_pb_row_6 et_pb_row et_block_row\"><div class=\"et_pb_column_8 et_pb_column et_pb_column_4_4 et-last-child et_block_column et_pb_css_mix_blend_mode_passthrough\"><div class=\"et_pb_text_6 et_pb_text et_pb_bg_layout_light et_pb_module et_block_module et_pb_text_align_center preset--module--divi-text--default\"><div class=\"et_pb_text_inner\"><p><strong><a href=\"https:\/\/www.breastimplantsbymentor.ch\/fr\/garantie\/\" title=\"MENTOR\u00ae s\u2019engage \u00e0 assurer l\u2019innocuit\u00e9 de ses produits. D\u00e9couvrez comment.\">MENTOR\u00ae s\u2019engage \u00e0 assurer l\u2019innocuit\u00e9 de ses produits. D\u00e9couvrez comment.<\/a><\/strong><\/p>\n<\/div><\/div><\/div><\/div><\/div><div class=\"et_pb_section_4 et_pb_section et_section_regular et_block_section\"><div class=\"et_pb_row_7 et_pb_row et_block_row\"><div class=\"et_pb_column_9 et_pb_column et_pb_column_4_4 et-last-child et_block_column et_pb_css_mix_blend_mode_passthrough\"><div class=\"et_pb_text_7 et_pb_text et_pb_bg_layout_light et_pb_module et_block_module preset--module--divi-text--default\"><div class=\"et_pb_text_inner\"><p><small class=\"small\">Les marques de commerce de tierces parties utilis\u00e9es dans ce site appartiennent \u00e0 leurs propri\u00e9taires respectifs.<\/small><\/p>\n<p><small class=\"small\">*Fait sur le design :\u00a0 Les liquides suivent la voie de la moindre r\u00e9sistance. Les pi\u00e8ces renforc\u00e9es ant\u00e9rieures et post\u00e9rieures acheminent les liquides vers le p\u00f4le inf\u00e9rieur de la proth\u00e8se d'expansion. L'expansion du p\u00f4le inf\u00e9rieur imite plus fid\u00e8lement la forme du sein f\u00e9minin (d'aspect effil\u00e9).<\/small><\/p>\n<ul STYLE=\"margin-top:20px\">\n<li class=\"text-align-center\"><small class=\"small\">1. Source 14\u00a0:\u00a0 AST-2012-0176, \u00e9tude d\u2019imagerie en 3D.<\/small><\/li>\n<li class=\"text-align-center\"><small class=\"small\">2. Source 21 : Reconstruction de la forme naturelle du sein.<\/small><\/li>\n<li class=\"text-align-center\"><small class=\"small\">3. Source 15 : Note de service sur la surface.<\/small><\/li>\n<\/ul>\n<\/div><\/div><div class=\"et_pb_text_8 et_pb_text et_pb_bg_layout_light et_pb_module et_block_module preset--module--divi-text--default\"><div class=\"et_pb_text_inner\"><p><strong>RENSEIGNEMENTS IMPORTANTS SUR L\u2019INNOCUIT\u00c9:<\/strong><\/p>\n<p>Les implants mammaires MENTOR<sup>\u00ae<span>\u00a0<\/span><\/sup>MemoryGel<sup>MC<\/sup><span>\u00a0<\/span>et MENTOR<sup>\u00ae<span>\u00a0<\/span><\/sup>remplis de solution saline sont indiqu\u00e9s pour l\u2019augmentation mammaire chez les femmes de 22 ans et plus dans le cas des implants MemoryGel<sup>MC<\/sup>, et de 18 ans et plus dans le cas des implants remplis de solution saline, ou pour la reconstruction mammaire. Les implants mammaires et proth\u00e8ses d\u2019expansion MENTOR<sup>\u00ae<\/sup><span>\u00a0<\/span>MemoryGel<sup>MC<\/sup><span>\u00a0<\/span>SILTEX<sup>MC<\/sup><span>\u00a0<\/span>BECKER<sup>MC<\/sup><span>\u00a0<\/span>sont indiqu\u00e9s pour la reconstruction mammaire. Les interventions d\u2019implantation mammaire sont contre-indiqu\u00e9es chez les femmes pr\u00e9sentant une infection active, quel qu\u2019en soit le si\u00e8ge, chez les femmes atteintes d\u2019un cancer du sein av\u00e9r\u00e9 ou d\u2019un \u00e9tat pr\u00e9canc\u00e9reux du sein et qui n\u2019ont pas re\u00e7u de traitement ad\u00e9quat, et chez les femmes enceintes ou qui allaitent.<\/p>\n<p>Les implants mammaires ne sont pas consid\u00e9r\u00e9s comme des produits \u00e0 vie, et d\u2019autres interventions chirurgicales au niveau des seins et\/ou d\u2019autres implants pourraient \u00eatre n\u00e9cessaires au cours de la vie.<\/p>\n<p>Les complications les plus fr\u00e9quentes associ\u00e9es aux interventions d\u2019augmentation et de reconstruction mammaires avec les implants MemoryGel<sup>MC<\/sup><span>\u00a0<\/span>incluent une nouvelle intervention, la contracture capsulaire, la douleur mammaire, le retrait de l\u2019implant avec ou sans remplacement, et la ptose. La rupture est une autre complication possible, mais son risque est plus faible. Les cons\u00e9quences pour la sant\u00e9 de la rupture d\u2019un implant mammaire rempli de gel de silicone n\u2019ont pas \u00e9t\u00e9 pleinement \u00e9tablies. On recommande un d\u00e9pistage par IRM trois ans apr\u00e8s la pose initiale des implants, puis tous les deux ans par la suite, pour d\u00e9celer une rupture silencieuse.<\/p>\n<p>Les complications les plus fr\u00e9quentes associ\u00e9es aux implants mammaires et proth\u00e8ses d\u2019expansion MENTOR<sup>\u00ae<\/sup><span>\u00a0<\/span>MemoryGel<sup>MC<\/sup><span>\u00a0<\/span>SILTEX<sup>MC<\/sup><span>\u00a0<\/span>BECKER<sup>MC<\/sup><span>\u00a0<\/span>concordent avec les types de complications associ\u00e9es aux autres implants mammaires remplis de gel qui ont \u00e9t\u00e9 observ\u00e9es dans les \u00e9tudes.<\/p>\n<p>Les complications les plus fr\u00e9quentes associ\u00e9es aux implants mammaires MENTOR<sup>\u00ae<\/sup><span>\u00a0<\/span>remplis de solution saline incluent une nouvelle intervention, le retrait des implants, la contracture capsulaire, la douleur mammaire, la formation de plis et le d\u00e9gonflement.<\/p>\n<p>Les patientes devant recevoir des implants MemoryGel<sup>MC<\/sup><span>\u00a0<\/span>doivent recevoir un exemplaire du document<span>\u00a0<\/span><i>Information importante pour les femmes envisageant une augmentation mammaire au moyen des implants mammaires MENTOR<sup>\u00ae<\/sup><span>\u00a0<\/span>MemoryGel<sup>MC<\/sup><\/i>\u2009ou<span>\u00a0<\/span><i>Information importante pour les femmes envisageant une reconstruction mammaire au moyen des implants mammaires MENTOR<sup>\u00ae<\/sup><span>\u00a0<\/span>MemoryGel<sup>MC<\/sup><\/i>. Les patientes devant recevoir des implants mammaires\/proth\u00e8ses d\u2019expansion MemoryGel<sup>MC<\/sup><span>\u00a0<\/span>BECKER<sup>MC<\/sup><span>\u00a0<\/span>doivent recevoir un exemplaire du document<i>\u2009Information importante pour les femmes envisageant une reconstruction mammaire au moyen des implants mammaires\/proth\u00e8ses d\u2019expansion MENTOR<sup>\u00ae<\/sup><\/i>MemoryGel<sup>MC<\/sup><i>BECKER<\/i><sup>MC<\/sup>. Les patientes devant recevoir des implants MENTOR<sup>\u00ae<\/sup><span>\u00a0<\/span>remplis de solution saline doivent recevoir un exemplaire de la brochure<span>\u00a0<\/span><i>Implants mammaires remplis de solution saline\u2009: Prendre une d\u00e9cision \u00e9clair\u00e9e<\/i>.<\/p>\n<p>Elles doivent avoir lu et compris l\u2019information concernant les risques et les bienfaits associ\u00e9s aux implants mammaires et doivent pouvoir consulter un chirurgien plasticien avant de prendre une d\u00e9cision relative \u00e0 l\u2019intervention chirurgicale.<\/p>\n<p>Les proth\u00e8ses d\u2019expansion CONTOUR PROFILE<sup>MC<\/sup><span>\u00a0<\/span>(CPX4<sup>MC<\/sup>) sont utilis\u00e9es durant les interventions de reconstruction mammaire apr\u00e8s une mastectomie, de correction d\u2019un sein sous-d\u00e9velopp\u00e9, de r\u00e9vision de cicatrice et de d\u00e9faut tissulaire. Les proth\u00e8ses d\u2019expansion sont destin\u00e9es \u00e0 l\u2019implantation sous-cutan\u00e9e ou r\u00e9tromusculaire temporaire et ne doivent pas demeurer en place pendant plus de six mois. Ne pas utiliser les proth\u00e8ses d\u2019expansion CONTOUR PROFILE<sup>MC<\/sup><span>\u00a0<\/span>(CPX4<sup>MC<\/sup>) chez les patientes qui pourraient n\u00e9cessiter une IRM. Le dispositif pourrait bouger lors d\u2019une IRM, causant de la douleur ou un d\u00e9placement, ce qui pourrait n\u00e9cessiter une intervention de r\u00e9vision. Il a \u00e9t\u00e9 d\u00e9montr\u00e9 que la fr\u00e9quence de l\u2019extrusion de la proth\u00e8se augmente lorsque celle-ci est implant\u00e9e dans des zones o\u00f9 des l\u00e9sions sont pr\u00e9sentes.<\/p>\n<p>Pour obtenir les indications, contre-indications, mises en garde et pr\u00e9cautions d\u00e9taill\u00e9es associ\u00e9es \u00e0 l\u2019emploi de tous les dispositifs d\u2019implantation MENTOR<sup>\u00ae<\/sup>, y compris les implants MENTOR<sup>\u00ae<\/sup><span>\u00a0<\/span>remplis de solution saline, les implants MemoryGel<sup>MC<\/sup>, Les implants mammaires\/proth\u00e8ses d\u2019expansion MemoryGel<sup>MC<\/sup><span>\u00a0<\/span>BECKER<sup>MC<\/sup><span>\u00a0<\/span>et les proth\u00e8ses d\u2019expansion CONTOUR PROFILE<sup>MC<\/sup><span>\u00a0<\/span>(CPX4<sup>MC<\/sup>), consulter la notice fournie avec chaque produit ou visiter le<span>\u00a0<\/span><a href=\"https:\/\/www.jnjmedicaldevices.com\/en-CA\/mentor\" class=\"ext\" data-extlink=\"\" target=\"_blank\" rel=\"noopener noreferrer\" role=\"button\">https:\/\/www.jnjmedicaldevices.com\/en-CA\/mentor<\/a><\/p>\n<\/div><\/div><\/div><\/div><\/div>\n","protected":false},"excerpt":{"rendered":"","protected":false},"author":1,"featured_media":0,"parent":2199,"menu_order":0,"comment_status":"closed","ping_status":"closed","template":"","meta":{"inline_featured_image":false,"footnotes":""},"class_list":["post-2210","page","type-page","status-publish","hentry"],"_links":{"self":[{"href":"https:\/\/www.breastimplantsbymentor.ch\/fr\/wp-json\/wp\/v2\/pages\/2210","targetHints":{"allow":["GET"]}}],"collection":[{"href":"https:\/\/www.breastimplantsbymentor.ch\/fr\/wp-json\/wp\/v2\/pages"}],"about":[{"href":"https:\/\/www.breastimplantsbymentor.ch\/fr\/wp-json\/wp\/v2\/types\/page"}],"author":[{"embeddable":true,"href":"https:\/\/www.breastimplantsbymentor.ch\/fr\/wp-json\/wp\/v2\/users\/1"}],"replies":[{"embeddable":true,"href":"https:\/\/www.breastimplantsbymentor.ch\/fr\/wp-json\/wp\/v2\/comments?post=2210"}],"version-history":[{"count":12,"href":"https:\/\/www.breastimplantsbymentor.ch\/fr\/wp-json\/wp\/v2\/pages\/2210\/revisions"}],"predecessor-version":[{"id":9881,"href":"https:\/\/www.breastimplantsbymentor.ch\/fr\/wp-json\/wp\/v2\/pages\/2210\/revisions\/9881"}],"up":[{"embeddable":true,"href":"https:\/\/www.breastimplantsbymentor.ch\/fr\/wp-json\/wp\/v2\/pages\/2199"}],"wp:attachment":[{"href":"https:\/\/www.breastimplantsbymentor.ch\/fr\/wp-json\/wp\/v2\/media?parent=2210"}],"curies":[{"name":"wp","href":"https:\/\/api.w.org\/{rel}","templated":true}]}}