{"id":2227,"date":"2018-10-26T14:43:12","date_gmt":"2018-10-26T12:43:12","guid":{"rendered":"https:\/\/www.breastimplantsbymentor.ch\/?page_id=2227"},"modified":"2026-05-12T06:50:44","modified_gmt":"2026-05-12T04:50:44","slug":"mentions-legales","status":"publish","type":"page","link":"https:\/\/www.breastimplantsbymentor.ch\/fr\/mentions-legales\/","title":{"rendered":"Mentions l\u00e9gales"},"content":{"rendered":"<div class=\"et_pb_section_0 et_pb_section et_section_regular et_block_section\">\n<div class=\"et_pb_row_0 et_pb_row et_block_row\">\n<div class=\"et_pb_column_0 et_pb_column et_pb_column_4_4 et-last-child et_block_column et_pb_css_mix_blend_mode_passthrough\">\n<div class=\"et_pb_text_0 et_pb_text et_pb_bg_layout_light et_pb_module et_block_module preset--module--divi-text--default\"><div class=\"et_pb_text_inner\"><h1>Mentions l\u00e9gales<\/h1>\n<p><strong>BTL Switzerland GmbH<br \/><\/strong><span>Altweg 12<\/span><br \/><span>8500 Frauenfeld<\/span><br \/><span>Suisse<\/span><br \/><span>T\u00e9l\u00e9phone <\/span><a href=\"tel:+41432337373\">+41 43 233 73 73<\/a><br \/><a href=\"&#109;&#x61;i&#108;&#x74;o&#58;&#x62;t&#108;&#x63;h&#64;&#x62;&#116;&#x6c;&#x6e;&#101;&#x74;&#x2e;&#99;&#x6f;m\" title=\"&#98;&#x74;l&#x63;&#x68;&#64;&#x62;t&#x6c;&#x6e;&#101;&#x74;&#46;&#x63;&#x6f;&#109;\">&#x62;&#x74;&#x6c;&#x63;&#104;&#64;&#98;&#116;lne&#x74;&#x2e;&#x63;&#x6f;&#x6d;<\/a><br \/><a href=\"https:\/\/www.calistamedical.ch\/\">www.calistamedical.ch<\/a><\/p>\n<p>BTL Switzerland GmbH ainsi que ses collaborateurs et collaboratrices interdisent le traitement de toutes les adresses de contact et donn\u00e9es personnelles publi\u00e9es sur ce site \u00e0 des fins publicitaires.<\/p>\n<\/div><\/div>\n<\/div>\n<\/div>\n<\/div>","protected":false},"excerpt":{"rendered":"","protected":false},"author":1,"featured_media":0,"parent":0,"menu_order":0,"comment_status":"closed","ping_status":"closed","template":"","meta":{"inline_featured_image":false,"footnotes":""},"class_list":["post-2227","page","type-page","status-publish","hentry"],"_links":{"self":[{"href":"https:\/\/www.breastimplantsbymentor.ch\/fr\/wp-json\/wp\/v2\/pages\/2227","targetHints":{"allow":["GET"]}}],"collection":[{"href":"https:\/\/www.breastimplantsbymentor.ch\/fr\/wp-json\/wp\/v2\/pages"}],"about":[{"href":"https:\/\/www.breastimplantsbymentor.ch\/fr\/wp-json\/wp\/v2\/types\/page"}],"author":[{"embeddable":true,"href":"https:\/\/www.breastimplantsbymentor.ch\/fr\/wp-json\/wp\/v2\/users\/1"}],"replies":[{"embeddable":true,"href":"https:\/\/www.breastimplantsbymentor.ch\/fr\/wp-json\/wp\/v2\/comments?post=2227"}],"version-history":[{"count":10,"href":"https:\/\/www.breastimplantsbymentor.ch\/fr\/wp-json\/wp\/v2\/pages\/2227\/revisions"}],"predecessor-version":[{"id":9927,"href":"https:\/\/www.breastimplantsbymentor.ch\/fr\/wp-json\/wp\/v2\/pages\/2227\/revisions\/9927"}],"wp:attachment":[{"href":"https:\/\/www.breastimplantsbymentor.ch\/fr\/wp-json\/wp\/v2\/media?parent=2227"}],"curies":[{"name":"wp","href":"https:\/\/api.w.org\/{rel}","templated":true}]}}