{"id":2235,"date":"2023-08-14T12:43:11","date_gmt":"2023-08-14T10:43:11","guid":{"rendered":"https:\/\/www.breastimplantsbymentor.ch\/?page_id=2235"},"modified":"2026-05-12T07:20:09","modified_gmt":"2026-05-12T05:20:09","slug":"contact","status":"publish","type":"page","link":"https:\/\/www.breastimplantsbymentor.ch\/fr\/contact\/","title":{"rendered":"Contact"},"content":{"rendered":"<div class=\"et_pb_section_0 et_pb_section et_section_regular et_block_section\">\n<div class=\"et_pb_row_0 et_pb_row et_block_row\">\n<div class=\"et_pb_column_0 et_pb_column et_pb_column_4_4 et-last-child et_block_column et_pb_css_mix_blend_mode_passthrough\">\n<div class=\"et_pb_text_0 et_pb_text et_pb_bg_layout_light et_pb_module et_block_module preset--module--divi-text--default\"><div class=\"et_pb_text_inner\" data-et-mv-hidden-tablet=\"true\" data-et-mv-hidden-phone=\"true\"><h1>Contact<\/h1>\n<\/div><\/div>\n<\/div>\n<\/div>\n<\/div>\n\n<div class=\"et_pb_section_1 et_pb_section et_section_regular et_block_section\" id=\"contact\">\n<div class=\"et_pb_row_1 et_pb_row et_block_row et_pb_row_fullwidth\">\n<div class=\"et_pb_column_1 et_pb_column et_pb_column_4_4 et-last-child et_block_column et_pb_css_mix_blend_mode_passthrough\">\n<div class=\"et_pb_text_1 et_pb_text et_pb_bg_layout_light et_pb_module et_block_module preset--module--divi-text--default\"><div class=\"et_pb_text_inner\"><h2>ENVOYEZ-NOUS UN MESSAGE<\/h2>\n<\/div><\/div>\n<\/div>\n<\/div>\n\n<div class=\"et_pb_row_2 et_pb_row et_block_row\">\n<div class=\"et_pb_column_2 et_pb_column et_pb_column_4_4 et-last-child et_block_column et_pb_css_mix_blend_mode_passthrough\">\n<div class=\"et_pb_contact_form_0 et_pb_contact_form_container clearfix et_pb_module et_flex_module custom-contact\" data-form_unique_num=\"0\" data-form_unique_id=\"a009cff2-2ee9-4231-b1a2-2267fe3b01e3\" id=\"et_pb_contact_form_0\"><div class=\"et-pb-contact-message\"><\/div><div class=\"et_pb_contact\"><form class=\"et_pb_contact_form et_flex_module\" method=\"post\" action=\"https:\/\/www.breastimplantsbymentor.ch\/fr\/wp-json\/wp\/v2\/pages\/2235\">\n<div class=\"et_pb_contact_field_0 et_pb_contact_field et_pb_module et_flex_module et_flex_column_12_24 et_flex_column_12_24_tablet et_flex_column_12_24_phone\" data-id=\"name\" data-type=\"input\"><label class=\"et_pb_contact_form_label\" for=\"et_pb_contact_0_name_0\">NOM<\/label><input type=\"text\" name=\"et_pb_contact_0_name_0\" id=\"et_pb_contact_0_name_0\" class=\"input\" data-required_mark=\"required\" data-field_type=\"input\" data-original_id=\"name\" placeholder=\"NOM\" title=\"\" value=\"\" \/><\/div>\n\n<div class=\"et_pb_contact_field_1 et_pb_contact_field et_pb_module et_flex_module et_flex_column_12_24 et_flex_column_12_24_tablet et_flex_column_12_24_phone\" data-id=\"surname\" data-type=\"input\"><label class=\"et_pb_contact_form_label\" for=\"et_pb_contact_0_surname_1\">PRENOM<\/label><input type=\"text\" name=\"et_pb_contact_0_surname_1\" id=\"et_pb_contact_0_surname_1\" class=\"input\" data-required_mark=\"required\" data-field_type=\"input\" data-original_id=\"surname\" placeholder=\"PRENOM\" title=\"\" value=\"\" \/><\/div>\n\n<div class=\"et_pb_contact_field_2 et_pb_contact_field et_pb_module et_flex_module et_flex_column_12_24 et_flex_column_12_24_tablet et_flex_column_12_24_phone\" data-id=\"email\" data-type=\"email\"><label class=\"et_pb_contact_form_label\" for=\"et_pb_contact_0_email_2\">ADRESSE E-MAIL<\/label><input type=\"text\" name=\"et_pb_contact_0_email_2\" id=\"et_pb_contact_0_email_2\" class=\"input\" data-required_mark=\"required\" data-field_type=\"email\" data-original_id=\"email\" placeholder=\"ADRESSE E-MAIL\" title=\"\" value=\"\" \/><\/div>\n\n<div class=\"et_pb_contact_field_3 et_pb_contact_field et_pb_module et_flex_module et_flex_column_12_24 et_flex_column_12_24_tablet et_flex_column_12_24_phone\" data-id=\"phone\" data-type=\"input\"><label class=\"et_pb_contact_form_label\" for=\"et_pb_contact_0_phone_3\">TELEPHONE<\/label><input type=\"text\" name=\"et_pb_contact_0_phone_3\" id=\"et_pb_contact_0_phone_3\" class=\"input\" data-required_mark=\"required\" data-field_type=\"input\" data-original_id=\"phone\" placeholder=\"TELEPHONE\" title=\"\" value=\"\" \/><\/div>\n\n<div class=\"et_pb_contact_field_4 et_pb_contact_field et_pb_module et_flex_module et_flex_column_12_24 et_flex_column_12_24_tablet et_flex_column_12_24_phone\" data-id=\"zip\" data-type=\"input\"><label class=\"et_pb_contact_form_label\" for=\"et_pb_contact_0_zip_4\">CODE POSTAL<\/label><input type=\"text\" name=\"et_pb_contact_0_zip_4\" id=\"et_pb_contact_0_zip_4\" class=\"input\" data-required_mark=\"required\" data-field_type=\"input\" data-original_id=\"zip\" placeholder=\"CODE POSTAL\" title=\"\" value=\"\" \/><\/div>\n\n<div class=\"et_pb_contact_field_5 et_pb_contact_field et_pb_module et_flex_module et_flex_column_12_24 et_flex_column_12_24_tablet et_flex_column_12_24_phone\" data-id=\"place\" data-type=\"input\"><label class=\"et_pb_contact_form_label\" for=\"et_pb_contact_0_place_5\">VILLE<\/label><input type=\"text\" name=\"et_pb_contact_0_place_5\" id=\"et_pb_contact_0_place_5\" class=\"input\" data-required_mark=\"required\" data-field_type=\"input\" data-original_id=\"place\" placeholder=\"VILLE\" title=\"\" value=\"\" \/><\/div>\n\n<div class=\"et_pb_contact_field_6 et_pb_contact_field et_pb_module et_flex_module et_flex_column_24_24 et_flex_column_24_24_tablet et_flex_column_24_24_phone\" data-id=\"message\" data-type=\"text\"><label class=\"et_pb_contact_form_label\" for=\"et_pb_contact_0_message_6\">MESSAGE<\/label><textarea name=\"et_pb_contact_0_message_6\" id=\"et_pb_contact_0_message_6\" class=\"et_pb_contact_message input\" data-required_mark=\"required\" data-field_type=\"text\" data-original_id=\"message\" placeholder=\"MESSAGE\"><\/textarea><\/div>\n\n<div class=\"et_pb_contact_field_7 et_pb_contact_field et_pb_module et_flex_module et_flex_column_24_24 et_flex_column_24_24_tablet et_flex_column_24_24_phone\" data-id=\"datenschutz\" data-type=\"checkbox\"><label class=\"et_pb_contact_form_label\">Information sur les donn\u00e9es personnelles<\/label><input type=\"hidden\" name=\"et_pb_contact_0_datenschutz_7\" class=\"et_pb_checkbox_handle\" data-required_mark=\"required\" data-field_type=\"checkbox\" data-original_id=\"datenschutz\" \/><span class=\"et_pb_contact_field_options_wrapper et_pb_field_module_checkbox\"><span class=\"et_pb_contact_field_options_title\">Information sur les donn\u00e9es personnelles<\/span><span class=\"et_pb_contact_field_options_list\"><span class=\"et_pb_contact_field_checkbox\"><input type=\"checkbox\" id=\"et_pb_contact_0_datenschutz_7_0\" class=\"input\" value=\"Accepter l&#039;information sur les donn\u00e9es personnelles: en envoyant ce formulaire, vous acceptez que nous enregistrions et traitions vos donn\u00e9es afin de traiter votre demande. Vous pouvez r\u00e9voquer votre consentement \u00e0 tout moment en envoyant un e-mail \u00e0 &#98;t&#x6c;c&#x68;&#64;&#x62;&#116;&#x6c;&#110;&#x65;&#116;&#46;&#x63;o&#x6d; ou aux coordonn\u00e9es fournies dans les mentions l\u00e9gales. Nous vous demandons en outre de bien vouloir vous r\u00e9f\u00e9rer \u00e0 nos dispositions relatives \u00e0 la protection des donn\u00e9es. \" data-required_mark=\"required\" data-field_type=\"checkbox\" data-original_id=\"datenschutz\" \/><label for=\"et_pb_contact_0_datenschutz_7_0\"><i><\/i>Accepter l'information sur les donn\u00e9es personnelles: en envoyant ce formulaire, vous acceptez que nous enregistrions et traitions vos donn\u00e9es afin de traiter votre demande. Vous pouvez r\u00e9voquer votre consentement \u00e0 tout moment en envoyant un e-mail \u00e0 b&#116;&#x6c;&#x63;h&#64;&#98;&#x74;&#x6c;n&#101;&#116;&#x2e;&#x63;o&#109; ou aux coordonn\u00e9es fournies dans les mentions l\u00e9gales. Nous vous demandons en outre de bien vouloir vous r\u00e9f\u00e9rer \u00e0 nos dispositions relatives \u00e0 la protection des donn\u00e9es.  <a target=\"_blank\" href=\"\/fr\/protection-des-donnees\/\">Voir informations sur les donn\u00e9es personnelles<\/a><\/label><\/span><\/span><\/span><\/div>\n<input type=\"hidden\" name=\"et_pb_contactform_submit_a009cff2-2ee9-4231-b1a2-2267fe3b01e3\" value=\"et_contact_proccess\" \/><div class=\"et_contact_bottom_container\"><div class=\"et_pb_button_wrapper\"><button type=\"submit\" name=\"et_builder_submit_button\" class=\"et_pb_button et_pb_contact_submit\">Envoyer<\/button><\/div><\/div><input type=\"hidden\" id=\"_wpnonce-et-pb-contact-form-submitted-a009cff2-2ee9-4231-b1a2-2267fe3b01e3\" name=\"_wpnonce-et-pb-contact-form-submitted-a009cff2-2ee9-4231-b1a2-2267fe3b01e3\" value=\"ea7733f4f8\" \/><input type=\"hidden\" name=\"_wp_http_referer\" value=\"\/fr\/wp-json\/wp\/v2\/pages\/2235\" \/><\/form><\/div><\/div>\n<\/div>\n<\/div>\n<\/div>","protected":false},"excerpt":{"rendered":"","protected":false},"author":1,"featured_media":0,"parent":0,"menu_order":0,"comment_status":"closed","ping_status":"closed","template":"","meta":{"inline_featured_image":false,"footnotes":""},"class_list":["post-2235","page","type-page","status-publish","hentry"],"_links":{"self":[{"href":"https:\/\/www.breastimplantsbymentor.ch\/fr\/wp-json\/wp\/v2\/pages\/2235","targetHints":{"allow":["GET"]}}],"collection":[{"href":"https:\/\/www.breastimplantsbymentor.ch\/fr\/wp-json\/wp\/v2\/pages"}],"about":[{"href":"https:\/\/www.breastimplantsbymentor.ch\/fr\/wp-json\/wp\/v2\/types\/page"}],"author":[{"embeddable":true,"href":"https:\/\/www.breastimplantsbymentor.ch\/fr\/wp-json\/wp\/v2\/users\/1"}],"replies":[{"embeddable":true,"href":"https:\/\/www.breastimplantsbymentor.ch\/fr\/wp-json\/wp\/v2\/comments?post=2235"}],"version-history":[{"count":12,"href":"https:\/\/www.breastimplantsbymentor.ch\/fr\/wp-json\/wp\/v2\/pages\/2235\/revisions"}],"predecessor-version":[{"id":9933,"href":"https:\/\/www.breastimplantsbymentor.ch\/fr\/wp-json\/wp\/v2\/pages\/2235\/revisions\/9933"}],"wp:attachment":[{"href":"https:\/\/www.breastimplantsbymentor.ch\/fr\/wp-json\/wp\/v2\/media?parent=2235"}],"curies":[{"name":"wp","href":"https:\/\/api.w.org\/{rel}","templated":true}]}}