{"id":2243,"date":"2023-08-09T12:42:16","date_gmt":"2023-08-09T10:42:16","guid":{"rendered":"https:\/\/www.breastimplantsbymentor.ch\/?page_id=2243"},"modified":"2026-03-10T13:32:11","modified_gmt":"2026-03-10T12:32:11","slug":"implants-mammaires-mentor-en-gel-memorygelmc","status":"publish","type":"page","link":"https:\/\/www.breastimplantsbymentor.ch\/fr\/nos-produits\/implants-mammaires-mentor-en-gel-memorygelmc\/","title":{"rendered":"Implants mammaires MENTOR\u00ae\u00a0en gel MemoryGelMC"},"content":{"rendered":"\n<div class=\"et_pb_section_0 et_pb_section et_section_regular et_block_section\"><div class=\"et_pb_row_0 et_pb_row et_block_row\"><div class=\"et_pb_column_0 et_pb_column et_pb_column_4_4 et-last-child et_block_column et_pb_css_mix_blend_mode_passthrough\"><div class=\"et_pb_text_0 et_pb_text et_pb_bg_layout_light et_pb_module et_block_module preset--module--divi-text--default\"><div class=\"et_pb_text_inner\" data-et-mv-hidden-tablet=\"true\" data-et-mv-hidden-phone=\"true\"><h1>Implants mammaires MENTOR<sup>\u00ae<\/sup><span>\u00a0<\/span>en gel MemoryGel<sup>MC<\/sup><\/h1>\n<p>Les implants mammaires MENTOR<sup>\u00ae<\/sup>\u00a0en gel MemoryGel<sup>MC<\/sup><span>\u00a0<\/span>se tiennent uniform\u00e9ment de sorte que leur texture ressemble davantage \u00e0 celle du tissu mammaire naturel, tout en vous offrant plus d'options parmi lesquelles vous pouvez choisir l\u2019apparence que vous d\u00e9sirez.<\/p>\n<\/div><\/div><\/div><\/div><\/div><div class=\"et_pb_section_1 et_pb_section et_section_regular et_block_section\"><div class=\"et_pb_row_1 et_pb_row et_pb_gutters1 et_block_row\"><div class=\"et_pb_column_1 et_pb_column et_pb_column_1_2 et_block_column et_pb_css_mix_blend_mode_passthrough\"><div class=\"et_pb_module et_pb_button_module_wrapper et_pb_button_0_wrapper\"><a class=\"et_pb_button_0 et_pb_button et_pb_bg_layout_light et_pb_module et_block_module\" href=\"\/fr\/nos-produits\/implants-mammaires-en-gel-memorygelmc-xtra\/\">Implants mammaires en gel MemoryGel Xtra<\/a><\/div><\/div><div class=\"et_pb_column_2 et_pb_column et_pb_column_1_2 et-last-child et_block_column et_pb_css_mix_blend_mode_passthrough\"><div class=\"et_pb_module et_pb_button_module_wrapper et_pb_button_1_wrapper\"><a class=\"et_pb_button_1 et_pb_button et_pb_bg_layout_light et_pb_module et_block_module\" href=\"\/produkte\/mentor-brustgewebe-expander\/\">Implants mammaires en gel MemoryGel<\/a><\/div><\/div><\/div><\/div><div class=\"et_pb_section_2 et_pb_section et_section_regular et_block_section\"><div class=\"et_pb_row_2 et_pb_row et_block_row\"><div class=\"et_pb_column_3 et_pb_column et_pb_column_4_4 et-last-child et_block_column et_pb_css_mix_blend_mode_passthrough\"><div class=\"et_pb_text_1 et_pb_text et_pb_bg_layout_light et_pb_module et_block_module et_pb_text_align_center preset--module--divi-text--default\"><div class=\"et_pb_text_inner\"><h2>Pourquoi choisir les implants mammaires en gel MemoryGel<sup>MC<\/sup>?<\/h2>\n<p class=\"text-align-center\">Les implants mammaires en gel MemoryGel<sup>MC<\/sup> offrent la texture douce et naturelle que les patientes d\u00e9sirent<sup>*1<\/sup><span>\u00a0<\/span>et la qualit\u00e9 sup\u00e9rieure \u00e0 laquelle les femmes s\u2019attendent de MENTOR<sup>\u00ae<\/sup>. Choisissez parmi une vaste gamme de tailles et de profils d\u2019implants qui s\u2019agenceront avec votre corps.<\/p>\n<\/div><\/div><div class=\"et_pb_image_0 et_pb_image et_pb_module et_block_module\"><span class=\"et_pb_image_wrap\"><img loading=\"lazy\" decoding=\"async\" src=\"https:\/\/www.breastimplantsbymentor.ch\/wp-content\/uploads\/2023\/08\/product-memorygel-lg.png\" width=\"945\" height=\"336\" srcset=\"https:\/\/www.breastimplantsbymentor.ch\/wp-content\/uploads\/2023\/08\/product-memorygel-lg.png 945w, https:\/\/www.breastimplantsbymentor.ch\/wp-content\/uploads\/2023\/08\/product-memorygel-lg-480x171.png 480w\" sizes=\"(min-width: 0px) and (max-width: 480px) 480px, (min-width: 481px) 945px, 100vw\" class=\"wp-image-394\" title=\"MemoryGel\u00ae\u202fBrustimplantate\" alt=\"MemoryGel\u00ae\u202fBrustimplantate\" \/><\/span><\/div><\/div><\/div><\/div><div class=\"et_pb_section_3 et_pb_section et_section_regular et_block_section\"><div class=\"et_pb_row_3 et_pb_row et_block_row\"><div class=\"et_pb_column_4 et_pb_column et_pb_column_4_4 et-last-child et_block_column et_pb_css_mix_blend_mode_passthrough\"><div class=\"et_pb_text_2 et_pb_text et_pb_bg_layout_light et_pb_module et_block_module et_pb_text_align_center preset--module--divi-text--default\"><div class=\"et_pb_text_inner\"><h2>Des d\u00e9cennies de satisfaction in\u00e9gal\u00e9e<\/h2>\n<p>Les implants mammaires MENTOR<sup>\u00ae<\/sup><span>\u00a0<\/span>en gel MemoryGel<sup>MC<\/sup> ont \u00e9t\u00e9\u00a0utilis\u00e9s et reconnus depuis plus de 30 ans par plus de 6 000 000 de femmes dans le monde entier.<\/p>\n<\/div><\/div><div class=\"et_pb_image_1 et_pb_image et_pb_module et_block_module\"><span class=\"et_pb_image_wrap\"><img loading=\"lazy\" decoding=\"async\" src=\"https:\/\/www.breastimplantsbymentor.ch\/wp-content\/uploads\/2023\/08\/fr-CA-infographic-customer-satisfaction-svg-sp_2.png\" width=\"555\" height=\"286\" srcset=\"https:\/\/www.breastimplantsbymentor.ch\/wp-content\/uploads\/2023\/08\/fr-CA-infographic-customer-satisfaction-svg-sp_2.png 555w, https:\/\/www.breastimplantsbymentor.ch\/wp-content\/uploads\/2023\/08\/fr-CA-infographic-customer-satisfaction-svg-sp_2-480x247.png 480w\" sizes=\"(min-width: 0px) and (max-width: 480px) 480px, (min-width: 481px) 555px, 100vw\" class=\"wp-image-2260\" title=\"Des d\u00e9cennies de satisfaction in\u00e9gal\u00e9e\" alt=\"Des d\u00e9cennies de satisfaction in\u00e9gal\u00e9e\" \/><\/span><\/div><div class=\"et_pb_text_3 et_pb_text et_pb_bg_layout_light et_pb_module et_block_module et_pb_text_align_center preset--module--divi-text--default\"><div class=\"et_pb_text_inner\"><p>D\u2019apr\u00e8s un sondage aupr\u00e8s des patientes \u00e0 10 ans <sup>3-12<\/sup>\u00a0:<\/p>\n<\/div><\/div><div class=\"et_pb_image_2 et_pb_image et_pb_module et_block_module\"><span class=\"et_pb_image_wrap\"><img loading=\"lazy\" decoding=\"async\" src=\"https:\/\/www.breastimplantsbymentor.ch\/wp-content\/uploads\/2023\/08\/fr-CA-infographic-customer-satisfaction-numbers1_0.png\" width=\"555\" height=\"95\" srcset=\"https:\/\/www.breastimplantsbymentor.ch\/wp-content\/uploads\/2023\/08\/fr-CA-infographic-customer-satisfaction-numbers1_0.png 555w, https:\/\/www.breastimplantsbymentor.ch\/wp-content\/uploads\/2023\/08\/fr-CA-infographic-customer-satisfaction-numbers1_0-480x82.png 480w\" sizes=\"(min-width: 0px) and (max-width: 480px) 480px, (min-width: 481px) 555px, 100vw\" class=\"wp-image-2262\" title=\"Des d\u00e9cennies de satisfaction in\u00e9gal\u00e9e\" alt=\"Des d\u00e9cennies de satisfaction in\u00e9gal\u00e9e\" \/><\/span><\/div><\/div><\/div><\/div><div class=\"et_pb_section_4 et_pb_section et_section_regular et_block_section\"><div class=\"et_pb_row_4 et_pb_row et_block_row\"><div class=\"et_pb_column_5 et_pb_column et_pb_column_4_4 et-last-child et_block_column et_pb_css_mix_blend_mode_passthrough\"><div class=\"et_pb_text_4 et_pb_text et_pb_bg_layout_light et_pb_module et_block_module et_pb_text_align_center preset--module--divi-text--default\"><div class=\"et_pb_text_inner\"><h2>Notre promesse<\/h2>\n<\/div><\/div><div class=\"et_pb_image_3 et_pb_image et_pb_module et_block_module\"><span class=\"et_pb_image_wrap\"><img loading=\"lazy\" decoding=\"async\" src=\"https:\/\/www.breastimplantsbymentor.ch\/wp-content\/uploads\/2025\/08\/Warranty-Icon_0.webp\" width=\"450\" height=\"450\" srcset=\"https:\/\/www.breastimplantsbymentor.ch\/wp-content\/uploads\/2025\/08\/Warranty-Icon_0.webp 450w, https:\/\/www.breastimplantsbymentor.ch\/wp-content\/uploads\/2025\/08\/Warranty-Icon_0-300x300.webp 300w, https:\/\/www.breastimplantsbymentor.ch\/wp-content\/uploads\/2025\/08\/Warranty-Icon_0-150x150.webp 150w\" sizes=\"(max-width: 450px) 100vw, 450px\" class=\"wp-image-9710\" title=\"Warranty Icon_0\" alt=\"MENTOR\u00ae Brustimplantate\" \/><\/span><\/div><div class=\"et_pb_text_5 et_pb_text et_pb_bg_layout_light et_pb_module et_block_module et_pb_text_align_center preset--module--divi-text--default\"><div class=\"et_pb_text_inner\"><p><strong>La promesse MENTOR<sup>\u00ae<\/sup><\/strong><\/p>\n<p><span>Obtenez la tranquillit\u00e9 d'esprit que vous m\u00e9ritez en sachant que les implants mammaires MENTOR<sup>\u00ae<\/sup>\u00a0en gel MemoryGel<sup>MC<\/sup>\u00a0sont couverts par la garantie la meilleure et la plus compl\u00e8te de l\u2019industrie <sup>13-16<\/sup>, pour vous assurer d'avoir acc\u00e8s \u00e0 un soutien longtemps apr\u00e8s votre intervention.<\/span><\/p>\n<\/div><\/div><div class=\"et_pb_module et_pb_button_module_wrapper et_pb_button_2_wrapper\"><a class=\"et_pb_button_2 et_pb_button et_pb_bg_layout_light et_pb_module et_block_module\" href=\"\/fr\/garantie\/\" target=\"_blank\" data-icon=\"\uf061\">En savoir plus sur la garantie MENTOR\u00ae<\/a><\/div><\/div><\/div><\/div><div class=\"et_pb_section_5 et_pb_section et_section_regular et_block_section\"><div class=\"et_pb_row_5 et_pb_row et_block_row\"><div class=\"et_pb_column_6 et_pb_column et_pb_column_4_4 et-last-child et_block_column et_pb_css_mix_blend_mode_passthrough\"><div class=\"et_pb_text_6 et_pb_text et_pb_bg_layout_light et_pb_module et_block_module preset--module--divi-text--default\"><div class=\"et_pb_text_inner\"><p class=\"text-align-center\">* Comparativement aux implants remplis de solution saline.<\/p>\n<p class=\"text-align-center\">\u2020 D\u2019apr\u00e8s un sondage effectu\u00e9 aupr\u00e8s des patientes \u00e0 10 ans, dans le cadre du rapport final sur l\u2019\u00e9tude clinique<span>\u00a0<\/span><i>MENTOR<\/i><i><sup>\u00ae<\/sup><\/i><i>MemoryGel<\/i><sup>MC<\/sup><i>Breast Implant 10-Year Core Gel<\/i>. MENTOR<sup>\u00ae<\/sup><span>\u00a0<\/span>Worldwide LLC. MemoryGel<sup>MC<\/sup><span>\u00a0<\/span>Core Gel Clinical Study Final Report. Avril 2013.<\/p>\n<p class=\"text-align-center\">\u00a01. Bondurant, S., Ernster, V., and Herdman, R. Safety of Silicone Implant. Washington, DC: National Academy Press. 1999. MENTOR<sup>\u00ae<\/sup><span>\u00a0<\/span>Worldwide LLC. MENTOR<sup>\u00ae<\/sup><span>\u00a0<\/span>Worldwide Historical Implant Data 1985 \u2013 Mai 2018.<\/p>\n<p class=\"text-align-center\">2. MENTOR<sup>\u00ae<\/sup><span>\u00a0<\/span>Worldwide LLC.. MemoryGel<sup>MC<\/sup><span>\u00a0<\/span>Core Gel Clinical Study Final Report. Avril 2013.<\/p>\n<p class=\"text-align-center\">3. Summary of the Safety and E\ufb00ectiveness of MENTOR<sup>\u00ae<\/sup>\u2019s MemoryGel<sup>MC<\/sup><span>\u00a0<\/span>Silicone Gel-Filled Implants in Patients who are Undergoing Primary Breast Augmentation, Primary Breast Reconstruction, or Revision. 10-Year Core Gel Final Clinical Study Report. Avril 2013.<\/p>\n<p class=\"text-align-center\">4. MemoryGel<sup>MC<\/sup><span>\u00a0<\/span>Post Approval Study Seventh Annual Report. Le 5 novembre 2013.<\/p>\n<p class=\"text-align-center\">5. Adjunct Study Final Report for MENTOR<sup>\u00ae<\/sup>\u2019s MemoryGel<sup>MC<\/sup><span>\u00a0<\/span>Silicone Gel-Filled Breast Implants. Le 2 novembre 2012.<\/p>\n<p class=\"text-align-center\">6. MENTOR<sup>\u00ae<\/sup><span>\u00a0<\/span>Worldwide, LLC. MemoryShape<sup>MC<\/sup><span>\u00a0<\/span>Post-Approval Cohort Study (formerly Contour Pro\ufb01le Gel Core Study) Final Clinical Study Report. Le 2 juin 2015.<\/p>\n<p class=\"text-align-center\">7. MENTOR<sup>\u00ae<\/sup><span>\u00a0<\/span>Becker Expander\/Breast Implant Clinical Trial 2013 Annual Report.<\/p>\n<p class=\"text-align-center\">\u00a08. Adjunct Study Annual Report for MENTOR<sup>\u00ae<\/sup>'s Becker Adjustable Breast Implants: Year 18 (septembre 1992 \u00e0 novembre 2010). Le 3 octobre 2011.<\/p>\n<p class=\"text-align-center\">9. CPG<sup>MC<\/sup><span>\u00a0<\/span>Styles Study: A Study of the Safety of the Contour Pro\ufb01le Gel Breast Implants in Subjects who are Undergoing Primary Breast Augmentation, Primary Breast Reconstruction, or Revision.2015.<\/p>\n<p class=\"text-align-center\">10.\u00a0MemoryShape<sup>MC<\/sup><span>\u00a0<\/span>Post-Approval Continued Access Study (formerly Contour Pro\ufb01le Gel Continued Access Study). 2014.<\/p>\n<p class=\"text-align-center\">11. Athena Study annual report (Sept 2018): A Study of the Safety and E\ufb00ectiveness of the Mentor<sup>\u00ae<\/sup><span>\u00a0<\/span>Smooth and Textured Larger Size MemoryGel<sup>MC<\/sup><span>\u00a0<\/span>Ultra High Pro\ufb01le (UHP-L) Breast Implants in Subjects who are Undergoing Primary Breast Reconstruction or Revision Reconstruction.<\/p>\n<p class=\"text-align-center\">12. Glow Study annual report (Feb 2018): Memory Gel and Shape Combined Cohort Post Approval Study.<\/p>\n<p class=\"text-align-center\"><a href=\"http:\/\/www.natrellesurgeon.com\/Content\/assets\/\" class=\"ext\" data-extlink=\"\" target=\"_blank\" rel=\"noopener noreferrer\" role=\"button\">13. Garantie d\u2019Allergan. http:\/\/www.natrellesurgeon.com\/Content\/assets\/ Natrelle_Warranty%20Brochure_DFU. Accessed 04\/12\/2018.<\/a><\/p>\n<p class=\"text-align-center\"><a href=\"http:\/\/www.sientra.com\/Content\/pdfs\/\" class=\"ext\" data-extlink=\"\" target=\"_blank\" rel=\"noopener noreferrer\" role=\"button\">14. Politique de remplacement du produit et garantie de Sientra. http:\/\/www.sientra.com\/Content\/pdfs\/ Warranty_Terms_And_Conditions.pdf. Consult\u00e9 le 04\/12\/2018.<\/a><\/p>\n<p class=\"text-align-center\"><a href=\"http:\/\/www.sientra.com\/Content\/pdfs\/\" class=\"ext\" data-extlink=\"\" target=\"_blank\" rel=\"noopener noreferrer\" role=\"button\">15. Garantie de Sientra CapCon. http:\/\/www.sientra.com\/Content\/pdfs\/ CapCon_Care_Program_Terms_and_Conditions.pdf. Consult\u00e9 le 04\/12\/2018.<\/a><\/p>\n<p class=\"text-align-center\">16. Envoi de Sientra aux chirurgiens plasticiens des \u00c9tats-Unis.<\/p>\n<\/div><\/div><div class=\"et_pb_text_7 et_pb_text et_pb_bg_layout_light et_pb_module et_block_module preset--module--divi-text--default\"><div class=\"et_pb_text_inner\"><p><strong><a href=\"https:\/\/www.breastimplantsbymentor.ch\/fr\/garantie\/\">MENTOR<sup>\u00ae<\/sup><span>\u00a0<\/span>s\u2019engage \u00e0 assurer l\u2019innocuit\u00e9 de ses produits. Voyez comment.<\/a><\/strong><\/p>\n<\/div><\/div><div class=\"et_pb_text_8 et_pb_text et_pb_bg_layout_light et_pb_module et_block_module preset--module--divi-text--default\"><div class=\"et_pb_text_inner\"><p><strong>RENSEIGNEMENTS IMPORTANTS SUR L\u2019INNOCUIT\u00c9:<\/strong><\/p>\n<p>Les implants mammaires MENTOR<sup>\u00ae<span>\u00a0<\/span><\/sup>MemoryGel<sup>MC<\/sup><span>\u00a0<\/span>et MENTOR<sup>\u00ae<span>\u00a0<\/span><\/sup>remplis de solution saline sont indiqu\u00e9s pour l\u2019augmentation mammaire chez les femmes de 22 ans et plus dans le cas des implants MemoryGel<sup>MC<\/sup>, et de 18 ans et plus dans le cas des implants remplis de solution saline, ou pour la reconstruction mammaire. Les implants mammaires et proth\u00e8ses d\u2019expansion MENTOR<sup>\u00ae<\/sup><span>\u00a0<\/span>MemoryGel<sup>MC<\/sup><span>\u00a0<\/span>SILTEX<sup>MC<\/sup><span>\u00a0<\/span>BECKER<sup>MC<\/sup><span>\u00a0<\/span>sont indiqu\u00e9s pour la reconstruction mammaire. Les interventions d\u2019implantation mammaire sont contre-indiqu\u00e9es chez les femmes pr\u00e9sentant une infection active, quel qu\u2019en soit le si\u00e8ge, chez les femmes atteintes d\u2019un cancer du sein av\u00e9r\u00e9 ou d\u2019un \u00e9tat pr\u00e9canc\u00e9reux du sein et qui n\u2019ont pas re\u00e7u de traitement ad\u00e9quat, et chez les femmes enceintes ou qui allaitent.<\/p>\n<p>Les implants mammaires ne sont pas consid\u00e9r\u00e9s comme des produits \u00e0 vie, et d\u2019autres interventions chirurgicales au niveau des seins et\/ou d\u2019autres implants pourraient \u00eatre n\u00e9cessaires au cours de la vie.<\/p>\n<p>Les complications les plus fr\u00e9quentes associ\u00e9es aux interventions d\u2019augmentation et de reconstruction mammaires avec les implants MemoryGel<sup>MC<\/sup><span>\u00a0<\/span>incluent une nouvelle intervention, la contracture capsulaire, la douleur mammaire, le retrait de l\u2019implant avec ou sans remplacement, et la ptose. La rupture est une autre complication possible, mais son risque est plus faible. Les cons\u00e9quences pour la sant\u00e9 de la rupture d\u2019un implant mammaire rempli de gel de silicone n\u2019ont pas \u00e9t\u00e9 pleinement \u00e9tablies. On recommande un d\u00e9pistage par IRM trois ans apr\u00e8s la pose initiale des implants, puis tous les deux ans par la suite, pour d\u00e9celer une rupture silencieuse.<\/p>\n<p>Les complications les plus fr\u00e9quentes associ\u00e9es aux implants mammaires et proth\u00e8ses d\u2019expansion MENTOR<sup>\u00ae<\/sup><span>\u00a0<\/span>MemoryGel<sup>MC<\/sup><span>\u00a0<\/span>SILTEX<sup>MC<\/sup><span>\u00a0<\/span>BECKER<sup>MC<\/sup><span>\u00a0<\/span>concordent avec les types de complications associ\u00e9es aux autres implants mammaires remplis de gel qui ont \u00e9t\u00e9 observ\u00e9es dans les \u00e9tudes.<\/p>\n<p>Les complications les plus fr\u00e9quentes associ\u00e9es aux implants mammaires MENTOR<sup>\u00ae<\/sup><span>\u00a0<\/span>remplis de solution saline incluent une nouvelle intervention, le retrait des implants, la contracture capsulaire, la douleur mammaire, la formation de plis et le d\u00e9gonflement.<\/p>\n<p>Les patientes devant recevoir des implants MemoryGel<sup>MC<\/sup><span>\u00a0<\/span>doivent recevoir un exemplaire du document<span>\u00a0<\/span><i>Information importante pour les femmes envisageant une augmentation mammaire au moyen des implants mammaires MENTOR<sup>\u00ae<\/sup><span>\u00a0<\/span>MemoryGel<sup>MC<\/sup><\/i>\u2009ou<span>\u00a0<\/span><i>Information importante pour les femmes envisageant une reconstruction mammaire au moyen des implants mammaires MENTOR<sup>\u00ae<\/sup><span>\u00a0<\/span>MemoryGel<sup>MC<\/sup><\/i>. Les patientes devant recevoir des implants mammaires\/proth\u00e8ses d\u2019expansion MemoryGel<sup>MC<\/sup><span>\u00a0<\/span>BECKER<sup>MC<\/sup><span>\u00a0<\/span>doivent recevoir un exemplaire du document<i>\u2009Information importante pour les femmes envisageant une reconstruction mammaire au moyen des implants mammaires\/proth\u00e8ses d\u2019expansion MENTOR<sup>\u00ae<\/sup><\/i>MemoryGel<sup>MC<\/sup><i>BECKER<\/i><sup>MC<\/sup>. Les patientes devant recevoir des implants MENTOR<sup>\u00ae<\/sup><span>\u00a0<\/span>remplis de solution saline doivent recevoir un exemplaire de la brochure<span>\u00a0<\/span><i>Implants mammaires remplis de solution saline\u2009: Prendre une d\u00e9cision \u00e9clair\u00e9e<\/i>.<\/p>\n<p>Elles doivent avoir lu et compris l\u2019information concernant les risques et les bienfaits associ\u00e9s aux implants mammaires et doivent pouvoir consulter un chirurgien plasticien avant de prendre une d\u00e9cision relative \u00e0 l\u2019intervention chirurgicale.<\/p>\n<p>Les proth\u00e8ses d\u2019expansion CONTOUR PROFILE<sup>MC<\/sup><span>\u00a0<\/span>(CPX4<sup>MC<\/sup>) sont utilis\u00e9es durant les interventions de reconstruction mammaire apr\u00e8s une mastectomie, de correction d\u2019un sein sous-d\u00e9velopp\u00e9, de r\u00e9vision de cicatrice et de d\u00e9faut tissulaire. Les proth\u00e8ses d\u2019expansion sont destin\u00e9es \u00e0 l\u2019implantation sous-cutan\u00e9e ou r\u00e9tromusculaire temporaire et ne doivent pas demeurer en place pendant plus de six mois. Ne pas utiliser les proth\u00e8ses d\u2019expansion CONTOUR PROFILE<sup>MC<\/sup><span>\u00a0<\/span>(CPX4<sup>MC<\/sup>) chez les patientes qui pourraient n\u00e9cessiter une IRM. Le dispositif pourrait bouger lors d\u2019une IRM, causant de la douleur ou un d\u00e9placement, ce qui pourrait n\u00e9cessiter une intervention de r\u00e9vision. Il a \u00e9t\u00e9 d\u00e9montr\u00e9 que la fr\u00e9quence de l\u2019extrusion de la proth\u00e8se augmente lorsque celle-ci est implant\u00e9e dans des zones o\u00f9 des l\u00e9sions sont pr\u00e9sentes.<\/p>\n<p>Pour obtenir les indications, contre-indications, mises en garde et pr\u00e9cautions d\u00e9taill\u00e9es associ\u00e9es \u00e0 l\u2019emploi de tous les dispositifs d\u2019implantation MENTOR<sup>\u00ae<\/sup>, y compris les implants MENTOR<sup>\u00ae<\/sup><span>\u00a0<\/span>remplis de solution saline, les implants MemoryGel<sup>MC<\/sup>, Les implants mammaires\/proth\u00e8ses d\u2019expansion MemoryGel<sup>MC<\/sup><span>\u00a0<\/span>BECKER<sup>MC<\/sup><span>\u00a0<\/span>et les proth\u00e8ses d\u2019expansion CONTOUR PROFILE<sup>MC<\/sup><span>\u00a0<\/span>(CPX4<sup>MC<\/sup>), consulter la notice fournie avec chaque produit ou visiter le<span>\u00a0<\/span><a href=\"https:\/\/www.jnjmedicaldevices.com\/en-CA\/mentor\" class=\"ext\" data-extlink=\"\" target=\"_blank\" rel=\"noopener noreferrer\" role=\"button\">https:\/\/www.jnjmedicaldevices.com\/en-CA\/mentor<\/a><\/p>\n<\/div><\/div><\/div><\/div><\/div>\n","protected":false},"excerpt":{"rendered":"","protected":false},"author":1,"featured_media":0,"parent":2199,"menu_order":0,"comment_status":"closed","ping_status":"closed","template":"","meta":{"inline_featured_image":false,"footnotes":""},"class_list":["post-2243","page","type-page","status-publish","hentry"],"_links":{"self":[{"href":"https:\/\/www.breastimplantsbymentor.ch\/fr\/wp-json\/wp\/v2\/pages\/2243","targetHints":{"allow":["GET"]}}],"collection":[{"href":"https:\/\/www.breastimplantsbymentor.ch\/fr\/wp-json\/wp\/v2\/pages"}],"about":[{"href":"https:\/\/www.breastimplantsbymentor.ch\/fr\/wp-json\/wp\/v2\/types\/page"}],"author":[{"embeddable":true,"href":"https:\/\/www.breastimplantsbymentor.ch\/fr\/wp-json\/wp\/v2\/users\/1"}],"replies":[{"embeddable":true,"href":"https:\/\/www.breastimplantsbymentor.ch\/fr\/wp-json\/wp\/v2\/comments?post=2243"}],"version-history":[{"count":11,"href":"https:\/\/www.breastimplantsbymentor.ch\/fr\/wp-json\/wp\/v2\/pages\/2243\/revisions"}],"predecessor-version":[{"id":9885,"href":"https:\/\/www.breastimplantsbymentor.ch\/fr\/wp-json\/wp\/v2\/pages\/2243\/revisions\/9885"}],"up":[{"embeddable":true,"href":"https:\/\/www.breastimplantsbymentor.ch\/fr\/wp-json\/wp\/v2\/pages\/2199"}],"wp:attachment":[{"href":"https:\/\/www.breastimplantsbymentor.ch\/fr\/wp-json\/wp\/v2\/media?parent=2243"}],"curies":[{"name":"wp","href":"https:\/\/api.w.org\/{rel}","templated":true}]}}