{"id":2278,"date":"2023-08-09T12:57:35","date_gmt":"2023-08-09T10:57:35","guid":{"rendered":"https:\/\/www.breastimplantsbymentor.ch\/?page_id=2278"},"modified":"2026-03-10T13:32:12","modified_gmt":"2026-03-10T12:32:12","slug":"protheses-mammaires-mentor-en-gel-contour-profile-gel-cpg","status":"publish","type":"page","link":"https:\/\/www.breastimplantsbymentor.ch\/fr\/nos-produits\/protheses-mammaires-mentor-en-gel-contour-profile-gel-cpg\/","title":{"rendered":"Proth\u00e8ses mammaires MENTOR\u00ae\u00a0en gel Contour Profile Gel\u00a0(CPG)"},"content":{"rendered":"\n<div class=\"et_pb_section_0 et_pb_section et_section_regular et_block_section\"><div class=\"et_pb_row_0 et_pb_row et_block_row\"><div class=\"et_pb_column_0 et_pb_column et_pb_column_4_4 et-last-child et_block_column et_pb_css_mix_blend_mode_passthrough\"><div class=\"et_pb_text_0 et_pb_text et_pb_bg_layout_light et_pb_module et_block_module preset--module--divi-text--default\"><div class=\"et_pb_text_inner\" data-et-mv-hidden-tablet=\"true\" data-et-mv-hidden-phone=\"true\"><h1>Proth\u00e8ses mammaires MENTOR<sup>\u00ae<\/sup><span>\u00a0<\/span>en gel Contour Profile Gel<sup>MC<\/sup><span>\u00a0<\/span>(CPG<sup>MC<\/sup>)<\/h1>\n<p class=\"text-align-center\">Vous recherchez une forme et une texture naturelles? Les proth\u00e8ses mammaires MENTOR<sup>\u00ae<\/sup><span>\u00a0<\/span>en gel CPG<sup>MC<\/sup><span>\u00a0<\/span>sont constitu\u00e9es d\u2019un gel coh\u00e9sif exclusif qui se tient uniform\u00e9ment pour procurer une silhouette lisse et naturelle.<\/p>\n<\/div><\/div><\/div><\/div><\/div><div class=\"et_pb_section_1 et_pb_section et_section_regular et_block_section\"><div class=\"et_pb_row_1 et_pb_row et_block_row\"><div class=\"et_pb_column_1 et_pb_column et_pb_column_4_4 et-last-child et_block_column et_pb_css_mix_blend_mode_passthrough\"><div class=\"et_pb_text_1 et_pb_text et_pb_bg_layout_light et_pb_module et_block_module et_pb_text_align_center preset--module--divi-text--default\"><div class=\"et_pb_text_inner\"><h2>Design \u00e9prouv\u00e9<\/h2>\n<p>Depuis plus de 10 ans, les femmes choisissent les implants remplis de gel CPG<sup>MC<\/sup><span>\u00a0<\/span>; la forme naturelle du sein et sa projection sont maintenues au fil du temps<sup>1<\/sup>.<\/p>\n<\/div><\/div><\/div><\/div><div class=\"et_pb_row_2 et_pb_row et_block_row\"><div class=\"et_pb_column_2 et_pb_column et_pb_column_4_4 et-last-child et_block_column et_pb_css_mix_blend_mode_passthrough\"><div class=\"et_pb_image_0 et_pb_image et_pb_module et_block_module\"><span class=\"et_pb_image_wrap\"><img loading=\"lazy\" decoding=\"async\" src=\"https:\/\/www.breastimplantsbymentor.ch\/wp-content\/uploads\/2023\/08\/product-memoryshape-sm.png\" width=\"280\" height=\"200\" srcset=\"https:\/\/www.breastimplantsbymentor.ch\/wp-content\/uploads\/2023\/08\/product-memoryshape-sm.png 280w\" sizes=\"(max-width: 280px) 100vw, 280px\" class=\"wp-image-2104\" title=\"MENTOR\u00ae Brustimplantate\" alt=\"MENTOR\u00ae Brustimplantate\" \/><\/span><\/div><\/div><\/div><\/div><div class=\"et_pb_section_2 et_pb_section et_section_regular et_block_section\"><div class=\"et_pb_row_3 et_pb_row et_block_row\"><div class=\"et_pb_column_3 et_pb_column et_pb_column_4_4 et-last-child et_block_column et_pb_css_mix_blend_mode_passthrough\"><div class=\"et_pb_video_0 et_pb_video et_pb_module et_block_module\"><div class=\"et_pb_video_box\"><iframe loading=\"lazy\" title=\"MENTOR\u00ae CPG\u2122  Gel Breast Implants  EMEA\" width=\"1080\" height=\"608\" src=\"https:\/\/www.youtube-nocookie.com\/embed\/LJf7nO-kJDw?feature=oembed&modestbranding=1&rel=0&showinfo=0\"  allow=\"accelerometer; autoplay; clipboard-write; encrypted-media; gyroscope; picture-in-picture; web-share\" referrerpolicy=\"strict-origin-when-cross-origin\" allowfullscreen><\/iframe><\/div><\/div><div class=\"et_pb_module et_pb_button_module_wrapper et_pb_button_0_wrapper\"><a class=\"et_pb_button_0 et_pb_button et_pb_bg_layout_light et_pb_module et_block_module\" href=\"https:\/\/www.youtube.com\/watch?v=tkFFOXwSnpo\" target=\"_blank\" data-icon=\"\uf061\">Regarder la vid\u00e9o sur Youtube<\/a><\/div><\/div><\/div><div class=\"et_pb_row_4 et_pb_row et_block_row\"><div class=\"et_pb_column_4 et_pb_column et_pb_column_4_4 et-last-child et_block_column et_pb_css_mix_blend_mode_passthrough\"><div class=\"et_pb_text_2 et_pb_text et_pb_bg_layout_light et_pb_module et_block_module preset--module--divi-text--default\"><div class=\"et_pb_text_inner\"><p>Infos sur la protection des donn\u00e9es : nous utilisons la fonction No-Cookies de YouTube, c'est-\u00e0-dire que nous avons activ\u00e9 la protection \u00e9tendue des donn\u00e9es, les vid\u00e9os ne sont pas appel\u00e9es via youtube.com, mais via youtube-nocookie.com. Nous souhaitons attirer votre attention sur le fait que lors de la lecture des vid\u00e9os, des donn\u00e9es sont transmises au fournisseur concern\u00e9.<\/p>\n<\/div><\/div><\/div><\/div><\/div><div class=\"et_pb_section_3 et_pb_section et_section_regular et_block_section\"><div class=\"et_pb_row_5 et_pb_row et_block_row\"><div class=\"et_pb_column_5 et_pb_column et_pb_column_1_3 et_block_column et_pb_css_mix_blend_mode_passthrough\"><div class=\"et_pb_image_1 et_pb_image et_pb_module et_block_module\"><span class=\"et_pb_image_wrap\"><img loading=\"lazy\" decoding=\"async\" src=\"https:\/\/www.breastimplantsbymentor.ch\/wp-content\/uploads\/2025\/08\/Icon_Projection.webp\" width=\"338\" height=\"338\" srcset=\"https:\/\/www.breastimplantsbymentor.ch\/wp-content\/uploads\/2025\/08\/Icon_Projection.webp 338w, https:\/\/www.breastimplantsbymentor.ch\/wp-content\/uploads\/2025\/08\/Icon_Projection-300x300.webp 300w, https:\/\/www.breastimplantsbymentor.ch\/wp-content\/uploads\/2025\/08\/Icon_Projection-150x150.webp 150w\" sizes=\"(max-width: 338px) 100vw, 338px\" class=\"wp-image-9739\" title=\"Projektion\" alt=\"Projektion\" \/><\/span><\/div><div class=\"et_pb_text_3 et_pb_text et_pb_bg_layout_light et_pb_module et_block_module et_pb_text_align_center preset--module--divi-text--default\"><div class=\"et_pb_text_inner\"><h4 class=\"h3 text-align-center\">Projection<\/h4>\n<p class=\"text-align-center\">Leur forme effil\u00e9e exclusive donne plus de projection au p\u00f4le inf\u00e9rieur, pour une projection maximale \u00e0 l\u2019emplacement n\u00e9cessaire.<\/p>\n<\/div><\/div><\/div><div class=\"et_pb_column_6 et_pb_column et_pb_column_1_3 et_block_column et_pb_css_mix_blend_mode_passthrough\"><div class=\"et_pb_image_2 et_pb_image et_pb_module et_block_module\"><span class=\"et_pb_image_wrap\"><img loading=\"lazy\" decoding=\"async\" src=\"https:\/\/www.breastimplantsbymentor.ch\/wp-content\/uploads\/2025\/08\/Icon_Efficiency.webp\" width=\"338\" height=\"338\" srcset=\"https:\/\/www.breastimplantsbymentor.ch\/wp-content\/uploads\/2025\/08\/Icon_Efficiency.webp 338w, https:\/\/www.breastimplantsbymentor.ch\/wp-content\/uploads\/2025\/08\/Icon_Efficiency-300x300.webp 300w, https:\/\/www.breastimplantsbymentor.ch\/wp-content\/uploads\/2025\/08\/Icon_Efficiency-150x150.webp 150w\" sizes=\"(max-width: 338px) 100vw, 338px\" class=\"wp-image-9737\" title=\"Leistung\" alt=\"Leistung\" \/><\/span><\/div><div class=\"et_pb_text_4 et_pb_text et_pb_bg_layout_light et_pb_module et_block_module et_pb_text_align_center preset--module--divi-text--default\"><div class=\"et_pb_text_inner\"><h4 class=\"h3 text-align-center\">Performance<\/h4>\n<p>Le plus faible taux signal\u00e9 de complications importantes \u00e0 10 ans chez les patientes ayant subi une augmentation mammaire primaire<sup>*1-5<\/sup>.<\/p>\n<\/div><\/div><\/div><div class=\"et_pb_column_7 et_pb_column et_pb_column_1_3 et-last-child et_block_column et_pb_css_mix_blend_mode_passthrough\"><div class=\"et_pb_image_3 et_pb_image et_pb_module et_block_module\"><span class=\"et_pb_image_wrap\"><img loading=\"lazy\" decoding=\"async\" src=\"https:\/\/www.breastimplantsbymentor.ch\/wp-content\/uploads\/2025\/08\/Icon_Reliability_1.webp\" width=\"338\" height=\"338\" srcset=\"https:\/\/www.breastimplantsbymentor.ch\/wp-content\/uploads\/2025\/08\/Icon_Reliability_1.webp 338w, https:\/\/www.breastimplantsbymentor.ch\/wp-content\/uploads\/2025\/08\/Icon_Reliability_1-300x300.webp 300w, https:\/\/www.breastimplantsbymentor.ch\/wp-content\/uploads\/2025\/08\/Icon_Reliability_1-150x150.webp 150w\" sizes=\"(max-width: 338px) 100vw, 338px\" class=\"wp-image-9722\" title=\"DAS MENTOR\u2122 BEKENNTNIS ZU SICHERHEIT\" alt=\"DAS MENTOR\u2122 BEKENNTNIS ZU SICHERHEIT\" \/><\/span><\/div><div class=\"et_pb_text_5 et_pb_text et_pb_bg_layout_light et_pb_module et_block_module et_pb_text_align_center preset--module--divi-text--default\"><div class=\"et_pb_text_inner\"><h4>Tranquillit\u00e9 d\u2019esprit<\/h4>\n<p class=\"text-align-center\">Leur texture SILTEX<sup>MC<\/sup><span>\u00a0<\/span>peut contribuer \u00e0 la r\u00e9duction des complications importantes de l\u2019augmentation primaire<sup>6,7<\/sup>.<\/p>\n<\/div><\/div><\/div><\/div><\/div><div class=\"et_pb_section_4 et_pb_section et_section_regular et_block_section\"><div class=\"et_pb_row_6 et_pb_row et_block_row\"><div class=\"et_pb_column_8 et_pb_column et_pb_column_4_4 et-last-child et_block_column et_pb_css_mix_blend_mode_passthrough\"><div class=\"et_pb_text_6 et_pb_text et_pb_bg_layout_light et_pb_module et_block_module et_pb_text_align_center preset--module--divi-text--default\"><div class=\"et_pb_text_inner\"><h2>Notre promesse<\/h2>\n<\/div><\/div><div class=\"et_pb_image_4 et_pb_image et_pb_module et_block_module\"><span class=\"et_pb_image_wrap\"><img loading=\"lazy\" decoding=\"async\" src=\"https:\/\/www.breastimplantsbymentor.ch\/wp-content\/uploads\/2025\/08\/Warranty-Icon_0.webp\" width=\"450\" height=\"450\" srcset=\"https:\/\/www.breastimplantsbymentor.ch\/wp-content\/uploads\/2025\/08\/Warranty-Icon_0.webp 450w, https:\/\/www.breastimplantsbymentor.ch\/wp-content\/uploads\/2025\/08\/Warranty-Icon_0-300x300.webp 300w, https:\/\/www.breastimplantsbymentor.ch\/wp-content\/uploads\/2025\/08\/Warranty-Icon_0-150x150.webp 150w\" sizes=\"(max-width: 450px) 100vw, 450px\" class=\"wp-image-9710\" title=\"Warranty Icon_0\" alt=\"MENTOR\u00ae Brustimplantate\" \/><\/span><\/div><div class=\"et_pb_text_7 et_pb_text et_pb_bg_layout_light et_pb_module et_block_module et_pb_text_align_center preset--module--divi-text--default\"><div class=\"et_pb_text_inner\"><p><strong>La garantie MENTOR<sup>\u00ae<\/sup><\/strong><\/p>\n<p>Obtenez la tranquillit\u00e9 d'esprit que vous m\u00e9ritez en sachant que les implants mammaires MENTOR<sup>\u00ae<\/sup><span>\u00a0<\/span>en gel CPG<sup>MC<\/sup><span>\u00a0<\/span>sont couverts par la garantie la meilleure et la plus compl\u00e8te de l\u2019industrie<sup>8-10<\/sup>, pour vous assurer d'avoir acc\u00e8s \u00e0 un soutien longtemps apr\u00e8s votre intervention.<\/p>\n<\/div><\/div><div class=\"et_pb_module et_pb_button_module_wrapper et_pb_button_1_wrapper\"><a class=\"et_pb_button_1 et_pb_button et_pb_bg_layout_light et_pb_module et_block_module\" href=\"\/fr\/garantie\/\" data-icon=\"\uf061\">En savoir plus sur la garantie MENTOR<\/a><\/div><\/div><\/div><\/div><div class=\"et_pb_section_5 et_pb_section et_section_regular et_block_section\"><div class=\"et_pb_row_7 et_pb_row et_block_row\"><div class=\"et_pb_column_9 et_pb_column et_pb_column_4_4 et-last-child et_block_column et_pb_css_mix_blend_mode_passthrough\"><div class=\"et_pb_text_8 et_pb_text et_pb_bg_layout_light et_pb_module et_block_module preset--module--divi-text--default\"><div class=\"et_pb_text_inner\"><p class=\"text-align-center\">*Il ne s\u2019agissait pas d\u2019une \u00e9tude comparative directe. D'apr\u00e8s la comparaison des taux de complications principales signal\u00e9es dans les \u00e9tudes de base d\u2019une dur\u00e9e de 10 ans portant sur les implants mammaires MemoryShape<sup>MC<\/sup><span>\u00a0<\/span>en gel CPG<sup>MC<\/sup>, les implants mammaires NATRELLE<sup>MC<\/sup><span>\u00a0<\/span>410 remplis de gel TruForm<sup>MC<\/sup><span>\u00a0<\/span>3, les implants mammaires NATRELLE<sup>MC<\/sup><span>\u00a0<\/span>ronds remplis de gel TruForm<sup>MC<\/sup><span>\u00a0<\/span>1 et les implants mammaires en gel \u00a0MemoryGel<sup>MC<\/sup>.<\/p>\n<p class=\"text-align-center\">1. R\u00e9f\u00e9rence : MENTOR<sup>\u00ae<\/sup><span>\u00a0<\/span>Worldwide, LLC. MemoryShape<sup>MC<\/sup><span>\u00a0<\/span>Post-Approval Cohort Study (formerly Contour Pro\ufb01le Gel Core Study) Final Clinical Study Report. Le 2 juin 2015.<\/p>\n<p class=\"text-align-center\">2. MENTOR<sup>\u00ae<\/sup><span>\u00a0<\/span>Worldwide LLC. Donn\u00e9es internes. MemoryGel<sup>MC<\/sup><span>\u00a0<\/span>Core Gel Clinical Study Final Report. Avril 2013.<\/p>\n<p class=\"text-align-center\">\u00a03. Maxwell, G. Patrick; Van Natta, Bruce W.; Bengtson, Bradley P.; and Murphy, Diane K., \"Ten-Year Results From the Natrelle<sup>MC<\/sup><span>\u00a0<\/span>410 Anatomical Form-Stable Silicone Breast Implant Core Study\". (2015). Public Health Resources.<\/p>\n<p class=\"text-align-center\">\u00a04. Sant\u00e9 Canada : Sommaire des motifs de d\u00e9cision (SMD) portant sur les implants mammaires Natrelle<sup>MC<\/sup><span>\u00a0<\/span>remplis de gel de silicone hautement coh\u00e9sif. N<sup>o<\/sup><span>\u00a0<\/span>de la demande :\u00a0 88573. N<sup>o<\/sup><span>\u00a0<\/span>de l\u2019homologation\u00a0: 72262. Date de publication : 2014\/01\/17.<\/p>\n<p class=\"text-align-center\">5. Sant\u00e9 Canada : Sommaire des motifs de d\u00e9cision (SMD) portant sur les implants mammaires Natrelle<sup>MC<\/sup><span>\u00a0<\/span>remplis de gel de silicone \u2013 Enveloppe lisse avec couche barri\u00e8re, et les implants mammaires Natrelle<sup>MC<\/sup><span>\u00a0<\/span>remplis de gel de silicone \u2013 Enveloppe textur\u00e9e avec couche barri\u00e8re. N<sup>os<\/sup><span>\u00a0<\/span>de la demande :\u00a0 61865 et 60524. N<sup>os<\/sup><span>\u00a0<\/span>de l\u2019homologation\u00a0: 72264 et 72263. Date de publication : 2012\/09\/25.<\/p>\n<p class=\"text-align-center\">6. Textured Silicone Breast Implant Use in Primary Augmentation: Core Data Update and Review, Derby, B., Codner, M.<\/p>\n<p class=\"text-align-center\">7.\u00a0Wixtrom R, Vargo J, Canady J, Controversies in Breast Implant Texturing: New evidence on friction, rotation, double capsules and interactive e\ufb00ect of device placement on contracture in primary augmentation. Article pr\u00e9sent\u00e9 au<span>\u00a0<\/span><i>IQUAM<\/i><span>\u00a0<\/span><i>Congress and Consensus Conference<\/i>. Le 10\u00a0avril\u00a02014, Budapest.<\/p>\n<p class=\"text-align-center\"><u><a href=\"http:\/\/http\/\/www.natrellesurgeon.com\/Content\/assets\/\" class=\"ext\" data-extlink=\"\" target=\"_blank\" rel=\"noopener noreferrer\" role=\"button\">8. Garantie d\u2019Allergan. http:\/\/www.natrellesurgeon.com\/Content\/assets\/ Natrelle_Warranty%20Brochure_DFU. Consult\u00e9 le 04\/12\/2018.<\/a><\/u><\/p>\n<p class=\"text-align-center\"><u><a href=\"http:\/\/www.sientra.com\/Content\/pdfs\/\" class=\"ext\" data-extlink=\"\" target=\"_blank\" rel=\"noopener noreferrer\" role=\"button\">9. Politique de remplacement du produit et garantie de Sientra. http:\/\/www.sientra.com\/Content\/pdfs\/ Warranty_Terms_And_Conditions.pdf. Consult\u00e9 le 04\/12\/2018.<\/a><\/u><\/p>\n<p class=\"text-align-center\"><u><a href=\"http:\/\/www.sientra.com\/Content\/pdfs\/\" class=\"ext\" data-extlink=\"\" target=\"_blank\" rel=\"noopener noreferrer\" role=\"button\">10. Garantie de Sientra CapCon. http:\/\/www.sientra.com\/Content\/pdfs\/ CapCon_Care_Program_Terms_and_Conditions.pdf. Consult\u00e9 le 04\/12\/2018.<\/a><\/u><\/p>\n<p class=\"text-align-center\">11.Envoi de Sientra aux chirurgiens plasticiens des \u00c9tats-Unis.<\/p>\n<\/div><\/div><div class=\"et_pb_text_9 et_pb_text et_pb_bg_layout_light et_pb_module et_block_module preset--module--divi-text--default\"><div class=\"et_pb_text_inner\"><p><strong><a href=\"https:\/\/www.breastimplantsbymentor.ch\/fr\/garantie\/\" title=\"MENTOR\u00ae\u00a0s\u2019engage \u00e0 assurer l\u2019innocuit\u00e9 de ses produits. Voyez comment.\">MENTOR<sup>\u00ae<\/sup><span>\u00a0<\/span>s\u2019engage \u00e0 assurer l\u2019innocuit\u00e9 de ses produits. Voyez comment.<\/a><\/strong><\/p>\n<\/div><\/div><div class=\"et_pb_text_10 et_pb_text et_pb_bg_layout_light et_pb_module et_block_module preset--module--divi-text--default\"><div class=\"et_pb_text_inner\"><p><strong>RENSEIGNEMENTS IMPORTANTS SUR L\u2019INNOCUIT\u00c9:<\/strong><\/p>\n<p>Les implants mammaires MENTOR<sup>\u00ae<span>\u00a0<\/span><\/sup>MemoryGel<sup>MC<\/sup><span>\u00a0<\/span>et MENTOR<sup>\u00ae<span>\u00a0<\/span><\/sup>remplis de solution saline sont indiqu\u00e9s pour l\u2019augmentation mammaire chez les femmes de 22 ans et plus dans le cas des implants MemoryGel<sup>MC<\/sup>, et de 18 ans et plus dans le cas des implants remplis de solution saline, ou pour la reconstruction mammaire. Les implants mammaires et proth\u00e8ses d\u2019expansion MENTOR<sup>\u00ae<\/sup><span>\u00a0<\/span>MemoryGel<sup>MC<\/sup><span>\u00a0<\/span>SILTEX<sup>MC<\/sup><span>\u00a0<\/span>BECKER<sup>MC<\/sup><span>\u00a0<\/span>sont indiqu\u00e9s pour la reconstruction mammaire. Les interventions d\u2019implantation mammaire sont contre-indiqu\u00e9es chez les femmes pr\u00e9sentant une infection active, quel qu\u2019en soit le si\u00e8ge, chez les femmes atteintes d\u2019un cancer du sein av\u00e9r\u00e9 ou d\u2019un \u00e9tat pr\u00e9canc\u00e9reux du sein et qui n\u2019ont pas re\u00e7u de traitement ad\u00e9quat, et chez les femmes enceintes ou qui allaitent.<\/p>\n<p>Les implants mammaires ne sont pas consid\u00e9r\u00e9s comme des produits \u00e0 vie, et d\u2019autres interventions chirurgicales au niveau des seins et\/ou d\u2019autres implants pourraient \u00eatre n\u00e9cessaires au cours de la vie.<\/p>\n<p>Les complications les plus fr\u00e9quentes associ\u00e9es aux interventions d\u2019augmentation et de reconstruction mammaires avec les implants MemoryGel<sup>MC<\/sup><span>\u00a0<\/span>incluent une nouvelle intervention, la contracture capsulaire, la douleur mammaire, le retrait de l\u2019implant avec ou sans remplacement, et la ptose. La rupture est une autre complication possible, mais son risque est plus faible. Les cons\u00e9quences pour la sant\u00e9 de la rupture d\u2019un implant mammaire rempli de gel de silicone n\u2019ont pas \u00e9t\u00e9 pleinement \u00e9tablies. On recommande un d\u00e9pistage par IRM trois ans apr\u00e8s la pose initiale des implants, puis tous les deux ans par la suite, pour d\u00e9celer une rupture silencieuse.<\/p>\n<p>Les complications les plus fr\u00e9quentes associ\u00e9es aux implants mammaires et proth\u00e8ses d\u2019expansion MENTOR<sup>\u00ae<\/sup><span>\u00a0<\/span>MemoryGel<sup>MC<\/sup><span>\u00a0<\/span>SILTEX<sup>MC<\/sup><span>\u00a0<\/span>BECKER<sup>MC<\/sup><span>\u00a0<\/span>concordent avec les types de complications associ\u00e9es aux autres implants mammaires remplis de gel qui ont \u00e9t\u00e9 observ\u00e9es dans les \u00e9tudes.<\/p>\n<p>Les complications les plus fr\u00e9quentes associ\u00e9es aux implants mammaires MENTOR<sup>\u00ae<\/sup><span>\u00a0<\/span>remplis de solution saline incluent une nouvelle intervention, le retrait des implants, la contracture capsulaire, la douleur mammaire, la formation de plis et le d\u00e9gonflement.<\/p>\n<p>Les patientes devant recevoir des implants MemoryGel<sup>MC<\/sup><span>\u00a0<\/span>doivent recevoir un exemplaire du document<span>\u00a0<\/span><i>Information importante pour les femmes envisageant une augmentation mammaire au moyen des implants mammaires MENTOR<sup>\u00ae<\/sup><span>\u00a0<\/span>MemoryGel<sup>MC<\/sup><\/i>\u2009ou<span>\u00a0<\/span><i>Information importante pour les femmes envisageant une reconstruction mammaire au moyen des implants mammaires MENTOR<sup>\u00ae<\/sup><span>\u00a0<\/span>MemoryGel<sup>MC<\/sup><\/i>. Les patientes devant recevoir des implants mammaires\/proth\u00e8ses d\u2019expansion MemoryGel<sup>MC<\/sup><span>\u00a0<\/span>BECKER<sup>MC<\/sup><span>\u00a0<\/span>doivent recevoir un exemplaire du document<i>\u2009Information importante pour les femmes envisageant une reconstruction mammaire au moyen des implants mammaires\/proth\u00e8ses d\u2019expansion MENTOR<sup>\u00ae<\/sup><\/i>MemoryGel<sup>MC<\/sup><i>BECKER<\/i><sup>MC<\/sup>. Les patientes devant recevoir des implants MENTOR<sup>\u00ae<\/sup><span>\u00a0<\/span>remplis de solution saline doivent recevoir un exemplaire de la brochure<span>\u00a0<\/span><i>Implants mammaires remplis de solution saline\u2009: Prendre une d\u00e9cision \u00e9clair\u00e9e<\/i>.<\/p>\n<p>Elles doivent avoir lu et compris l\u2019information concernant les risques et les bienfaits associ\u00e9s aux implants mammaires et doivent pouvoir consulter un chirurgien plasticien avant de prendre une d\u00e9cision relative \u00e0 l\u2019intervention chirurgicale.<\/p>\n<p>Les proth\u00e8ses d\u2019expansion CONTOUR PROFILE<sup>MC<\/sup><span>\u00a0<\/span>(CPX4<sup>MC<\/sup>) sont utilis\u00e9es durant les interventions de reconstruction mammaire apr\u00e8s une mastectomie, de correction d\u2019un sein sous-d\u00e9velopp\u00e9, de r\u00e9vision de cicatrice et de d\u00e9faut tissulaire. Les proth\u00e8ses d\u2019expansion sont destin\u00e9es \u00e0 l\u2019implantation sous-cutan\u00e9e ou r\u00e9tromusculaire temporaire et ne doivent pas demeurer en place pendant plus de six mois. Ne pas utiliser les proth\u00e8ses d\u2019expansion CONTOUR PROFILE<sup>MC<\/sup><span>\u00a0<\/span>(CPX4<sup>MC<\/sup>) chez les patientes qui pourraient n\u00e9cessiter une IRM. Le dispositif pourrait bouger lors d\u2019une IRM, causant de la douleur ou un d\u00e9placement, ce qui pourrait n\u00e9cessiter une intervention de r\u00e9vision. Il a \u00e9t\u00e9 d\u00e9montr\u00e9 que la fr\u00e9quence de l\u2019extrusion de la proth\u00e8se augmente lorsque celle-ci est implant\u00e9e dans des zones o\u00f9 des l\u00e9sions sont pr\u00e9sentes.<\/p>\n<p>Pour obtenir les indications, contre-indications, mises en garde et pr\u00e9cautions d\u00e9taill\u00e9es associ\u00e9es \u00e0 l\u2019emploi de tous les dispositifs d\u2019implantation MENTOR<sup>\u00ae<\/sup>, y compris les implants MENTOR<sup>\u00ae<\/sup><span>\u00a0<\/span>remplis de solution saline, les implants MemoryGel<sup>MC<\/sup>, Les implants mammaires\/proth\u00e8ses d\u2019expansion MemoryGel<sup>MC<\/sup><span>\u00a0<\/span>BECKER<sup>MC<\/sup><span>\u00a0<\/span>et les proth\u00e8ses d\u2019expansion CONTOUR PROFILE<sup>MC<\/sup><span>\u00a0<\/span>(CPX4<sup>MC<\/sup>), consulter la notice fournie avec chaque produit ou visiter le<span>\u00a0<\/span><a href=\"https:\/\/www.jnjmedicaldevices.com\/en-CA\/mentor\" class=\"ext\" data-extlink=\"\" target=\"_blank\" rel=\"noopener noreferrer\" role=\"button\">https:\/\/www.jnjmedicaldevices.com\/en-CA\/mentor<\/a><\/p>\n<\/div><\/div><\/div><\/div><\/div>\n","protected":false},"excerpt":{"rendered":"","protected":false},"author":1,"featured_media":0,"parent":2199,"menu_order":0,"comment_status":"closed","ping_status":"closed","template":"","meta":{"inline_featured_image":false,"footnotes":""},"class_list":["post-2278","page","type-page","status-publish","hentry"],"_links":{"self":[{"href":"https:\/\/www.breastimplantsbymentor.ch\/fr\/wp-json\/wp\/v2\/pages\/2278","targetHints":{"allow":["GET"]}}],"collection":[{"href":"https:\/\/www.breastimplantsbymentor.ch\/fr\/wp-json\/wp\/v2\/pages"}],"about":[{"href":"https:\/\/www.breastimplantsbymentor.ch\/fr\/wp-json\/wp\/v2\/types\/page"}],"author":[{"embeddable":true,"href":"https:\/\/www.breastimplantsbymentor.ch\/fr\/wp-json\/wp\/v2\/users\/1"}],"replies":[{"embeddable":true,"href":"https:\/\/www.breastimplantsbymentor.ch\/fr\/wp-json\/wp\/v2\/comments?post=2278"}],"version-history":[{"count":11,"href":"https:\/\/www.breastimplantsbymentor.ch\/fr\/wp-json\/wp\/v2\/pages\/2278\/revisions"}],"predecessor-version":[{"id":9887,"href":"https:\/\/www.breastimplantsbymentor.ch\/fr\/wp-json\/wp\/v2\/pages\/2278\/revisions\/9887"}],"up":[{"embeddable":true,"href":"https:\/\/www.breastimplantsbymentor.ch\/fr\/wp-json\/wp\/v2\/pages\/2199"}],"wp:attachment":[{"href":"https:\/\/www.breastimplantsbymentor.ch\/fr\/wp-json\/wp\/v2\/media?parent=2278"}],"curies":[{"name":"wp","href":"https:\/\/api.w.org\/{rel}","templated":true}]}}