{"id":2298,"date":"2023-08-09T14:23:38","date_gmt":"2023-08-09T12:23:38","guid":{"rendered":"https:\/\/www.breastimplantsbymentor.ch\/?page_id=2298"},"modified":"2026-03-10T13:32:17","modified_gmt":"2026-03-10T12:32:17","slug":"recherche-de-medecins","status":"publish","type":"page","link":"https:\/\/www.breastimplantsbymentor.ch\/fr\/recherche-de-medecins\/","title":{"rendered":"Recherche de m\u00e9decins"},"content":{"rendered":"\n<div class=\"et_pb_section_0 et_pb_section et_section_regular et_block_section\"><div class=\"et_pb_row_0 et_pb_row et_block_row\"><div class=\"et_pb_column_0 et_pb_column et_pb_column_4_4 et-last-child et_block_column et_pb_css_mix_blend_mode_passthrough\"><div class=\"et_pb_text_0 et_pb_text et_pb_bg_layout_light et_pb_module et_block_module preset--module--divi-text--default\"><div class=\"et_pb_text_inner\" data-et-mv-hidden-tablet=\"true\" data-et-mv-hidden-phone=\"true\"><h1>Pour vous aider \u00e0 prendre une d\u00e9cision \u00e9clair\u00e9e : Trouvez un sp\u00e9cialiste pr\u00e8s de chez vous !<\/h1>\n<\/div><\/div><\/div><\/div><\/div><div class=\"et_pb_section_1 et_pb_section et_section_regular et_block_section\"><div class=\"et_pb_row_1 et_pb_row et_block_row\"><div class=\"et_pb_column_1 et_pb_column et_pb_column_4_4 et-last-child et_block_column et_pb_css_mix_blend_mode_passthrough\"><div class=\"et_pb_text_1 et_pb_text et_pb_bg_layout_light et_pb_module et_block_module et_pb_text_align_center preset--module--divi-text--default\"><div class=\"et_pb_text_inner\"><p>Le choix de l'implant mammaire qui vous convient le mieux d\u00e9pend de l'aspect que vous souhaitez donner \u00e0 votre silhouette.<\/p>\n<p>Votre poitrine doit-elle avoir un aspect plut\u00f4t naturel ou une forme plus arrondie et bomb\u00e9e ? Parlez-en \u00e0 votre m\u00e9decin afin de trouver un implant qui vous permettra d'obtenir le r\u00e9sultat souhait\u00e9. Vous trouverez ici les m\u00e9decins sp\u00e9cialistes MENTOR\u00ae en mati\u00e8re d'augmentation mammaire et de reconstruction mammaire.<\/p>\n<p>Remarque : Bien que notre base de donn\u00e9es de m\u00e9decins soit tr\u00e8s compl\u00e8te, elle ne constitue pas une liste exhaustive de tous les m\u00e9decins ou de tous les clients de MENTOR\u00ae au niveau national ou international. Les m\u00e9decins figurant dans ce r\u00e9pertoire ne comprennent qu'un nombre limit\u00e9 de m\u00e9decins familiaris\u00e9s avec l'utilisation des produits MENTOR\u00ae. C'est le seul crit\u00e8re pour leur inclusion. Aucun m\u00e9decin n'a pay\u00e9 d'honoraires pour sa participation et MENTOR\u00ae ne recommande aucun de ces m\u00e9decins.<\/p>\n<\/div><\/div><\/div><\/div><\/div><div class=\"et_pb_section_2 et_pb_section et_section_regular et_block_section\"><div class=\"et_pb_row_2 et_pb_row et_block_row\"><div class=\"et_pb_column_2 et_pb_column et_pb_column_4_4 et-last-child et_block_column et_pb_css_mix_blend_mode_passthrough\"><div class=\"et_pb_code_0 et_pb_code et_pb_module\"><div class=\"et_pb_code_inner\"><div class=\"store_locator_plus divi\"><div id=\"sl_div\"><form id=\"searchForm\" class=\"slp_search_form\" action=\"\" onsubmit='cslmap.searchLocations(); return false;'  ><div class=\"slp_search_container\"><div id=\"address_search\" class=\"slp search_box\">            <div id='addy_in_address' class='search_item'><label for='addressInput' class='text length_13'>Address \/ Zip<\/label><input class='label_text length_13' type='text' id='addressInput' name='addressInput'  size='50' value='' \/><\/div>                                    <div class=\"search_item\">        <div id='addy_in_radius'><label for='radiusSelect' class='text length_6'>Within<\/label><select id='radiusSelect'><option value='10' >10 km<\/option><option value='25' >25 km<\/option><option value='50' >50 km<\/option><option value='100' >100 km<\/option><option value='200'  selected='selected' >200 km<\/option><option value='500' >500 km<\/option><\/select><\/div>        <div id='radius_in_submit'><input type=\"submit\" class=\"slp_ui_button\" value='Find Locations' id='addressSubmit'\/><\/div>    <\/div>        <\/div><\/div><\/form><div id=\"map\" class=\"slp_map\"><\/div><div id=\"slp_tagline\" class=\"store_locator_plus tagline\">search provided by <a href='https:\/\/wordpress.storelocatorplus.com\/' target='_blank'>Store Locator Plus\u00ae<\/a><\/div><div id=\"map_sidebar\" class=\"slp_results_container\"><div class=\"text_below_map\">Enter an address or zip code and click the find locations button.<\/div><\/div><\/div><\/div><\/div><\/div><\/div><\/div><\/div>\n","protected":false},"excerpt":{"rendered":"","protected":false},"author":1,"featured_media":0,"parent":0,"menu_order":0,"comment_status":"closed","ping_status":"closed","template":"","meta":{"inline_featured_image":false,"footnotes":""},"class_list":["post-2298","page","type-page","status-publish","hentry"],"_links":{"self":[{"href":"https:\/\/www.breastimplantsbymentor.ch\/fr\/wp-json\/wp\/v2\/pages\/2298","targetHints":{"allow":["GET"]}}],"collection":[{"href":"https:\/\/www.breastimplantsbymentor.ch\/fr\/wp-json\/wp\/v2\/pages"}],"about":[{"href":"https:\/\/www.breastimplantsbymentor.ch\/fr\/wp-json\/wp\/v2\/types\/page"}],"author":[{"embeddable":true,"href":"https:\/\/www.breastimplantsbymentor.ch\/fr\/wp-json\/wp\/v2\/users\/1"}],"replies":[{"embeddable":true,"href":"https:\/\/www.breastimplantsbymentor.ch\/fr\/wp-json\/wp\/v2\/comments?post=2298"}],"version-history":[{"count":10,"href":"https:\/\/www.breastimplantsbymentor.ch\/fr\/wp-json\/wp\/v2\/pages\/2298\/revisions"}],"predecessor-version":[{"id":9895,"href":"https:\/\/www.breastimplantsbymentor.ch\/fr\/wp-json\/wp\/v2\/pages\/2298\/revisions\/9895"}],"wp:attachment":[{"href":"https:\/\/www.breastimplantsbymentor.ch\/fr\/wp-json\/wp\/v2\/media?parent=2298"}],"curies":[{"name":"wp","href":"https:\/\/api.w.org\/{rel}","templated":true}]}}