{"id":2322,"date":"2023-08-09T13:58:33","date_gmt":"2023-08-09T11:58:33","guid":{"rendered":"https:\/\/www.breastimplantsbymentor.ch\/?page_id=2322"},"modified":"2026-03-10T13:32:16","modified_gmt":"2026-03-10T12:32:16","slug":"garantie","status":"publish","type":"page","link":"https:\/\/www.breastimplantsbymentor.ch\/fr\/garantie\/","title":{"rendered":"Garantie"},"content":{"rendered":"\n<div class=\"et_pb_section_0 et_pb_section et_section_regular et_block_section\"><div class=\"et_pb_row_0 et_pb_row et_block_row\"><div class=\"et_pb_column_0 et_pb_column et_pb_column_4_4 et-last-child et_block_column et_pb_css_mix_blend_mode_passthrough\"><div class=\"et_pb_text_0 et_pb_text et_pb_bg_layout_light et_pb_module et_block_module preset--module--divi-text--default\"><div class=\"et_pb_text_inner\" data-et-mv-hidden-tablet=\"true\" data-et-mv-hidden-phone=\"true\"><h1>Nous sommes fiers de nos produits<\/h1>\n<p>Chez MENTOR<sup>\u00ae<\/sup>, nous appuyons avec fiert\u00e9 les produits que nous fabriquons gr\u00e2ce \u00e0 une politique de remplacement du produit et \u00e0 nos programmes de garantie limit\u00e9e.<\/p>\n<\/div><\/div><\/div><\/div><\/div><div class=\"et_pb_section_1 et_pb_section et_section_regular et_block_section\"><div class=\"et_pb_row_1 et_pb_row et_block_row\"><div class=\"et_pb_column_1 et_pb_column et_pb_column_4_4 et-last-child et_block_column et_pb_css_mix_blend_mode_passthrough\"><div class=\"et_pb_text_1 et_pb_text et_pb_bg_layout_light et_pb_module et_block_module et_pb_text_align_center preset--module--divi-text--default\"><div class=\"et_pb_text_inner\"><h2>La garantie la meilleure et la plus compl\u00e8te<sup>1-4<\/sup><\/h2>\n<p>Vos implants mammaires MENTOR<sup>\u00ae<\/sup><span>\u00a0<\/span>sont garantis \u00e0 vie. Toutes les femmes porteuses d\u2019implants mammaires MENTOR<sup>\u00ae<\/sup><span>\u00a0<\/span>sont automatiquement couvertes par la garantie de MENTOR<sup>\u00ae<\/sup>. En cas de rupture ou de d\u00e9gonflement confirm\u00e9, vous recevrez jusqu\u2019\u00e0 deux implants de remplacement de m\u00eame style gratuitement.<\/p>\n<\/div><\/div><div class=\"et_pb_image_0 et_pb_image et_pb_module et_block_module\"><span class=\"et_pb_image_wrap\"><img loading=\"lazy\" decoding=\"async\" src=\"https:\/\/www.breastimplantsbymentor.ch\/wp-content\/uploads\/2023\/08\/frwarranty-benefits-svg_0.png\" width=\"556\" height=\"133\" srcset=\"https:\/\/www.breastimplantsbymentor.ch\/wp-content\/uploads\/2023\/08\/frwarranty-benefits-svg_0.png 556w, https:\/\/www.breastimplantsbymentor.ch\/wp-content\/uploads\/2023\/08\/frwarranty-benefits-svg_0-480x115.png 480w\" sizes=\"(min-width: 0px) and (max-width: 480px) 480px, (min-width: 481px) 556px, 100vw\" class=\"wp-image-2328\" title=\"Garantie\" alt=\"Garantie\" \/><\/span><\/div><div class=\"et_pb_text_2 et_pb_text et_pb_bg_layout_light et_pb_module et_block_module et_pb_text_align_center preset--module--divi-text--default\"><div class=\"et_pb_text_inner\"><p>Pour tous les implants mammaires MENTOR<\/span><sup>\u00ae<\/sup><span>, si une rupture survient dans les 10 ans suivant l'intervention, vous serez \u00e9galement admissible \u00e0 une aide financi\u00e8re pouvant atteindre 3 500 $ pour les frais chirurgicaux. Les complications suppl\u00e9mentaires sont \u00e9galement couvertes pendant 10 ans avec remplacement gratuit du produit.<\/p>\n<\/div><\/div><\/div><\/div><\/div><div class=\"et_pb_section_2 et_pb_section et_section_regular et_block_section\"><div class=\"et_pb_row_2 et_pb_row et_block_row\"><div class=\"et_pb_column_2 et_pb_column et_pb_column_4_4 et-last-child et_block_column et_pb_css_mix_blend_mode_passthrough\"><div class=\"et_pb_video_0 et_pb_video et_pb_module et_block_module\"><div class=\"et_pb_video_box\"><iframe loading=\"lazy\" title=\"MENTOR\u00ae Promise Protection Plan - Breast Implants by Mentor : Warranty EMEA I\" width=\"1080\" height=\"608\" src=\"https:\/\/www.youtube-nocookie.com\/embed\/tPHEc1C_huk?feature=oembed&modestbranding=1&rel=0&showinfo=0\"  allow=\"accelerometer; autoplay; clipboard-write; encrypted-media; gyroscope; picture-in-picture; web-share\" referrerpolicy=\"strict-origin-when-cross-origin\" allowfullscreen><\/iframe><\/div><\/div><div class=\"et_pb_module et_pb_button_module_wrapper et_pb_button_0_wrapper\"><a class=\"et_pb_button_0 et_pb_button et_pb_bg_layout_light et_pb_module et_block_module\" href=\"https:\/\/www.youtube.com\/watch?v=tPHEc1C_huk\" target=\"_blank\" data-icon=\"\uf061\">Regarder la vid\u00e9o sur Youtube<\/a><\/div><\/div><\/div><div class=\"et_pb_row_3 et_pb_row et_block_row\"><div class=\"et_pb_column_3 et_pb_column et_pb_column_4_4 et-last-child et_block_column et_pb_css_mix_blend_mode_passthrough\"><div class=\"et_pb_text_3 et_pb_text et_pb_bg_layout_light et_pb_module et_block_module preset--module--divi-text--default\"><div class=\"et_pb_text_inner\"><p>Infos sur la protection des donn\u00e9es : nous utilisons la fonction No-Cookies de YouTube, c'est-\u00e0-dire que nous avons activ\u00e9 la protection \u00e9tendue des donn\u00e9es, les vid\u00e9os ne sont pas appel\u00e9es via youtube.com, mais via youtube-nocookie.com. Nous souhaitons attirer votre attention sur le fait que lors de la lecture des vid\u00e9os, des donn\u00e9es sont transmises au fournisseur concern\u00e9.<\/p>\n<\/div><\/div><\/div><\/div><\/div><div class=\"et_pb_section_3 et_pb_section et_section_regular et_block_section\"><div class=\"et_pb_row_4 et_pb_row et_block_row\"><div class=\"et_pb_column_4 et_pb_column et_pb_column_4_4 et-last-child et_block_column et_pb_css_mix_blend_mode_passthrough\"><div class=\"et_pb_text_4 et_pb_text et_pb_bg_layout_light et_pb_module et_block_module et_pb_text_align_center preset--module--divi-text--default\"><div class=\"et_pb_text_inner\"><h2 >Garantie MENTOR<sup>\u00ae<\/sup><\/h2>\n<p>Nous allons au-del\u00e0 des autres fabricants d'implants mammaires en offrant l\u2019aide financi\u00e8re la plus compl\u00e8te par le biais de la garantie MENTOR<sup>\u00ae<\/sup>.<\/p>\n<p><strong>REMPLACEMENT DU PRODUIT GRATUIT \u00c0 VIE, EN CAS DE RUPTURE OU DE D\u00c9GONFLEMENT CONFIRM\u00c9<\/strong><\/p>\n<\/div><\/div><div class=\"et_pb_image_1 et_pb_image et_pb_module et_block_module\"><span class=\"et_pb_image_wrap\"><img loading=\"lazy\" decoding=\"async\" src=\"https:\/\/www.breastimplantsbymentor.ch\/wp-content\/uploads\/2025\/08\/breastimplantsbymentor-fr-10.jpg\" width=\"1147\" height=\"328\" srcset=\"https:\/\/www.breastimplantsbymentor.ch\/wp-content\/uploads\/2025\/08\/breastimplantsbymentor-fr-10.jpg 1147w, https:\/\/www.breastimplantsbymentor.ch\/wp-content\/uploads\/2025\/08\/breastimplantsbymentor-fr-10-980x280.jpg 980w, https:\/\/www.breastimplantsbymentor.ch\/wp-content\/uploads\/2025\/08\/breastimplantsbymentor-fr-10-480x137.jpg 480w\" sizes=\"(min-width: 0px) and (max-width: 480px) 480px, (min-width: 481px) and (max-width: 980px) 980px, (min-width: 981px) 1147px, 100vw\" class=\"wp-image-9817\" title=\"breastimplantsbymentor-fr-10\" alt=\"MentorPromise\" \/><\/span><\/div><\/div><\/div><div class=\"et_pb_row_5 et_pb_row et_block_row\"><div class=\"et_pb_column_5 et_pb_column et_pb_column_4_4 et-last-child et_block_column et_pb_css_mix_blend_mode_passthrough\"><div class=\"et_pb_text_5 et_pb_text et_pb_bg_layout_light et_pb_module et_block_module preset--module--divi-text--default\"><div class=\"et_pb_text_inner\"><p><small class=\"small\">* Im Fall einer unvorhergesehenen Ruptur (Verlust der H\u00fcllenintegrit\u00e4t) eines MENTOR\u00ae Produkts liefert MENTOR\u00ae \u00fcber die gesamte Lebenszeit der Patientin kostenlos einen Implantatersatz in beliebiger Gr\u00f6\u00dfe vom selben Typ wie das urspr\u00fcnglich eingesetzte Implantat. Auf Verlangen der Chirurg\/innen kann ein anderer Implantattyp gew\u00e4hlt werden (vorbehaltlich eines Aufschlags in H\u00f6he der Differenz der Listenpreise).<\/small><\/p>\n<p><small class=\"small\">\u2020 Wenn innerhalb von zehn (10) Jahren nach der urspr\u00fcnglichen Implantation aufgrund einer best\u00e4tigten Ruptur eines MENTOR\u00ae Brustimplantats mit Gelf\u00fcllung eine Revisionsoperation durchgef\u00fchrt werden muss, \u00fcbernimmt MENTOR\u00ae die von der Versicherung nicht \u00fcbernommenen, von der Patientin zu entrichtenden Kosten f\u00fcr Operationssaal, Narkose und\/oder Operationskosten, welche direkt mit dem Revisionseingriff zusammenh\u00e4ngen, bis zu einem Gesamtbetrag von 1.000\u202f\u20ac. Voraussetzung ist der nachgewiesene und von MENTOR\u00ae gepr\u00fcfte und best\u00e4tigte Anspruch der Patientin. Die im Zusammenhang mit dem Operationssaal und der Narkose anfallenden Kosten werden bei der Kosten\u00fcbernahme priorisiert. In solchen F\u00e4llen muss der Antrag auf finanzielle Unterst\u00fctzung im Rahmen des MENTORPromise Schutzplans \u00fcber Ihren Arzt\/Ihre \u00c4rztin erfolgen. Die finanzielle Unterst\u00fctzung ist nicht als ein Darlehen an Sie zu verstehen.<\/small><\/p>\n<p><small class=\"small\">\u2021 Im Fall einer Kapselfibrose (Baker III\/IV), Doppelkapsel oder einem Serom im fortgeschrittenen Stadium nach einer Brustvergr\u00f6\u00dferung mit einem MENTOR\u00ae Brustimplantat mit Gelf\u00fcllung liefert MENTOR\u00ae bis zu zehn (10) Jahre nach der urspr\u00fcnglichen Implantation einen kostenlosen Ersatz f\u00fcr das MENTOR\u00ae Brustimplantat mit Gelf\u00fcllung. Voraussetzung ist der nachgewiesene und von MENTOR\u00ae nach Pr\u00fcfung des explantierten Produkts und Beurteilung der gesamten erforderlichen Dokumentation best\u00e4tigte Anspruch der Patientin. Als Ersatzimplantat liefert MENTOR\u00ae ein MENTOR\u00ae Produkt beliebiger Gr\u00f6\u00dfe vom gleichen Typ wie das urspr\u00fcnglich eingesetzte Implantat oder vergleichbar.<\/small><\/p>\n<\/div><\/div><div class=\"et_pb_module et_pb_button_module_wrapper et_pb_button_1_wrapper\"><a class=\"et_pb_button_1 et_pb_button et_pb_bg_layout_light et_pb_module et_block_module\" href=\"https:\/\/www.breastimplantsbymentor.ch\/wp-content\/uploads\/2023\/08\/148528.pdf\" target=\"_blank\" data-icon=\"\uf061\">MentorPromise Schutzplan - PDF herunterladen<\/a><\/div><\/div><\/div><\/div><div class=\"et_pb_section_4 et_pb_section et_section_regular et_block_section\"><div class=\"et_pb_row_6 et_pb_row et_block_row\"><div class=\"et_pb_column_6 et_pb_column et_pb_column_4_4 et-last-child et_block_column et_pb_css_mix_blend_mode_passthrough\"><div class=\"et_pb_text_6 et_pb_text et_pb_bg_layout_light et_pb_module et_block_module preset--module--divi-text--default\"><div class=\"et_pb_text_inner\"><p class=\"text-align-center\">* La priorit\u00e9 de paiement sera accord\u00e9e aux frais de salle d\u2019op\u00e9ration et d\u2019anesth\u00e9sie. Pour \u00eatre admissible \u00e0 l\u2019aide \ufb01nanci\u00e8re, vous devrez signer un formulaire de consentement avant que Mentor verse le paiement pour votre cas \u00e0 votre chirurgien.<\/p>\n<p class=\"text-align-center\">1. Garantie d\u2019Allergan. http:\/\/www.natrellesurgeon.com\/Content\/assets\/ Natrelle_Warranty%20Brochure_DFU. Consult\u00e9 le 04\/12\/2018.<\/p>\n<p class=\"text-align-center\"><a href=\"http:\/\/www.natrellesurgeon.com\/Content\/assets\/Natrelle_Warranty%20Brochure_DFU\" class=\"ext\" data-extlink=\"\" target=\"_blank\" rel=\"noopener noreferrer\" role=\"button\">2. Politique de remplacement du produit et garantie de Sientra. http:\/\/www.sientra.com\/Content\/pdfs\/ Warranty_Terms_And_Conditions.pdf. Consult\u00e9 le 04\/12\/2018.<\/a><\/p>\n<p class=\"text-align-center\"><a href=\"http:\/\/www.sientra.com\/Content\/pdfs\/CapCon_Care_Program_Terms_and_Conditions.pdf\" class=\"ext\" data-extlink=\"\" target=\"_blank\" rel=\"noopener noreferrer\" role=\"button\">3. Garantie de Sientra CapCon. http:\/\/www.sientra.com\/Content\/pdfs\/ CapCon_Care_Program_Terms_and_Conditions.pdf. Consult\u00e9 le 04\/12\/2018.<\/a><\/p>\n<p class=\"text-align-center\">4. Envoi de Sientra aux chirurgiens plasticiens des \u00c9tats-Unis.<\/p>\n<\/div><\/div><div class=\"et_pb_text_7 et_pb_text et_pb_bg_layout_light et_pb_module et_block_module preset--module--divi-text--default\"><div class=\"et_pb_text_inner\"><p><strong>RENSEIGNEMENTS IMPORTANTS SUR L\u2019INNOCUIT\u00c9:<\/strong><\/p>\n<p>Les implants mammaires MENTOR<sup>\u00ae<span>\u00a0<\/span><\/sup>MemoryGel<sup>MC<\/sup><span>\u00a0<\/span>et MENTOR<sup>\u00ae<span>\u00a0<\/span><\/sup>remplis de solution saline sont indiqu\u00e9s pour l\u2019augmentation mammaire chez les femmes de 22 ans et plus dans le cas des implants MemoryGel<sup>MC<\/sup>, et de 18 ans et plus dans le cas des implants remplis de solution saline, ou pour la reconstruction mammaire. Les implants mammaires et proth\u00e8ses d\u2019expansion MENTOR<sup>\u00ae<\/sup><span>\u00a0<\/span>MemoryGel<sup>MC<\/sup><span>\u00a0<\/span>SILTEX<sup>MC<\/sup><span>\u00a0<\/span>BECKER<sup>MC<\/sup><span>\u00a0<\/span>sont indiqu\u00e9s pour la reconstruction mammaire. Les interventions d\u2019implantation mammaire sont contre-indiqu\u00e9es chez les femmes pr\u00e9sentant une infection active, quel qu\u2019en soit le si\u00e8ge, chez les femmes atteintes d\u2019un cancer du sein av\u00e9r\u00e9 ou d\u2019un \u00e9tat pr\u00e9canc\u00e9reux du sein et qui n\u2019ont pas re\u00e7u de traitement ad\u00e9quat, et chez les femmes enceintes ou qui allaitent.<\/p>\n<p>Les implants mammaires ne sont pas consid\u00e9r\u00e9s comme des produits \u00e0 vie, et d\u2019autres interventions chirurgicales au niveau des seins et\/ou d\u2019autres implants pourraient \u00eatre n\u00e9cessaires au cours de la vie.<\/p>\n<p>Les complications les plus fr\u00e9quentes associ\u00e9es aux interventions d\u2019augmentation et de reconstruction mammaires avec les implants MemoryGel<sup>MC<\/sup><span>\u00a0<\/span>incluent une nouvelle intervention, la contracture capsulaire, la douleur mammaire, le retrait de l\u2019implant avec ou sans remplacement, et la ptose. La rupture est une autre complication possible, mais son risque est plus faible. Les cons\u00e9quences pour la sant\u00e9 de la rupture d\u2019un implant mammaire rempli de gel de silicone n\u2019ont pas \u00e9t\u00e9 pleinement \u00e9tablies. On recommande un d\u00e9pistage par IRM trois ans apr\u00e8s la pose initiale des implants, puis tous les deux ans par la suite, pour d\u00e9celer une rupture silencieuse.<\/p>\n<p>Les complications les plus fr\u00e9quentes associ\u00e9es aux implants mammaires et proth\u00e8ses d\u2019expansion MENTOR<sup>\u00ae<\/sup><span>\u00a0<\/span>MemoryGel<sup>MC<\/sup><span>\u00a0<\/span>SILTEX<sup>MC<\/sup><span>\u00a0<\/span>BECKER<sup>MC<\/sup><span>\u00a0<\/span>concordent avec les types de complications associ\u00e9es aux autres implants mammaires remplis de gel qui ont \u00e9t\u00e9 observ\u00e9es dans les \u00e9tudes.<\/p>\n<p>Les complications les plus fr\u00e9quentes associ\u00e9es aux implants mammaires MENTOR<sup>\u00ae<\/sup><span>\u00a0<\/span>remplis de solution saline incluent une nouvelle intervention, le retrait des implants, la contracture capsulaire, la douleur mammaire, la formation de plis et le d\u00e9gonflement.<\/p>\n<p>Les patientes devant recevoir des implants MemoryGel<sup>MC<\/sup><span>\u00a0<\/span>doivent recevoir un exemplaire du document<span>\u00a0<\/span><i>Information importante pour les femmes envisageant une augmentation mammaire au moyen des implants mammaires MENTOR<sup>\u00ae<\/sup><span>\u00a0<\/span>MemoryGel<sup>MC<\/sup><\/i>\u2009ou<span>\u00a0<\/span><i>Information importante pour les femmes envisageant une reconstruction mammaire au moyen des implants mammaires MENTOR<sup>\u00ae<\/sup><span>\u00a0<\/span>MemoryGel<sup>MC<\/sup><\/i>. Les patientes devant recevoir des implants mammaires\/proth\u00e8ses d\u2019expansion MemoryGel<sup>MC<\/sup><span>\u00a0<\/span>BECKER<sup>MC<\/sup><span>\u00a0<\/span>doivent recevoir un exemplaire du document<i>\u2009Information importante pour les femmes envisageant une reconstruction mammaire au moyen des implants mammaires\/proth\u00e8ses d\u2019expansion MENTOR<sup>\u00ae<\/sup><\/i>MemoryGel<sup>MC<\/sup><i>BECKER<\/i><sup>MC<\/sup>. Les patientes devant recevoir des implants MENTOR<sup>\u00ae<\/sup><span>\u00a0<\/span>remplis de solution saline doivent recevoir un exemplaire de la brochure<span>\u00a0<\/span><i>Implants mammaires remplis de solution saline\u2009: Prendre une d\u00e9cision \u00e9clair\u00e9e<\/i>.<\/p>\n<p>Elles doivent avoir lu et compris l\u2019information concernant les risques et les bienfaits associ\u00e9s aux implants mammaires et doivent pouvoir consulter un chirurgien plasticien avant de prendre une d\u00e9cision relative \u00e0 l\u2019intervention chirurgicale.<\/p>\n<p>Les proth\u00e8ses d\u2019expansion CONTOUR PROFILE<sup>MC<\/sup><span>\u00a0<\/span>(CPX4<sup>MC<\/sup>) sont utilis\u00e9es durant les interventions de reconstruction mammaire apr\u00e8s une mastectomie, de correction d\u2019un sein sous-d\u00e9velopp\u00e9, de r\u00e9vision de cicatrice et de d\u00e9faut tissulaire. Les proth\u00e8ses d\u2019expansion sont destin\u00e9es \u00e0 l\u2019implantation sous-cutan\u00e9e ou r\u00e9tromusculaire temporaire et ne doivent pas demeurer en place pendant plus de six mois. Ne pas utiliser les proth\u00e8ses d\u2019expansion CONTOUR PROFILE<sup>MC<\/sup><span>\u00a0<\/span>(CPX4<sup>MC<\/sup>) chez les patientes qui pourraient n\u00e9cessiter une IRM. Le dispositif pourrait bouger lors d\u2019une IRM, causant de la douleur ou un d\u00e9placement, ce qui pourrait n\u00e9cessiter une intervention de r\u00e9vision. Il a \u00e9t\u00e9 d\u00e9montr\u00e9 que la fr\u00e9quence de l\u2019extrusion de la proth\u00e8se augmente lorsque celle-ci est implant\u00e9e dans des zones o\u00f9 des l\u00e9sions sont pr\u00e9sentes.<\/p>\n<p>Pour obtenir les indications, contre-indications, mises en garde et pr\u00e9cautions d\u00e9taill\u00e9es associ\u00e9es \u00e0 l\u2019emploi de tous les dispositifs d\u2019implantation MENTOR<sup>\u00ae<\/sup>, y compris les implants MENTOR<sup>\u00ae<\/sup><span>\u00a0<\/span>remplis de solution saline, les implants MemoryGel<sup>MC<\/sup>, Les implants mammaires\/proth\u00e8ses d\u2019expansion MemoryGel<sup>MC<\/sup><span>\u00a0<\/span>BECKER<sup>MC<\/sup><span>\u00a0<\/span>et les proth\u00e8ses d\u2019expansion CONTOUR PROFILE<sup>MC<\/sup><span>\u00a0<\/span>(CPX4<sup>MC<\/sup>), consulter la notice fournie avec chaque produit ou visiter le<span>\u00a0<\/span><a href=\"https:\/\/www.jnjmedicaldevices.com\/en-CA\/mentor\" class=\"ext\" data-extlink=\"\" target=\"_blank\" rel=\"noopener noreferrer\" role=\"button\">https:\/\/www.jnjmedicaldevices.com\/en-CA\/mentor<\/a><\/p>\n<\/div><\/div><\/div><\/div><\/div>\n","protected":false},"excerpt":{"rendered":"","protected":false},"author":1,"featured_media":0,"parent":0,"menu_order":0,"comment_status":"closed","ping_status":"closed","template":"","meta":{"inline_featured_image":false,"footnotes":""},"class_list":["post-2322","page","type-page","status-publish","hentry"],"_links":{"self":[{"href":"https:\/\/www.breastimplantsbymentor.ch\/fr\/wp-json\/wp\/v2\/pages\/2322","targetHints":{"allow":["GET"]}}],"collection":[{"href":"https:\/\/www.breastimplantsbymentor.ch\/fr\/wp-json\/wp\/v2\/pages"}],"about":[{"href":"https:\/\/www.breastimplantsbymentor.ch\/fr\/wp-json\/wp\/v2\/types\/page"}],"author":[{"embeddable":true,"href":"https:\/\/www.breastimplantsbymentor.ch\/fr\/wp-json\/wp\/v2\/users\/1"}],"replies":[{"embeddable":true,"href":"https:\/\/www.breastimplantsbymentor.ch\/fr\/wp-json\/wp\/v2\/comments?post=2322"}],"version-history":[{"count":9,"href":"https:\/\/www.breastimplantsbymentor.ch\/fr\/wp-json\/wp\/v2\/pages\/2322\/revisions"}],"predecessor-version":[{"id":9893,"href":"https:\/\/www.breastimplantsbymentor.ch\/fr\/wp-json\/wp\/v2\/pages\/2322\/revisions\/9893"}],"wp:attachment":[{"href":"https:\/\/www.breastimplantsbymentor.ch\/fr\/wp-json\/wp\/v2\/media?parent=2322"}],"curies":[{"name":"wp","href":"https:\/\/api.w.org\/{rel}","templated":true}]}}