{"id":9836,"date":"2023-08-09T13:38:39","date_gmt":"2023-08-09T11:38:39","guid":{"rendered":"https:\/\/www.breastimplantsbymentor.ch\/?page_id=9836"},"modified":"2026-03-10T13:32:14","modified_gmt":"2026-03-10T12:32:14","slug":"protheses-dexpansion-mentor-2","status":"publish","type":"page","link":"https:\/\/www.breastimplantsbymentor.ch\/fr\/nos-produits\/protheses-dexpansion-mentor-2\/","title":{"rendered":"Proth\u00e8ses d\u2019expansion MENTOR"},"content":{"rendered":"\n<div class=\"et_pb_section_0 et_pb_section et_section_regular et_block_section\"><div class=\"et_pb_row_0 et_pb_row et_block_row\"><div class=\"et_pb_column_0 et_pb_column et_pb_column_4_4 et-last-child et_block_column et_pb_css_mix_blend_mode_passthrough\"><div class=\"et_pb_text_0 et_pb_text et_pb_bg_layout_light et_pb_module et_block_module preset--module--divi-text--default\"><div class=\"et_pb_text_inner\" data-et-mv-hidden-tablet=\"true\" data-et-mv-hidden-phone=\"true\"><h1><span>Proth\u00e8ses d\u2019expansion MENTOR\u2122<\/span><\/h1>\n<p><span>Les proth\u00e8ses d\u2019expansion sont utilis\u00e9es pour la reconstruction mammaire en deux \u00e9tapes, dans le but d\u2019\u00e9tirer la peau et de fa\u00e7onner une loge pour y ins\u00e9rer l\u2019implant mammaire.<\/span><\/p>\n<\/div><\/div><\/div><\/div><div class=\"et_pb_row_1 et_pb_row et_block_row\"><div class=\"et_pb_column_1 et_pb_column et_pb_column_4_4 et-last-child et_block_column et_pb_css_mix_blend_mode_passthrough\"><div class=\"et_pb_image_0 et_pb_image et_pb_module et_block_module\"><span class=\"et_pb_image_wrap\"><img loading=\"lazy\" decoding=\"async\" src=\"https:\/\/www.breastimplantsbymentor.ch\/wp-content\/uploads\/2025\/08\/leeres-headerbild.png\" width=\"1839\" height=\"689\" srcset=\"https:\/\/www.breastimplantsbymentor.ch\/wp-content\/uploads\/2025\/08\/leeres-headerbild.png 1839w, https:\/\/www.breastimplantsbymentor.ch\/wp-content\/uploads\/2025\/08\/leeres-headerbild-1280x480.png 1280w, https:\/\/www.breastimplantsbymentor.ch\/wp-content\/uploads\/2025\/08\/leeres-headerbild-980x367.png 980w, https:\/\/www.breastimplantsbymentor.ch\/wp-content\/uploads\/2025\/08\/leeres-headerbild-480x180.png 480w\" sizes=\"(min-width: 0px) and (max-width: 480px) 480px, (min-width: 481px) and (max-width: 980px) 980px, (min-width: 981px) and (max-width: 1280px) 1280px, (min-width: 1281px) 1839px, 100vw\" class=\"wp-image-9588\" title=\"leeres-headerbild\" alt=\"MENTOR\u00ae Brustimplantate\" \/><\/span><\/div><div class=\"et_pb_image_1 et_pb_image et_pb_module et_block_module\"><span class=\"et_pb_image_wrap\"><img loading=\"lazy\" decoding=\"async\" src=\"https:\/\/www.breastimplantsbymentor.ch\/wp-content\/uploads\/2025\/08\/mentor-banner-2.webp\" width=\"975\" height=\"500\" srcset=\"https:\/\/www.breastimplantsbymentor.ch\/wp-content\/uploads\/2025\/08\/mentor-banner-2.webp 975w, https:\/\/www.breastimplantsbymentor.ch\/wp-content\/uploads\/2025\/08\/mentor-banner-2-480x246.webp 480w\" sizes=\"(min-width: 0px) and (max-width: 480px) 480px, (min-width: 481px) 975px, 100vw\" class=\"wp-image-9597\" title=\"MENTOR\u00ae Brustimplantate\" alt=\"MENTOR\u00ae Brustimplantate\" \/><\/span><\/div><\/div><\/div><\/div><div class=\"et_pb_section_1 et_pb_section et_section_regular et_block_section\"><div class=\"et_pb_row_2 et_pb_row et_pb_gutters1 et_block_row\"><div class=\"et_pb_column_2 et_pb_column et_pb_column_1_2 et_block_column et_pb_css_mix_blend_mode_passthrough\"><div class=\"et_pb_module et_pb_button_module_wrapper et_pb_button_0_wrapper\"><a class=\"et_pb_button_0 et_pb_button et_pb_bg_layout_light et_pb_module et_block_module\" href=\"\/fr\/nos-produits\/protheses-dexpansion-mentor-2\/\">MENTOR CPX 4<\/a><\/div><\/div><div class=\"et_pb_column_3 et_pb_column et_pb_column_1_2 et-last-child et_block_column et_pb_css_mix_blend_mode_passthrough\"><div class=\"et_pb_module et_pb_button_module_wrapper et_pb_button_1_wrapper\"><a class=\"et_pb_button_1 et_pb_button et_pb_bg_layout_light et_pb_module et_block_module\" href=\"\/fr\/nos-produits\/mentor-expandeur-tissulaire\/\">MENTOR\u00ae Becker<\/a><\/div><\/div><\/div><\/div><div class=\"et_pb_section_2 et_pb_section et_section_regular et_block_section\"><div class=\"et_pb_row_3 et_pb_row et_pb_equal_columns et_pb_gutters2 et_block_row\"><div class=\"et_pb_column_4 et_pb_column et_pb_column_1_2 et_block_column et_pb_css_mix_blend_mode_passthrough\"><div class=\"et_pb_text_1 et_pb_text et_pb_bg_layout_light et_pb_module et_block_module preset--module--divi-text--default\"><div class=\"et_pb_text_inner\"><h2>Proth\u00e8ses d\u2019expansion MENTOR\u2122 CPXMC4<\/h2>\n<p>La proth\u00e8se d\u2019expansion MENTOR\u2122 CPXMC4, con\u00e7ue pour la reconstruction mammaire, agrandit la partie inf\u00e9rieure du sein, permettant ainsi au chirurgien d\u2019ajouter peu \u00e0 peu de la solution saline par le d\u00f4me d\u2019injection pour \u00e9tirer le tissu mammaire graduellement, sur une p\u00e9riode de plusieurs mois*\u20201.<\/p>\n<p>De plus, la proth\u00e8se d\u2019expansion MENTOR\u2122 CPXMC4 est dot\u00e9e de caract\u00e9ristiques exclusives, notamment la pi\u00e8ce auto-obturante BufferZone\u2122, qui entoure le d\u00f4me d\u2019injection et prot\u00e8ge au moins 50 %1 de plus de la surface de la proth\u00e8se contre les perforations accidentelles par aiguille2.<\/p>\n<p>Consultez votre m\u00e9decin pour d\u00e9terminer si les proth\u00e8ses d\u2019expansion CPX4\u2122 vous conviennent. Les proth\u00e8ses d\u2019expansion CPX4\u2122 renferment un aimant dans leur d\u00f4me d\u2019injection.<\/p>\n<\/div><\/div><\/div><div class=\"et_pb_column_5 et_pb_column et_pb_column_1_2 et-last-child et_block_column et_pb_css_mix_blend_mode_passthrough\"><div class=\"et_pb_image_2 et_pb_image et_pb_module et_block_module\"><span class=\"et_pb_image_wrap\"><img loading=\"lazy\" decoding=\"async\" src=\"https:\/\/www.breastimplantsbymentor.ch\/wp-content\/uploads\/2023\/08\/product-cpx4-expander-lg_3.png\" width=\"340\" height=\"280\" srcset=\"https:\/\/www.breastimplantsbymentor.ch\/wp-content\/uploads\/2023\/08\/product-cpx4-expander-lg_3.png 340w, https:\/\/www.breastimplantsbymentor.ch\/wp-content\/uploads\/2023\/08\/product-cpx4-expander-lg_3-300x247.png 300w\" sizes=\"(max-width: 340px) 100vw, 340px\" class=\"wp-image-435\" title=\"MENTOR\u00ae\u202fCPXTM4\u202fExpander\" alt=\"MENTOR\u00ae\u202fCPXTM4\u202fExpander\" \/><\/span><\/div><\/div><\/div><\/div><div class=\"et_pb_section_3 et_pb_section et_section_regular et_block_section\"><div class=\"et_pb_row_4 et_pb_row et_block_row\"><div class=\"et_pb_column_6 et_pb_column et_pb_column_4_4 et-last-child et_block_column et_pb_css_mix_blend_mode_passthrough\"><div class=\"et_pb_text_2 et_pb_text et_pb_bg_layout_light et_pb_module et_block_module preset--module--divi-text--default\"><div class=\"et_pb_text_inner\"><p>Les marques de commerce de tierces parties utilis\u00e9es dans ce site appartiennent \u00e0 leurs propri\u00e9taires respectifs.<\/p>\n<p>\u2020 Les liquides suivent la voie de la moindre r\u00e9sistance. Les pi\u00e8ces renforc\u00e9es ant\u00e9rieures et post\u00e9rieures acheminent les liquides vers le p\u00f4le inf\u00e9rieur de la proth\u00e8se d'expansion.<\/p>\n<p>1. Source 14 : AST-2012-0176, \u00e9tude d\u2019imagerie en 3D.<\/p>\n<p>2. Donn\u00e9es internes, MENTOR\u2122 Worldwide LLC. Source 15 : Note de service sur la surface.<\/p>\n<\/div><\/div><\/div><\/div><\/div>\n","protected":false},"excerpt":{"rendered":"","protected":false},"author":1,"featured_media":0,"parent":2199,"menu_order":0,"comment_status":"closed","ping_status":"closed","template":"","meta":{"inline_featured_image":false,"footnotes":""},"class_list":["post-9836","page","type-page","status-publish","hentry"],"_links":{"self":[{"href":"https:\/\/www.breastimplantsbymentor.ch\/fr\/wp-json\/wp\/v2\/pages\/9836","targetHints":{"allow":["GET"]}}],"collection":[{"href":"https:\/\/www.breastimplantsbymentor.ch\/fr\/wp-json\/wp\/v2\/pages"}],"about":[{"href":"https:\/\/www.breastimplantsbymentor.ch\/fr\/wp-json\/wp\/v2\/types\/page"}],"author":[{"embeddable":true,"href":"https:\/\/www.breastimplantsbymentor.ch\/fr\/wp-json\/wp\/v2\/users\/1"}],"replies":[{"embeddable":true,"href":"https:\/\/www.breastimplantsbymentor.ch\/fr\/wp-json\/wp\/v2\/comments?post=9836"}],"version-history":[{"count":7,"href":"https:\/\/www.breastimplantsbymentor.ch\/fr\/wp-json\/wp\/v2\/pages\/9836\/revisions"}],"predecessor-version":[{"id":9891,"href":"https:\/\/www.breastimplantsbymentor.ch\/fr\/wp-json\/wp\/v2\/pages\/9836\/revisions\/9891"}],"up":[{"embeddable":true,"href":"https:\/\/www.breastimplantsbymentor.ch\/fr\/wp-json\/wp\/v2\/pages\/2199"}],"wp:attachment":[{"href":"https:\/\/www.breastimplantsbymentor.ch\/fr\/wp-json\/wp\/v2\/media?parent=9836"}],"curies":[{"name":"wp","href":"https:\/\/api.w.org\/{rel}","templated":true}]}}