{"id":9843,"date":"2023-08-09T13:32:29","date_gmt":"2023-08-09T11:32:29","guid":{"rendered":"https:\/\/www.breastimplantsbymentor.ch\/?page_id=9843"},"modified":"2026-03-10T13:32:13","modified_gmt":"2026-03-10T12:32:13","slug":"mentor-expandeur-tissulaire","status":"publish","type":"page","link":"https:\/\/www.breastimplantsbymentor.ch\/fr\/nos-produits\/mentor-expandeur-tissulaire\/","title":{"rendered":"MENTOR\u00ae Expandeur tissulaire"},"content":{"rendered":"\n<div class=\"et_pb_section_0 et_pb_section et_section_regular et_block_section\"><div class=\"et_pb_row_0 et_pb_row et_block_row\"><div class=\"et_pb_column_0 et_pb_column et_pb_column_4_4 et-last-child et_block_column et_pb_css_mix_blend_mode_passthrough\"><div class=\"et_pb_text_0 et_pb_text et_pb_bg_layout_light et_pb_module et_block_module preset--module--divi-text--default\"><div class=\"et_pb_text_inner\" data-et-mv-hidden-tablet=\"true\" data-et-mv-hidden-phone=\"true\"><h1>MENTOR\u2122\u202fExtenseurs tissulaires<\/h1>\n<p>Les extenseurs tissulaires sont utilis\u00e9s dans le cadre de reconstructions mammaires imm\u00e9diates en deux temps afin d'\u00e9tirer la peau et de former une poche tissulaire dans laquelle sera ensuite ins\u00e9r\u00e9 l'implant mammaire.<\/p>\n<\/div><\/div><\/div><\/div><div class=\"et_pb_row_1 et_pb_row et_block_row\"><div class=\"et_pb_column_1 et_pb_column et_pb_column_4_4 et-last-child et_block_column et_pb_css_mix_blend_mode_passthrough\"><div class=\"et_pb_image_0 et_pb_image et_pb_module et_block_module\"><span class=\"et_pb_image_wrap\"><img loading=\"lazy\" decoding=\"async\" src=\"https:\/\/www.breastimplantsbymentor.ch\/wp-content\/uploads\/2025\/08\/leeres-headerbild.png\" width=\"1839\" height=\"689\" srcset=\"https:\/\/www.breastimplantsbymentor.ch\/wp-content\/uploads\/2025\/08\/leeres-headerbild.png 1839w, https:\/\/www.breastimplantsbymentor.ch\/wp-content\/uploads\/2025\/08\/leeres-headerbild-1280x480.png 1280w, https:\/\/www.breastimplantsbymentor.ch\/wp-content\/uploads\/2025\/08\/leeres-headerbild-980x367.png 980w, https:\/\/www.breastimplantsbymentor.ch\/wp-content\/uploads\/2025\/08\/leeres-headerbild-480x180.png 480w\" sizes=\"(min-width: 0px) and (max-width: 480px) 480px, (min-width: 481px) and (max-width: 980px) 980px, (min-width: 981px) and (max-width: 1280px) 1280px, (min-width: 1281px) 1839px, 100vw\" class=\"wp-image-9588\" title=\"leeres-headerbild\" alt=\"MENTOR\u00ae Brustimplantate\" \/><\/span><\/div><div class=\"et_pb_image_1 et_pb_image et_pb_module et_block_module\"><span class=\"et_pb_image_wrap\"><img loading=\"lazy\" decoding=\"async\" src=\"https:\/\/www.breastimplantsbymentor.ch\/wp-content\/uploads\/2025\/08\/mentor-banner-2.webp\" width=\"975\" height=\"500\" srcset=\"https:\/\/www.breastimplantsbymentor.ch\/wp-content\/uploads\/2025\/08\/mentor-banner-2.webp 975w, https:\/\/www.breastimplantsbymentor.ch\/wp-content\/uploads\/2025\/08\/mentor-banner-2-480x246.webp 480w\" sizes=\"(min-width: 0px) and (max-width: 480px) 480px, (min-width: 481px) 975px, 100vw\" class=\"wp-image-9597\" title=\"MENTOR\u00ae Brustimplantate\" alt=\"MENTOR\u00ae Brustimplantate\" \/><\/span><\/div><\/div><\/div><\/div><div class=\"et_pb_section_1 et_pb_section et_section_regular et_block_section\"><div class=\"et_pb_row_2 et_pb_row et_pb_gutters1 et_block_row\"><div class=\"et_pb_column_2 et_pb_column et_pb_column_1_2 et_block_column et_pb_css_mix_blend_mode_passthrough\"><div class=\"et_pb_module et_pb_button_module_wrapper et_pb_button_0_wrapper\"><a class=\"et_pb_button_0 et_pb_button et_pb_bg_layout_light et_pb_module et_block_module\" href=\"\/fr\/nos-produits\/protheses-dexpansion-mentor-2\/\">MENTOR CPX 4<\/a><\/div><\/div><div class=\"et_pb_column_3 et_pb_column et_pb_column_1_2 et-last-child et_block_column et_pb_css_mix_blend_mode_passthrough\"><div class=\"et_pb_module et_pb_button_module_wrapper et_pb_button_1_wrapper\"><a class=\"et_pb_button_1 et_pb_button et_pb_bg_layout_light et_pb_module et_block_module\" href=\"\/fr\/nos-produits\/mentor-expandeur-tissulaire\/\">MENTOR Becker<\/a><\/div><\/div><\/div><\/div><div class=\"et_pb_section_2 et_pb_section et_section_regular et_block_section\"><div class=\"et_pb_row_3 et_pb_row et_pb_equal_columns et_pb_gutters2 et_block_row\"><div class=\"et_pb_column_4 et_pb_column et_pb_column_1_2 et_block_column et_pb_css_mix_blend_mode_passthrough\"><div class=\"et_pb_image_2 et_pb_image et_pb_module et_block_module\"><span class=\"et_pb_image_wrap\"><img loading=\"lazy\" decoding=\"async\" src=\"https:\/\/www.breastimplantsbymentor.ch\/wp-content\/uploads\/2023\/08\/Becker-35-trans_0.png\" width=\"1000\" height=\"563\" srcset=\"https:\/\/www.breastimplantsbymentor.ch\/wp-content\/uploads\/2023\/08\/Becker-35-trans_0.png 1000w, https:\/\/www.breastimplantsbymentor.ch\/wp-content\/uploads\/2023\/08\/Becker-35-trans_0-980x552.png 980w, https:\/\/www.breastimplantsbymentor.ch\/wp-content\/uploads\/2023\/08\/Becker-35-trans_0-480x270.png 480w\" sizes=\"(min-width: 0px) and (max-width: 480px) 480px, (min-width: 481px) and (max-width: 980px) 980px, (min-width: 981px) 1000px, 100vw\" class=\"wp-image-429\" title=\"MENTOR\u00ae BECKERTM\u202fExpander\/Implantate\" alt=\"MENTOR\u00ae BECKERTM\u202fExpander\/Implantate\" \/><\/span><\/div><\/div><div class=\"et_pb_column_5 et_pb_column et_pb_column_1_2 et-last-child et_block_column et_pb_css_mix_blend_mode_passthrough\"><div class=\"et_pb_text_1 et_pb_text et_pb_bg_layout_light et_pb_module et_block_module preset--module--divi-text--default\"><div class=\"et_pb_text_inner\"><h2>MENTOR\u00ae BECKERTM Expandeurs\/implants<\/h2>\n<p>Les expandeurs\/implants MENTOR<sup>\u00ae<\/sup> SILTEX<sup>\u00ae<\/sup> BECKER<sup>TM<\/sup> combinent les avantages des expandeurs tissulaires et la sensation d'un implant mammaire rempli de gel. La lumi\u00e8re interne remplie de solution saline de l'implant expandeur BECKER<sup>TM<\/sup> permet aux m\u00e9decins de contr\u00f4ler l'expansion de l'implant et la croissance tissulaire dans des limites pr\u00e9d\u00e9finies.<sup>2<\/sup><\/p>\n<\/div><\/div><\/div><\/div><\/div><div class=\"et_pb_section_3 et_pb_section et_section_regular et_block_section\"><div class=\"et_pb_row_4 et_pb_row et_block_row\"><div class=\"et_pb_column_6 et_pb_column et_pb_column_4_4 et-last-child et_block_column et_pb_css_mix_blend_mode_passthrough\"><div class=\"et_pb_text_2 et_pb_text et_pb_bg_layout_light et_pb_module et_block_module preset--module--divi-text--default\"><div class=\"et_pb_text_inner\"><ol>\n<li>PPE Specification Labeling Specification 156000-02 SILTEX BECKER EXPANDER \/ BREAST IMPLANTS PIDS, 2016.<\/li>\n<li>Siltex Becker Expander. DWG\u201020007\u2010AA. 2.2. CP Becker Assembly. Unfilled. DWG\u201020008\u2010 AA. 2.3. Finished Goods Specification. Siltex Round Becker 25 Expander \/ Breast Implant Cohesive I ( Becker 25 C I). 2017. 2.4. Finished Goods Specification Siltex Round Becker 50 Expander \/ Breast Implant Cohesive I (Becker 50 C I). 2017. 2.5. Finished Goods Specification Siltex Contour Profile Becker 35 Expander Breast Implant Cohesive II (Cp Becker 35 CII). 2017. 2.6. 156000\u201002 SILTEX BECKER EXPANDER \/ BREAST IMPLANTS PIDS. 2016.<\/li>\n<\/ol>\n<p>\u00a9Mentor Deutschland GmbH 2022, 211632-220502 DE<\/p>\n<\/div><\/div><\/div><\/div><\/div>\n","protected":false},"excerpt":{"rendered":"","protected":false},"author":1,"featured_media":0,"parent":2199,"menu_order":0,"comment_status":"closed","ping_status":"closed","template":"","meta":{"inline_featured_image":false,"footnotes":""},"class_list":["post-9843","page","type-page","status-publish","hentry"],"_links":{"self":[{"href":"https:\/\/www.breastimplantsbymentor.ch\/fr\/wp-json\/wp\/v2\/pages\/9843","targetHints":{"allow":["GET"]}}],"collection":[{"href":"https:\/\/www.breastimplantsbymentor.ch\/fr\/wp-json\/wp\/v2\/pages"}],"about":[{"href":"https:\/\/www.breastimplantsbymentor.ch\/fr\/wp-json\/wp\/v2\/types\/page"}],"author":[{"embeddable":true,"href":"https:\/\/www.breastimplantsbymentor.ch\/fr\/wp-json\/wp\/v2\/users\/1"}],"replies":[{"embeddable":true,"href":"https:\/\/www.breastimplantsbymentor.ch\/fr\/wp-json\/wp\/v2\/comments?post=9843"}],"version-history":[{"count":8,"href":"https:\/\/www.breastimplantsbymentor.ch\/fr\/wp-json\/wp\/v2\/pages\/9843\/revisions"}],"predecessor-version":[{"id":9888,"href":"https:\/\/www.breastimplantsbymentor.ch\/fr\/wp-json\/wp\/v2\/pages\/9843\/revisions\/9888"}],"up":[{"embeddable":true,"href":"https:\/\/www.breastimplantsbymentor.ch\/fr\/wp-json\/wp\/v2\/pages\/2199"}],"wp:attachment":[{"href":"https:\/\/www.breastimplantsbymentor.ch\/fr\/wp-json\/wp\/v2\/media?parent=9843"}],"curies":[{"name":"wp","href":"https:\/\/api.w.org\/{rel}","templated":true}]}}